{"id":30174,"date":"2026-04-10T14:23:42","date_gmt":"2026-04-10T14:23:42","guid":{"rendered":"https:\/\/tekjob.fr\/?page_id=30174"},"modified":"2026-05-08T15:08:23","modified_gmt":"2026-05-08T15:08:23","slug":"nos-solutions","status":"publish","type":"page","link":"https:\/\/tekjob.fr\/fr_fr\/nos-solutions\/","title":{"rendered":"Nos Solutions"},"content":{"rendered":"\n\n\n\n\n<div class=\"wp-block-columns is-layout-flex wp-container-core-columns-is-layout-28f84493 wp-block-columns-is-layout-flex\">\n<div class=\"wp-block-column is-layout-flow wp-block-column-is-layout-flow\">\n<p class=\"has-pale-ocean-gradient-background has-background\"><strong>SUPPLIER EVALUATION<\/strong> (panel et\/ou sourcing)\u00a0 :<br><em>Evaluation de la robustesse du syst\u00e8me d\u2019assurance qualit\u00e9 d\u2019un site fournisseur en termes de process et r\u00e9sultat<\/em><br><em><strong>Site fournisseur nouveau pour LE CLIENT ou site non \u00e9valu\u00e9 depuis plus de 3 ans<\/strong><\/em><\/p>\n\n\n\n<div class=\"wp-block-buttons is-layout-flex wp-block-buttons-is-layout-flex\">\n<div class=\"wp-block-button\"><a class=\"wp-block-button__link wp-element-button\" href=\"https:\/\/form.jotform.com\/220845801227351\"><strong>CONTACT US<\/strong><\/a><\/div>\n<\/div>\n<\/div>\n\n\n\n<div class=\"wp-block-column is-layout-flow wp-block-column-is-layout-flow\">\n<p class=\"has-pale-ocean-gradient-background has-background\"><strong>EVALUATION D\u00c9VELOPPEMENT DURABLE<\/strong> (d\u00e9veloppement durable)<br><em>Evaluation de la prise en compte des facteurs li\u00e9s au d\u00e9veloppement durable conform\u00e9ment \u00e0 la charte<\/em> du Client<br><strong><em>Site fournisseur nouveau pour <\/em>Client<\/strong><\/p>\n\n\n\n<div class=\"wp-block-buttons is-layout-flex wp-block-buttons-is-layout-flex\">\n<div class=\"wp-block-button\"><a class=\"wp-block-button__link wp-element-button\"><strong>CONTACT US<\/strong><\/a><\/div>\n<\/div>\n<\/div>\n\n\n\n<div class=\"wp-block-column is-layout-flow wp-block-column-is-layout-flow\">\n<p class=\"has-pale-ocean-gradient-background has-background\"><strong>EVALUATION LOGISTICS sourcing :<\/strong><br><em>Pr\u00e9-\u00e9valuation des comp\u00e9tences du fournisseurs pour industrialiser et construire un plan de surveillance sur une commodit\u00e9 pr\u00e9cise<\/em><br><em><strong>Nouvelle commodit\u00e9 \u00ab&nbsp;s\u00e9curitaire&nbsp;\u00bb et\/ou \u00e0 fort impact qualit\u00e9\/garantie<\/strong><\/em><\/p>\n\n\n\n<div class=\"wp-block-buttons is-layout-flex wp-block-buttons-is-layout-flex\">\n<div class=\"wp-block-button\"><a class=\"wp-block-button__link wp-element-button\"><strong>CONTACT US<\/strong><\/a><\/div>\n<\/div>\n<\/div>\n\n\n\n<div class=\"wp-block-column is-layout-flow wp-block-column-is-layout-flow\">\n<p class=\"has-pale-ocean-gradient-background has-background\"><strong>Audit Propret\u00e9 produit<\/strong><br>mesure la capacit\u00e9 d\u2019un fournisseur \u00e0 fabriquer des pi\u00e8ces conformes aux sp\u00e9cifications propret\u00e9. <em>Fournisseurs soumis aux exigences propret\u00e9 <strong>(mentionn\u00e9es dans le Cdc CLIENT)<\/strong><\/em><\/p>\n\n\n\n<div class=\"wp-block-buttons is-layout-flex wp-block-buttons-is-layout-flex\">\n<div class=\"wp-block-button\"><a class=\"wp-block-button__link wp-element-button\" href=\"https:\/\/form.jotform.com\/220845801227351\"><strong>CONTACT US<\/strong><\/a><\/div>\n<\/div>\n<\/div>\n<\/div>\n\n\n\n\n\n<div class=\"wp-block-columns is-layout-flex wp-container-core-columns-is-layout-28f84493 wp-block-columns-is-layout-flex\">\n<div class=\"wp-block-column is-layout-flow wp-block-column-is-layout-flow\">\n<p class=\"has-blush-light-purple-gradient-background has-background\"><strong>CNPMQ:<\/strong><br><em>Identifier les <strong>causes de non performance li\u00e9e au management de la qualit\u00e9<\/strong>&nbsp; et s\u2019assurer de l\u2019efficacit\u00e9 des plans d\u2019actions<\/em><br><em>Fournisseurs accumulant des incidents &nbsp;d\u2019origine management qualit\u00e9 <strong>(<\/strong><\/em><strong><em>compilation des 8D)<\/em><br><em>&nbsp;Fournisseurs \u00e0 fort volumes (&gt; 500 KU\/an)<\/em><\/strong><\/p>\n\n\n\n<div class=\"wp-block-buttons is-layout-flex wp-block-buttons-is-layout-flex\">\n<div class=\"wp-block-button\"><a class=\"wp-block-button__link wp-element-button\" href=\"https:\/\/form.jotform.com\/220845801227351\"><strong>CONTACT US<\/strong><\/a><\/div>\n<\/div>\n<\/div>\n\n\n\n<div class=\"wp-block-column is-layout-flow wp-block-column-is-layout-flow\">\n<p class=\"has-blush-light-purple-gradient-background has-background\"><strong>EPVS<\/strong> :<br><em><strong>Evaluer en s\u00e9rie&nbsp; l\u2019efficacit\u00e9 process<\/strong> de fabrication et de contr\u00f4le<\/em><br><em>Fournisseurs accumulant des incidents d\u2019origine \u00ab&nbsp;process&nbsp;\u00bb (<strong>compilation des 8D)<\/strong><\/em><\/p>\n\n\n\n<div class=\"wp-block-buttons is-layout-flex wp-block-buttons-is-layout-flex\">\n<div class=\"wp-block-button\"><a class=\"wp-block-button__link wp-element-button\"><strong>CONTACT US<\/strong><\/a><\/div>\n<\/div>\n<\/div>\n\n\n\n<div class=\"wp-block-column is-layout-flow wp-block-column-is-layout-flow\">\n<p class=\"has-blush-light-purple-gradient-background has-background\"><strong>Supply-Up<\/strong> :<br>\u00a0<em>v\u00e9rifier que le management par le fournisseur de ses fournisseurs n-1 est compatible avec nos exigences qualit\u00e9<\/em><br><em>Fournisseurs accumulant des <strong>incidents dus \u00e0 la supply-chain<\/strong><\/em><\/p>\n\n\n\n<div class=\"wp-block-buttons is-layout-flex wp-block-buttons-is-layout-flex\">\n<div class=\"wp-block-button\"><a class=\"wp-block-button__link wp-element-button\" href=\"https:\/\/form.jotform.com\/220845801227351\"><strong>CONTACT US<\/strong><\/a><\/div>\n<\/div>\n<\/div>\n\n\n\n<div class=\"wp-block-column is-layout-flow wp-block-column-is-layout-flow\">\n<p class=\"has-blush-light-purple-gradient-background has-background\"><strong>SFP (Supplier Focus Program)<\/strong> :<br><em>d\u00e9terminer les causes racines organisationnelles et traiter, avec le fournisseur les 2\/3 causes principales en proposant des plans d\u2019actions<\/em><br><em><strong>Fournisseurs accumulant des incidents d\u2019origine organisationnelle <\/strong>(<strong>d\u00e9tect\u00e9s en CNPMQ et\/ou EPVS)<\/strong><\/em><\/p>\n\n\n\n<div class=\"wp-block-buttons is-layout-flex wp-block-buttons-is-layout-flex\">\n<div class=\"wp-block-button\"><a class=\"wp-block-button__link wp-element-button\" href=\"https:\/\/form.jotform.com\/220845801227351\"><strong>CONTACT US<\/strong><\/a><\/div>\n<\/div>\n<\/div>\n<\/div>\n\n\n\n\n\n<div class=\"wp-block-columns is-layout-flex wp-container-core-columns-is-layout-28f84493 wp-block-columns-is-layout-flex\">\n<div class=\"wp-block-column is-layout-flow wp-block-column-is-layout-flow\">\n<p class=\"has-cool-to-warm-spectrum-gradient-background has-background\"><strong>Audit Firewall<\/strong><br><em>V\u00e9rifier l\u2019efficacit\u00e9 du Firewall \u00e0 prot\u00e9ger le client et \u00e0 traiter le d\u00e9faut<\/em><br><em>Pour les incidents rouge <strong>dans LA QUALITE ENTRANTE et si pr\u00e9sence d\u2019un Firewall<\/strong><\/em><\/p>\n\n\n\n<div class=\"wp-block-buttons is-layout-flex wp-block-buttons-is-layout-flex\">\n<div class=\"wp-block-button\"><a class=\"wp-block-button__link wp-element-button\" href=\"https:\/\/form.jotform.com\/220845801227351\"><strong>CONTACT US<\/strong><\/a><\/div>\n<\/div>\n<\/div>\n\n\n\n<div class=\"wp-block-column is-layout-flow wp-block-column-is-layout-flow\">\n<p class=\"has-cool-to-warm-spectrum-gradient-background has-background\">&nbsp;<strong>Audit Poka-Yoke<\/strong><br><em>V\u00e9rifier la pertinence et le bon fonctionnement&nbsp; du Poka-Yoke mis en place en fonction du besoin initial<\/em><br><em>Pour les incidents rouge <strong>dans <em><strong>LA QUALITE ENTRANTE<\/strong><\/em> et si pr\u00e9sence d\u2019un Poka-Yoke<\/strong><\/em><\/p>\n\n\n\n<div class=\"wp-block-buttons is-layout-flex wp-block-buttons-is-layout-flex\">\n<div class=\"wp-block-button\"><a class=\"wp-block-button__link wp-element-button\" href=\"https:\/\/form.jotform.com\/220845801227351\"><strong>CONTACT US<\/strong><\/a><\/div>\n<\/div>\n<\/div>\n\n\n\n<div class=\"wp-block-column is-layout-flow wp-block-column-is-layout-flow\">\n<p class=\"has-cool-to-warm-spectrum-gradient-background has-background\"><strong>Cotation 8D<\/strong><br><em>Evaluer la qualit\u00e9&nbsp; des r\u00e9ponses apport\u00e9es au 8D par le fournisseur<\/em><br><em><strong>Au moins incidents c\u00f4t\u00e9s rouge\/orange&nbsp;dans <em><strong>LA QUALITE ENTRANTE<\/strong><\/em><\/strong><\/em><br>&nbsp;<\/p>\n\n\n\n<div class=\"wp-block-buttons is-layout-flex wp-block-buttons-is-layout-flex\">\n<div class=\"wp-block-button\"><a class=\"wp-block-button__link wp-element-button\" href=\"https:\/\/form.jotform.com\/220845801227351\"><strong>CONTACT US<\/strong><\/a><\/div>\n<\/div>\n<\/div>\n\n\n\n<div class=\"wp-block-column is-layout-flow wp-block-column-is-layout-flow\">\n<p class=\"has-cool-to-warm-spectrum-gradient-background has-background\"><strong>Audit 8D (*)<\/strong><br><em>Mesurer l\u2019efficacit\u00e9 et la capitalisation de la r\u00e9solution de l\u2019incident<\/em><br><em><strong>Incidents c\u00f4t\u00e9s rouge ou orange dans <em><strong>LA QUALITE ENTRANTE<\/strong><\/em><\/strong><\/em><\/p>\n\n\n\n<div class=\"wp-block-buttons is-layout-flex wp-block-buttons-is-layout-flex\">\n<div class=\"wp-block-button\"><a class=\"wp-block-button__link wp-element-button\" href=\"https:\/\/form.jotform.com\/220845801227351\"><strong>CONTACT US<\/strong><\/a><\/div>\n<\/div>\n<\/div>\n<\/div>\n\n\n","protected":false},"excerpt":{"rendered":"<p>SUPPLIER EVALUATION (panel et\/ou sourcing)\u00a0 :Evaluation de la robustesse du syst\u00e8me d\u2019assurance qualit\u00e9 d\u2019un site fournisseur en termes de process [&hellip;]<\/p>\n","protected":false},"author":1,"featured_media":0,"parent":0,"menu_order":0,"comment_status":"closed","ping_status":"closed","template":"","meta":{"saved_in_kubio":true,"_regular_price":[],"currency_symbol":[],"_monsterinsights_skip_tracking":false,"_monsterinsights_sitenote_active":false,"_monsterinsights_sitenote_note":"","_monsterinsights_sitenote_category":0,"_uf_show_specific_survey":0,"_uf_disable_surveys":false,"_themeisle_gutenberg_block_has_review":false,"footnotes":""},"class_list":["post-30174","page","type-page","status-publish","hentry"],"post_slider_layout_featured_media_urls":{"thumbnail":"","post_slider_layout_landscape_large":"","post_slider_layout_portrait_large":"","post_slider_layout_square_large":"","post_slider_layout_landscape":"","post_slider_layout_portrait":"","post_slider_layout_square":"","full":""},"kubio_ai_page_context":{"short_desc":"","purpose":"general"},"jetpack_sharing_enabled":true,"_links":{"self":[{"href":"https:\/\/tekjob.fr\/fr_fr\/wp-json\/wp\/v2\/pages\/30174","targetHints":{"allow":["GET"]}}],"collection":[{"href":"https:\/\/tekjob.fr\/fr_fr\/wp-json\/wp\/v2\/pages"}],"about":[{"href":"https:\/\/tekjob.fr\/fr_fr\/wp-json\/wp\/v2\/types\/page"}],"author":[{"embeddable":true,"href":"https:\/\/tekjob.fr\/fr_fr\/wp-json\/wp\/v2\/users\/1"}],"replies":[{"embeddable":true,"href":"https:\/\/tekjob.fr\/fr_fr\/wp-json\/wp\/v2\/comments?post=30174"}],"version-history":[{"count":48,"href":"https:\/\/tekjob.fr\/fr_fr\/wp-json\/wp\/v2\/pages\/30174\/revisions"}],"predecessor-version":[{"id":30465,"href":"https:\/\/tekjob.fr\/fr_fr\/wp-json\/wp\/v2\/pages\/30174\/revisions\/30465"}],"wp:attachment":[{"href":"https:\/\/tekjob.fr\/fr_fr\/wp-json\/wp\/v2\/media?parent=30174"}],"curies":[{"name":"wp","href":"https:\/\/api.w.org\/{rel}","templated":true}]}}