{"id":29510,"date":"2026-03-09T19:24:14","date_gmt":"2026-03-09T19:24:14","guid":{"rendered":"https:\/\/tekjob.fr\/?page_id=29510"},"modified":"2026-03-10T11:03:59","modified_gmt":"2026-03-10T11:03:59","slug":"service-candidats","status":"publish","type":"page","link":"https:\/\/tekjob.fr\/fr_fr\/service-candidats\/","title":{"rendered":"Service candidats"},"content":{"rendered":"\n<p><\/p>\n\n\n\n<div id=\"wp-block-themeisle-blocks-button-group-2b85fc47\" class=\"wp-block-themeisle-blocks-button-group wp-block-buttons\">\n<div id=\"wp-block-themeisle-blocks-button-de620306\" class=\"wp-block-themeisle-blocks-button wp-block-button\"><a href=\"https:\/\/form.jotform.com\/220833253480350\" target=\"_self\" rel=\"noopener noreferrer\" class=\"wp-block-button__link\"><span><strong>NOUS ENVOYER VOTRE CV<\/strong><\/span><\/a><\/div>\n<\/div>\n\n\n\n<p><\/p>\n\n\n\n<h4 class=\"wp-block-heading\">Pour fournir au client la prestation qu\u2019il attend, avec une qualit\u00e9 optimale, \u00e0 un prix comp\u00e9titif, au moment voulu et selon les modalit\u00e9s qui lui conviennent, il faut des&nbsp;<strong>femmes et<\/strong> <strong>hommes<\/strong>, nos meilleurs talents.&nbsp;<\/h4>\n\n\n\n<p><strong>Le personnel de TEKJOB<\/strong> est la principale richesse de l\u2019entreprise et la seule ressource apte \u00e0 ma\u00eetriser les processus, \u00e0 identifier et r\u00e9duire ce qui n\u2019est pas juste n\u00e9cessaire. C\u2019est pourquoi il faut impliquer, responsabiliser, valoriser les <strong>femmes et hommes de TEKJOB<\/strong>, favoriser l\u2019initiative et la cr\u00e9ativit\u00e9 pour les amener \u00e0 r\u00e9soudre les probl\u00e8mes au sein de votre entreprise.&nbsp;<\/p>\n\n\n\n<p><\/p>\n\n\n\n<h4 class=\"wp-block-heading\"><strong>L\u2019efficacit\u00e9 des Tekjobers <\/strong>se fonde sur la concertation et le travail en \u00e9quipe, facteur de stimulation mais aussi de qualit\u00e9, de productivit\u00e9 et de s\u00e9curit\u00e9.<\/h4>\n\n\n\n<section id=\"wp-block-themeisle-blocks-advanced-columns-dab9e0bf\" class=\"wp-block-themeisle-blocks-advanced-columns alignfull has-1-columns has-desktop-equal-layout has-tablet-equal-layout has-mobile-equal-layout has-vertical-flex-start\"><div class=\"wp-block-themeisle-blocks-advanced-columns-overlay\"><\/div><div class=\"innerblocks-wrap\">\n<div id=\"wp-block-themeisle-blocks-advanced-column-9df22226\" class=\"wp-block-themeisle-blocks-advanced-column\">\n<section id=\"wp-block-themeisle-blocks-advanced-columns-25c95699\" class=\"wp-block-themeisle-blocks-advanced-columns has-1-columns has-desktop-equal-layout has-tablet-equal-layout has-mobile-collapsedRows-layout has-vertical-flex-start\"><div class=\"wp-block-themeisle-blocks-advanced-columns-overlay\"><\/div><div class=\"innerblocks-wrap\">\n<div id=\"wp-block-themeisle-blocks-advanced-column-d4d9a4f8\" class=\"wp-block-themeisle-blocks-advanced-column\">\n<h2 class=\"wp-block-heading has-text-align-center has-kubio-color-3-background-color has-text-color has-background has-link-color has-x-large-font-size wp-elements-b4f7b1827d30edf972d81e1a93e772c8\" style=\"color:#3f3d3d\"><strong>Performance Emploi<\/strong><\/h2>\n<\/div>\n<\/div><\/section>\n\n\n\n<section id=\"wp-block-themeisle-blocks-advanced-columns-b56443a0\" class=\"wp-block-themeisle-blocks-advanced-columns has-3-columns has-desktop-equal-layout has-tablet-equal-layout has-mobile-collapsedRows-layout has-vertical-flex-start\"><div class=\"wp-block-themeisle-blocks-advanced-columns-overlay\"><\/div><div class=\"innerblocks-wrap\">\n<div id=\"wp-block-themeisle-blocks-advanced-column-8b257f59\" class=\"wp-block-themeisle-blocks-advanced-column has-light-bg\">\n<h3 id=\"wp-block-themeisle-blocks-advanced-heading-6dc90e07\" class=\"wp-block-themeisle-blocks-advanced-heading wp-block-themeisle-blocks-advanced-heading-6dc90e07\">Coaching CV<\/h3>\n\n\n\n<h1 class=\"wp-block-heading has-text-align-center has-kubio-color-2-color has-text-color has-link-color wp-elements-7d01ee0be975f1e0e25d5a0a7df873e2\"><strong>\u20ac200<\/strong><\/h1>\n\n\n\n<p id=\"wp-block-themeisle-blocks-advanced-heading-cf3bf296\" class=\"wp-block-themeisle-blocks-advanced-heading wp-block-themeisle-blocks-advanced-heading-cf3bf296\"><strong>Dur\u00e9 du coaching CV de 30 jours<\/strong><\/p>\n\n\n\n<hr class=\"wp-block-separator has-text-color has-nv-site-bg-color has-css-opacity has-nv-site-bg-background-color has-background\"\/>\n\n\n\n<div id=\"wp-block-themeisle-blocks-icon-list-20efc1f0\" class=\"wp-block-themeisle-blocks-icon-list\">\n<div id=\"wp-block-themeisle-blocks-icon-list-item-b4151cc1\" class=\"wp-block-themeisle-blocks-icon-list-item\"><i class=\"fas fa-check wp-block-themeisle-blocks-icon-list-item-icon\"><\/i><p class=\"wp-block-themeisle-blocks-icon-list-item-content-custom\"><strong>Optimiser le CV<\/strong>, suite \u00e0 une \u00e9valuation des comp\u00e9tences<\/p><\/div>\n\n\n\n<div id=\"wp-block-themeisle-blocks-icon-list-item-dcd1420b\" class=\"wp-block-themeisle-blocks-icon-list-item\"><i class=\"fas fa-check wp-block-themeisle-blocks-icon-list-item-icon\"><\/i><p class=\"wp-block-themeisle-blocks-icon-list-item-content-custom\"><strong>Simulations personnalis\u00e9es :<\/strong> Entra\u00eenez-vous dans un cadre r\u00e9aliste adapt\u00e9 \u00e0 votre profil et au poste vis\u00e9.<\/p><\/div>\n\n\n\n<div id=\"wp-block-themeisle-blocks-icon-list-item-1037a19a\" class=\"wp-block-themeisle-blocks-icon-list-item\"><i class=\"fas fa-check wp-block-themeisle-blocks-icon-list-item-icon\"><\/i><p class=\"wp-block-themeisle-blocks-icon-list-item-content-custom\"><strong>Feedback expert :<\/strong>\u00a0Recevez des conseils constructifs d&rsquo;un professionnel pour mettre en avant vos atouts.<\/p><\/div>\n\n\n\n<div id=\"wp-block-themeisle-blocks-icon-list-item-0770bb75\" class=\"wp-block-themeisle-blocks-icon-list-item\"><i class=\"fas fa-check wp-block-themeisle-blocks-icon-list-item-icon\"><\/i><p class=\"wp-block-themeisle-blocks-icon-list-item-content-custom\"><strong>Plan d&rsquo;action concret :<\/strong>\u00a0Repartez avec des recommandations claires pour optimiser vos chances de succ\u00e8s.<\/p><\/div>\n<\/div>\n\n\n\n<div id=\"wp-block-themeisle-blocks-button-group-697abab6\" class=\"wp-block-themeisle-blocks-button-group wp-block-buttons\">\n<div id=\"wp-block-themeisle-blocks-button-f9a867ec\" class=\"wp-block-themeisle-blocks-button wp-block-button\"><a href=\"https:\/\/form.jotform.com\/220845801227351\" target=\"_self\" rel=\"noopener noreferrer\" class=\"wp-block-button__link\"><span>Conractez nous<\/span><\/a><\/div>\n<\/div>\n<\/div>\n\n\n\n<div id=\"wp-block-themeisle-blocks-advanced-column-f8505509\" class=\"wp-block-themeisle-blocks-advanced-column has-light-bg\">\n<h3 id=\"wp-block-themeisle-blocks-advanced-heading-79a27878\" class=\"wp-block-themeisle-blocks-advanced-heading wp-block-themeisle-blocks-advanced-heading-79a27878\">Coaching stage<\/h3>\n\n\n\n<h1 class=\"wp-block-heading has-text-align-center has-kubio-color-2-color has-text-color has-link-color wp-elements-06f22610be7446aaeb0801d14cd3022f\"><strong>\u20ac500<\/strong><\/h1>\n\n\n\n<p id=\"wp-block-themeisle-blocks-advanced-heading-30dd530d\" class=\"wp-block-themeisle-blocks-advanced-heading wp-block-themeisle-blocks-advanced-heading-30dd530d\"><strong>Dur\u00e9e du caoching stage de 60 jours<\/strong><\/p>\n\n\n\n<hr class=\"wp-block-separator has-text-color has-nv-site-bg-color has-css-opacity has-nv-site-bg-background-color has-background\"\/>\n\n\n\n<div id=\"wp-block-themeisle-blocks-icon-list-a782a356\" class=\"wp-block-themeisle-blocks-icon-list\">\n<div id=\"wp-block-themeisle-blocks-icon-list-item-d5601ac9\" class=\"wp-block-themeisle-blocks-icon-list-item\"><i class=\"fas fa-check wp-block-themeisle-blocks-icon-list-item-icon\"><\/i><p class=\"wp-block-themeisle-blocks-icon-list-item-content-custom\"><strong>Optimiser le CV,<\/strong> suite \u00e0 une \u00e9valuation des comp\u00e9tences<\/p><\/div>\n\n\n\n<div id=\"wp-block-themeisle-blocks-icon-list-item-7618bfdd\" class=\"wp-block-themeisle-blocks-icon-list-item\"><i class=\"fas fa-check wp-block-themeisle-blocks-icon-list-item-icon\"><\/i><p class=\"wp-block-themeisle-blocks-icon-list-item-content\"><strong>Evaluer les stages<\/strong> cibles <\/p><\/div>\n\n\n\n<div id=\"wp-block-themeisle-blocks-icon-list-item-727134c8\" class=\"wp-block-themeisle-blocks-icon-list-item\"><i class=\"fas fa-check wp-block-themeisle-blocks-icon-list-item-icon\"><\/i><p class=\"wp-block-themeisle-blocks-icon-list-item-content\"><strong>Acc\u00e9der \u00e0 des informations <\/strong>pertinentes pour atteindre vos objectifs professionnels.<\/p><\/div>\n\n\n\n<div id=\"wp-block-themeisle-blocks-icon-list-item-c3ead551\" class=\"wp-block-themeisle-blocks-icon-list-item\"><i class=\"fas fa-check wp-block-themeisle-blocks-icon-list-item-icon\"><\/i><p class=\"wp-block-themeisle-blocks-icon-list-item-content\"><strong>D\u00e9couvrir le \u00ab march\u00e9 cach\u00e9 \u00bb<\/strong> et \u00e9largir vos opportunit\u00e9s.<\/p><\/div>\n\n\n\n<div id=\"wp-block-themeisle-blocks-icon-list-item-206c0361\" class=\"wp-block-themeisle-blocks-icon-list-item\"><i class=\"fas fa-check wp-block-themeisle-blocks-icon-list-item-icon\"><\/i><p class=\"wp-block-themeisle-blocks-icon-list-item-content-custom\"><strong>Se faire recommander<\/strong> et acc\u00e9l\u00e9rer votre recherche d&#8217;emploi.<\/p><\/div>\n<\/div>\n\n\n\n<div id=\"wp-block-themeisle-blocks-button-group-c09a6a21\" class=\"wp-block-themeisle-blocks-button-group wp-block-buttons\">\n<div id=\"wp-block-themeisle-blocks-button-122d4ad3\" class=\"wp-block-themeisle-blocks-button wp-block-button\"><a href=\"https:\/\/form.jotform.com\/220845801227351\" target=\"_self\" rel=\"noopener noreferrer\" class=\"wp-block-button__link\"><span>Contactez nous<\/span><\/a><\/div>\n<\/div>\n<\/div>\n\n\n\n<div id=\"wp-block-themeisle-blocks-advanced-column-43c95925\" class=\"wp-block-themeisle-blocks-advanced-column has-light-bg\">\n<h3 id=\"wp-block-themeisle-blocks-advanced-heading-e70d960d\" class=\"wp-block-themeisle-blocks-advanced-heading wp-block-themeisle-blocks-advanced-heading-e70d960d\">Ojectif emploi<\/h3>\n\n\n\n<h1 class=\"wp-block-heading has-text-align-center has-kubio-color-2-color has-text-color has-link-color wp-elements-4cd36c24a966874d70580f5bb7d148c5\"><strong>\u20ac800<\/strong><\/h1>\n\n\n\n<p id=\"wp-block-themeisle-blocks-advanced-heading-0d2bbf17\" class=\"wp-block-themeisle-blocks-advanced-heading wp-block-themeisle-blocks-advanced-heading-0d2bbf17\"><strong>Coaching de 2 \u00e0 4 mois pour touver un travail ou une formation.<\/strong><\/p>\n\n\n\n<hr class=\"wp-block-separator has-text-color has-nv-site-bg-color has-css-opacity has-nv-site-bg-background-color has-background\"\/>\n\n\n\n<div id=\"wp-block-themeisle-blocks-icon-list-2da335bc\" class=\"wp-block-themeisle-blocks-icon-list\">\n<div id=\"wp-block-themeisle-blocks-icon-list-item-b8e72ac6\" class=\"wp-block-themeisle-blocks-icon-list-item\"><i class=\"fas fa-check wp-block-themeisle-blocks-icon-list-item-icon\"><\/i><p class=\"wp-block-themeisle-blocks-icon-list-item-content-custom\"><strong>Optimiser le CV,<\/strong> suite \u00e0 une \u00e9valuation des comp\u00e9tences<\/p><\/div>\n\n\n\n<div id=\"wp-block-themeisle-blocks-icon-list-item-c971e254\" class=\"wp-block-themeisle-blocks-icon-list-item\"><i class=\"fas fa-check wp-block-themeisle-blocks-icon-list-item-icon\"><\/i><p class=\"wp-block-themeisle-blocks-icon-list-item-content-custom\"><strong>Reprenez confiance<\/strong> en vos comp\u00e9tences et en votre projet professionnel.<\/p><\/div>\n\n\n\n<div id=\"wp-block-themeisle-blocks-icon-list-item-fa312657\" class=\"wp-block-themeisle-blocks-icon-list-item\"><i class=\"fas fa-check wp-block-themeisle-blocks-icon-list-item-icon\"><\/i><p class=\"wp-block-themeisle-blocks-icon-list-item-content-custom\"><strong>R\u00e9ajustez\u00a0votre strat\u00e9gi<\/strong>e en fonction du march\u00e9 de l\u2019emploi actuel.<\/p><\/div>\n\n\n\n<div id=\"wp-block-themeisle-blocks-icon-list-item-525f671a\" class=\"wp-block-themeisle-blocks-icon-list-item\"><i class=\"fas fa-check wp-block-themeisle-blocks-icon-list-item-icon\"><\/i><p class=\"wp-block-themeisle-blocks-icon-list-item-content-custom\"><strong>Concevez un argumentaire clair<\/strong> et convaincant pour vos entretiens.<\/p><\/div>\n\n\n\n<div id=\"wp-block-themeisle-blocks-icon-list-item-9088d0f3\" class=\"wp-block-themeisle-blocks-icon-list-item\"><i class=\"fas fa-check wp-block-themeisle-blocks-icon-list-item-icon\"><\/i><p class=\"wp-block-themeisle-blocks-icon-list-item-content\"><strong>Pr\u00e9paration efficace <\/strong>des entretins d&#8217;embauche<\/p><\/div>\n<\/div>\n\n\n\n<div id=\"wp-block-themeisle-blocks-button-group-667581b3\" class=\"wp-block-themeisle-blocks-button-group wp-block-buttons\">\n<div id=\"wp-block-themeisle-blocks-button-a3b88ab3\" class=\"wp-block-themeisle-blocks-button wp-block-button\"><a href=\"https:\/\/form.jotform.com\/220845801227351\" target=\"_self\" rel=\"noopener noreferrer\" class=\"wp-block-button__link\"><span>Contacter nous<\/span><\/a><\/div>\n<\/div>\n<\/div>\n<\/div><\/section>\n<\/div>\n<\/div><\/section>\n\n\n\n<div id=\"wp-block-themeisle-blocks-button-group-b21c5c69\" class=\"wp-block-themeisle-blocks-button-group wp-block-buttons\">\n<div id=\"wp-block-themeisle-blocks-button-d708342c\" class=\"wp-block-themeisle-blocks-button wp-block-button\"><a href=\"https:\/\/form.jotform.com\/220833253480350\" target=\"_self\" rel=\"noopener noreferrer\" class=\"wp-block-button__link\"><span><strong>NOUS ENVOYER VOTRE CV<\/strong><\/span><\/a><\/div>\n<\/div>\n","protected":false},"excerpt":{"rendered":"<p>Pour fournir au client la prestation qu\u2019il attend, avec une qualit\u00e9 optimale, \u00e0 un prix comp\u00e9titif, au moment voulu et [&hellip;]<\/p>\n","protected":false},"author":1,"featured_media":0,"parent":0,"menu_order":0,"comment_status":"closed","ping_status":"closed","template":"","meta":{"saved_in_kubio":true,"_regular_price":[],"currency_symbol":[],"_monsterinsights_skip_tracking":false,"_monsterinsights_sitenote_active":false,"_monsterinsights_sitenote_note":"","_monsterinsights_sitenote_category":0,"_uf_show_specific_survey":0,"_uf_disable_surveys":false,"_themeisle_gutenberg_block_has_review":false,"footnotes":""},"class_list":["post-29510","page","type-page","status-publish","hentry"],"post_slider_layout_featured_media_urls":{"thumbnail":"","post_slider_layout_landscape_large":"","post_slider_layout_portrait_large":"","post_slider_layout_square_large":"","post_slider_layout_landscape":"","post_slider_layout_portrait":"","post_slider_layout_square":"","full":""},"kubio_ai_page_context":{"short_desc":"","purpose":"general"},"jetpack_sharing_enabled":true,"_links":{"self":[{"href":"https:\/\/tekjob.fr\/fr_fr\/wp-json\/wp\/v2\/pages\/29510","targetHints":{"allow":["GET"]}}],"collection":[{"href":"https:\/\/tekjob.fr\/fr_fr\/wp-json\/wp\/v2\/pages"}],"about":[{"href":"https:\/\/tekjob.fr\/fr_fr\/wp-json\/wp\/v2\/types\/page"}],"author":[{"embeddable":true,"href":"https:\/\/tekjob.fr\/fr_fr\/wp-json\/wp\/v2\/users\/1"}],"replies":[{"embeddable":true,"href":"https:\/\/tekjob.fr\/fr_fr\/wp-json\/wp\/v2\/comments?post=29510"}],"version-history":[{"count":27,"href":"https:\/\/tekjob.fr\/fr_fr\/wp-json\/wp\/v2\/pages\/29510\/revisions"}],"predecessor-version":[{"id":29625,"href":"https:\/\/tekjob.fr\/fr_fr\/wp-json\/wp\/v2\/pages\/29510\/revisions\/29625"}],"wp:attachment":[{"href":"https:\/\/tekjob.fr\/fr_fr\/wp-json\/wp\/v2\/media?parent=29510"}],"curies":[{"name":"wp","href":"https:\/\/api.w.org\/{rel}","templated":true}]}}