{"id":27997,"date":"2026-02-07T23:31:43","date_gmt":"2026-02-07T23:31:43","guid":{"rendered":"https:\/\/tekjob.fr\/?page_id=27997"},"modified":"2026-02-22T13:03:15","modified_gmt":"2026-02-22T13:03:15","slug":"systemes-dinformation","status":"publish","type":"page","link":"https:\/\/tekjob.fr\/fr_fr\/systemes-dinformation\/","title":{"rendered":"Syst\u00e8mes d\u2019information"},"content":{"rendered":"\n<p><\/p>\n\n\n\n<div class=\"wp-block-group alignfull is-content-justification-center\" style=\"margin-top:0;margin-bottom:0;padding-top:calc( 0.5 * var(--wp--style--root--padding-right, var(--wp--custom--gap--horizontal)));padding-right:var(--wp--style--root--padding-right, var(--wp--custom--gap--horizontal));padding-bottom:calc( 0.5 * var(--wp--style--root--padding-right, var(--wp--custom--gap--horizontal)));padding-left:var(--wp--style--root--padding-left, var(--wp--custom--gap--horizontal))\"><div class=\"wp-block-group__inner-container is-layout-constrained wp-container-core-group-is-layout-df757ecc wp-block-group-is-layout-constrained\">\n<div style=\"height:calc( 0.25 * var(--wp--style--root--padding-right, var(--wp--custom--gap--horizontal)))\" aria-hidden=\"true\" class=\"wp-block-spacer\"><\/div>\n\n\n\n<div class=\"wp-block-columns alignwide are-vertically-aligned-center is-layout-flex wp-container-core-columns-is-layout-7fc3d43a wp-block-columns-is-layout-flex\">\n<div class=\"wp-block-column is-vertically-aligned-center is-layout-flow wp-block-column-is-layout-flow\">\n<div id=\"wp-block-themeisle-blocks-slider-87b89d9d\" class=\"wp-block-themeisle-blocks-slider glide\" data-per-view=\"1\" data-gap=\"0\" data-peek=\"0\" data-autoplay=\"true\" data-height=\"400px\" data-hide-arrows=\"false\"><div class=\"glide__track\" data-glide-el=\"track\"><div class=\"glide__slides\"><div class=\"wp-block-themeisle-blocks-slider-item-wrapper glide__slide\" tabindex=\"0\"><figure><img data-opt-id=1471106846  fetchpriority=\"high\" decoding=\"async\" class=\"wp-block-themeisle-blocks-slider-item\" src=\"https:\/\/mlris4gadtgv.i.optimole.com\/cb:wDTm.403\/w:auto\/h:auto\/q:mauto\/f:best\/https:\/\/tekjob.fr\/wp-content\/uploads\/2026\/01\/Digital-2.webp\" alt=\"digital 2\" title=\"digital 2\" data-id=\"27871\"\/><\/figure><\/div><div class=\"wp-block-themeisle-blocks-slider-item-wrapper glide__slide\" tabindex=\"0\"><figure><img data-opt-id=2013798228  fetchpriority=\"high\" decoding=\"async\" class=\"wp-block-themeisle-blocks-slider-item\" src=\"https:\/\/mlris4gadtgv.i.optimole.com\/cb:wDTm.403\/w:auto\/h:auto\/q:mauto\/f:best\/https:\/\/tekjob.fr\/wp-content\/uploads\/2026\/02\/Cybersecurite2.jpeg\" alt=\"cybersecurit\u00e92\" title=\"cybersecurit\u00e92\" data-id=\"28141\"\/><\/figure><\/div><div class=\"wp-block-themeisle-blocks-slider-item-wrapper glide__slide\" tabindex=\"0\"><figure><img data-opt-id=1104690465  data-opt-src=\"https:\/\/mlris4gadtgv.i.optimole.com\/cb:wDTm.403\/w:auto\/h:auto\/q:mauto\/f:best\/https:\/\/tekjob.fr\/wp-content\/uploads\/2026\/01\/Digital.jpg\"  decoding=\"async\" class=\"wp-block-themeisle-blocks-slider-item\" src=\"data:image/svg+xml,%3Csvg%20viewBox%3D%220%200%20100%%20100%%22%20width%3D%22100%%22%20height%3D%22100%%22%20xmlns%3D%22http%3A%2F%2Fwww.w3.org%2F2000%2Fsvg%22%3E%3Crect%20width%3D%22100%%22%20height%3D%22100%%22%20fill%3D%22transparent%22%2F%3E%3C%2Fsvg%3E\" alt=\"digital\" title=\"digital\" data-id=\"27849\"\/><\/figure><\/div><\/div><div class=\"glide__bullets\" data-glide-el=\"controls[nav]\"><button class=\"glide__bullet\" data-glide-dir=\"=0\"><\/button><button class=\"glide__bullet\" data-glide-dir=\"=1\"><\/button><button class=\"glide__bullet\" data-glide-dir=\"=2\"><\/button><\/div><\/div><\/div>\n<\/div>\n\n\n\n<div class=\"wp-block-column is-vertically-aligned-center is-layout-flow wp-block-column-is-layout-flow\">\n<h2 class=\"wp-block-heading alignwide\"><strong>Syst\u00e8mes d\u2019information<\/strong><\/h2>\n\n\n\n<p><strong>TEKJOB accompagne le D\u00e9veloppement de <strong>Syst\u00e8mes d\u2019information<\/strong><\/strong>,<strong> syst\u00e8mes connect\u00e9s<\/strong>, nous acc\u00e9l\u00e9rons cette transformation vers plus de connectivit\u00e9, d\u2019efficacit\u00e9 et de sobri\u00e9t\u00e9 ! Nous mobilisons nos expertises au service de la s\u00fbret\u00e9, de la qualit\u00e9, de la performance et du respect des co\u00fbts et des d\u00e9lais.<\/p>\n\n\n\n<p>Conception de syst\u00e8me complet ou sous syst\u00e8me m\u00e9canique. <strong>Des <strong>Syst\u00e8mes d\u2019information<\/strong> au service de l&rsquo;innovation et de la performance.<\/strong> <\/p>\n\n\n\n<p><strong>Notre expertise<\/strong><\/p>\n\n\n\n<ol class=\"wp-block-list\">\n<li>Dans ce contexte, les solutions connect\u00e9es sont devenues indispensables dans une multitude de situations op\u00e9rationnelles. Elles permettent, entre autres.<\/li>\n\n\n\n<li>La surveillance en temps r\u00e9el des syst\u00e8mes critiques, garantissant ainsi un pilotage proactif et r\u00e9actif des risques.<\/li>\n\n\n\n<li>La supervision et le pilotage \u00e0 distance des \u00e9quipements, offrant une flexibilit\u00e9 accrue tout en r\u00e9duisant les co\u00fbts et les risques associ\u00e9s aux interventions physiques.<\/li>\n\n\n\n<li>L\u2019interop\u00e9rabilit\u00e9 entre objets connect\u00e9s, applications et le cloud permettant une gestion fluide et coh\u00e9rente de l\u2019ensemble des donn\u00e9es et processus, quel que soit le nombre ou la diversit\u00e9 des composants impliqu\u00e9s.<\/li>\n\n\n\n<li>La d\u00e9tection d\u2019anomalies et la remont\u00e9e d\u2019alertes intelligentes, pour anticiper les d\u00e9faillances et optimiser les prises de d\u00e9cision en temps r\u00e9el.<\/li>\n\n\n\n<li>Le traitement local des datas sensibles via l&rsquo;Edge Computing, afin de renforcer la s\u00e9curit\u00e9 et de r\u00e9duire la d\u00e9pendance aux centres de donn\u00e9es centralis\u00e9s.<\/li>\n<\/ol>\n\n\n\n<div class=\"wp-block-buttons is-layout-flex wp-block-buttons-is-layout-flex\">\n<div class=\"wp-block-button\"><a class=\"wp-block-button__link wp-element-button\">Nous rencontrer<\/a><\/div>\n<\/div>\n<\/div>\n<\/div>\n\n\n\n<div style=\"height:calc( 0.25 * var(--wp--style--root--padding-right, var(--wp--custom--gap--horizontal)))\" aria-hidden=\"true\" class=\"wp-block-spacer\"><\/div>\n<\/div><\/div>\n\n\n\n<p><\/p>\n\n\n","protected":false},"excerpt":{"rendered":"<p>Syst\u00e8mes d\u2019information TEKJOB accompagne le D\u00e9veloppement de Syst\u00e8mes d\u2019information, syst\u00e8mes connect\u00e9s, nous acc\u00e9l\u00e9rons cette transformation vers plus de connectivit\u00e9, d\u2019efficacit\u00e9 [&hellip;]<\/p>\n","protected":false},"author":1,"featured_media":0,"parent":0,"menu_order":0,"comment_status":"closed","ping_status":"closed","template":"","meta":{"saved_in_kubio":true,"_regular_price":[],"currency_symbol":[],"_monsterinsights_skip_tracking":false,"_monsterinsights_sitenote_active":false,"_monsterinsights_sitenote_note":"","_monsterinsights_sitenote_category":0,"_uf_show_specific_survey":0,"_uf_disable_surveys":false,"_themeisle_gutenberg_block_has_review":false,"footnotes":""},"class_list":["post-27997","page","type-page","status-publish","hentry"],"post_slider_layout_featured_media_urls":{"thumbnail":"","post_slider_layout_landscape_large":"","post_slider_layout_portrait_large":"","post_slider_layout_square_large":"","post_slider_layout_landscape":"","post_slider_layout_portrait":"","post_slider_layout_square":"","full":""},"kubio_ai_page_context":{"short_desc":"","purpose":"general"},"jetpack_sharing_enabled":true,"_links":{"self":[{"href":"https:\/\/tekjob.fr\/fr_fr\/wp-json\/wp\/v2\/pages\/27997","targetHints":{"allow":["GET"]}}],"collection":[{"href":"https:\/\/tekjob.fr\/fr_fr\/wp-json\/wp\/v2\/pages"}],"about":[{"href":"https:\/\/tekjob.fr\/fr_fr\/wp-json\/wp\/v2\/types\/page"}],"author":[{"embeddable":true,"href":"https:\/\/tekjob.fr\/fr_fr\/wp-json\/wp\/v2\/users\/1"}],"replies":[{"embeddable":true,"href":"https:\/\/tekjob.fr\/fr_fr\/wp-json\/wp\/v2\/comments?post=27997"}],"version-history":[{"count":9,"href":"https:\/\/tekjob.fr\/fr_fr\/wp-json\/wp\/v2\/pages\/27997\/revisions"}],"predecessor-version":[{"id":28684,"href":"https:\/\/tekjob.fr\/fr_fr\/wp-json\/wp\/v2\/pages\/27997\/revisions\/28684"}],"wp:attachment":[{"href":"https:\/\/tekjob.fr\/fr_fr\/wp-json\/wp\/v2\/media?parent=27997"}],"curies":[{"name":"wp","href":"https:\/\/api.w.org\/{rel}","templated":true}]}}