{"id":27988,"date":"2026-02-22T13:04:31","date_gmt":"2026-02-22T13:04:31","guid":{"rendered":"https:\/\/tekjob.fr\/?page_id=27988"},"modified":"2026-02-22T13:15:58","modified_gmt":"2026-02-22T13:15:58","slug":"telecommunications","status":"publish","type":"page","link":"https:\/\/tekjob.fr\/fr_fr\/telecommunications\/","title":{"rendered":"T\u00e9l\u00e9communications"},"content":{"rendered":"\n<p><\/p>\n\n\n\n<div class=\"wp-block-group alignfull is-content-justification-center\" style=\"margin-top:0;margin-bottom:0;padding-top:calc( 0.5 * var(--wp--style--root--padding-right, var(--wp--custom--gap--horizontal)));padding-right:var(--wp--style--root--padding-right, var(--wp--custom--gap--horizontal));padding-bottom:calc( 0.5 * var(--wp--style--root--padding-right, var(--wp--custom--gap--horizontal)));padding-left:var(--wp--style--root--padding-left, var(--wp--custom--gap--horizontal))\"><div class=\"wp-block-group__inner-container is-layout-constrained wp-container-core-group-is-layout-df757ecc wp-block-group-is-layout-constrained\">\n<div style=\"height:calc( 0.25 * var(--wp--style--root--padding-right, var(--wp--custom--gap--horizontal)))\" aria-hidden=\"true\" class=\"wp-block-spacer\"><\/div>\n\n\n\n<div class=\"wp-block-columns alignwide are-vertically-aligned-center is-layout-flex wp-container-core-columns-is-layout-7fc3d43a wp-block-columns-is-layout-flex\">\n<div class=\"wp-block-column is-vertically-aligned-center is-layout-flow wp-block-column-is-layout-flow\">\n<div id=\"wp-block-themeisle-blocks-slider-6ab8e672\" class=\"wp-block-themeisle-blocks-slider glide\" data-per-view=\"1\" data-gap=\"0\" data-peek=\"0\" data-autoplay=\"true\" data-height=\"400px\" data-hide-arrows=\"false\"><div class=\"glide__track\" data-glide-el=\"track\"><div class=\"glide__slides\"><div class=\"wp-block-themeisle-blocks-slider-item-wrapper glide__slide\" tabindex=\"0\"><figure><img data-opt-id=1770018074  fetchpriority=\"high\" decoding=\"async\" class=\"wp-block-themeisle-blocks-slider-item\" src=\"https:\/\/mlris4gadtgv.i.optimole.com\/cb:wDTm.403\/w:auto\/h:auto\/q:mauto\/f:best\/https:\/\/tekjob.fr\/wp-content\/uploads\/2026\/02\/Telecom.jpg\" alt=\"telecom\" title=\"telecom\" data-id=\"28161\"\/><\/figure><\/div><div class=\"wp-block-themeisle-blocks-slider-item-wrapper glide__slide\" tabindex=\"0\"><figure><img data-opt-id=18824681  fetchpriority=\"high\" decoding=\"async\" class=\"wp-block-themeisle-blocks-slider-item\" src=\"https:\/\/mlris4gadtgv.i.optimole.com\/cb:wDTm.403\/w:auto\/h:auto\/q:mauto\/f:best\/https:\/\/tekjob.fr\/wp-content\/uploads\/2026\/02\/Telecom4.jpg\" alt=\"telecom4\" title=\"telecom4\" data-id=\"28158\"\/><\/figure><\/div><div class=\"wp-block-themeisle-blocks-slider-item-wrapper glide__slide\" tabindex=\"0\"><figure><img data-opt-id=1945820060  data-opt-src=\"https:\/\/mlris4gadtgv.i.optimole.com\/cb:wDTm.403\/w:auto\/h:auto\/q:mauto\/f:best\/https:\/\/tekjob.fr\/wp-content\/uploads\/2026\/02\/Telecom3.jpg\"  decoding=\"async\" class=\"wp-block-themeisle-blocks-slider-item\" src=\"data:image/svg+xml,%3Csvg%20viewBox%3D%220%200%20100%%20100%%22%20width%3D%22100%%22%20height%3D%22100%%22%20xmlns%3D%22http%3A%2F%2Fwww.w3.org%2F2000%2Fsvg%22%3E%3Crect%20width%3D%22100%%22%20height%3D%22100%%22%20fill%3D%22transparent%22%2F%3E%3C%2Fsvg%3E\" alt=\"telecom3\" title=\"telecom3\" data-id=\"28160\"\/><\/figure><\/div><div class=\"wp-block-themeisle-blocks-slider-item-wrapper glide__slide\" tabindex=\"0\"><figure><img data-opt-id=1108279845  data-opt-src=\"https:\/\/mlris4gadtgv.i.optimole.com\/cb:wDTm.403\/w:auto\/h:auto\/q:mauto\/f:best\/https:\/\/tekjob.fr\/wp-content\/uploads\/2026\/02\/Telecom2.jpg\"  decoding=\"async\" class=\"wp-block-themeisle-blocks-slider-item\" src=\"data:image/svg+xml,%3Csvg%20viewBox%3D%220%200%20100%%20100%%22%20width%3D%22100%%22%20height%3D%22100%%22%20xmlns%3D%22http%3A%2F%2Fwww.w3.org%2F2000%2Fsvg%22%3E%3Crect%20width%3D%22100%%22%20height%3D%22100%%22%20fill%3D%22transparent%22%2F%3E%3C%2Fsvg%3E\" alt=\"telecom2\" title=\"telecom2\" data-id=\"28159\"\/><\/figure><\/div><\/div><div class=\"glide__bullets\" data-glide-el=\"controls[nav]\"><button class=\"glide__bullet\" data-glide-dir=\"=0\"><\/button><button class=\"glide__bullet\" data-glide-dir=\"=1\"><\/button><button class=\"glide__bullet\" data-glide-dir=\"=2\"><\/button><button class=\"glide__bullet\" data-glide-dir=\"=3\"><\/button><\/div><\/div><\/div>\n<\/div>\n\n\n\n<div class=\"wp-block-column is-vertically-aligned-center is-layout-flow wp-block-column-is-layout-flow\">\n<h2 class=\"wp-block-heading alignwide\"><strong>T\u00e9l\u00e9communications<\/strong><\/h2>\n\n\n\n<p>TEKJOB est l\u2019un des leaders du conseil dans les T\u00e9l\u00e9communications en France, et en Europe. Promouvoir une industrie responsable et innovante au regard de la soci\u00e9t\u00e9, de l\u2019environnement, des personnes et des entreprises du secteur. D\u00e9fendre les int\u00e9r\u00eats \u00e9conomiques de ses adh\u00e9rents.Participer&nbsp;\u00e0 la valorisation de la profession au niveau national et international. Nos expertises portent sur l\u2019ensemble des briques d\u2019une solution de communication : T\u00e9l\u00e9phonie, R\u00e9seau et internet,Devices (smartphones, objets connect\u00e9s). Nos experstises sont les suivantes:<\/p>\n\n\n\n<ol class=\"wp-block-list\">\n<li>Conception de syst\u00e8me complet ou sous syst\u00e8me \u00e9lectronique.<\/li>\n\n\n\n<li>D\u00e9veloppement ou int\u00e9gration applicative, multiplateforme et multimodale.<\/li>\n\n\n\n<li>Simulation num\u00e9rique, structurelle et fluidique.<\/li>\n\n\n\n<li>Gestion et l\u2019architecture de syst\u00e8me et r\u00e9seau, de l\u2019innovation aux m\u00e9tiers de nos clients (interfaces naturelles, internet des objets)<\/li>\n\n\n\n<li>Process du point de vue d\u2019\u00e9tude et \u00e9lectronique.<\/li>\n\n\n\n<li>Industrialisation \u00e0 travers les AMDEC, l\u2019analyse de la valeur et des composants.<\/li>\n\n\n\n<li>Audit et accompagnement&nbsp;; Archtecture d\u2019entreprise technique, audit de performance, audit qualit\u00e9, support au cycle de vie.<\/li>\n<\/ol>\n\n\n\n<div class=\"wp-block-buttons is-layout-flex wp-block-buttons-is-layout-flex\">\n<div class=\"wp-block-button\"><a class=\"wp-block-button__link wp-element-button\">Nous rencontrer<\/a><\/div>\n<\/div>\n<\/div>\n<\/div>\n\n\n\n<div style=\"height:calc( 0.25 * var(--wp--style--root--padding-right, var(--wp--custom--gap--horizontal)))\" aria-hidden=\"true\" class=\"wp-block-spacer\"><\/div>\n<\/div><\/div>\n\n\n\n<p><\/p>\n\n\n","protected":false},"excerpt":{"rendered":"<p>T\u00e9l\u00e9communications TEKJOB est l\u2019un des leaders du conseil dans les T\u00e9l\u00e9communications en France, et en Europe. Promouvoir une industrie responsable [&hellip;]<\/p>\n","protected":false},"author":1,"featured_media":0,"parent":0,"menu_order":0,"comment_status":"closed","ping_status":"closed","template":"","meta":{"saved_in_kubio":true,"_regular_price":[],"currency_symbol":[],"_monsterinsights_skip_tracking":false,"_monsterinsights_sitenote_active":false,"_monsterinsights_sitenote_note":"","_monsterinsights_sitenote_category":0,"_uf_show_specific_survey":0,"_uf_disable_surveys":false,"_themeisle_gutenberg_block_has_review":false,"footnotes":""},"class_list":["post-27988","page","type-page","status-publish","hentry"],"post_slider_layout_featured_media_urls":{"thumbnail":"","post_slider_layout_landscape_large":"","post_slider_layout_portrait_large":"","post_slider_layout_square_large":"","post_slider_layout_landscape":"","post_slider_layout_portrait":"","post_slider_layout_square":"","full":""},"kubio_ai_page_context":{"short_desc":"","purpose":"general"},"jetpack_sharing_enabled":true,"_links":{"self":[{"href":"https:\/\/tekjob.fr\/fr_fr\/wp-json\/wp\/v2\/pages\/27988","targetHints":{"allow":["GET"]}}],"collection":[{"href":"https:\/\/tekjob.fr\/fr_fr\/wp-json\/wp\/v2\/pages"}],"about":[{"href":"https:\/\/tekjob.fr\/fr_fr\/wp-json\/wp\/v2\/types\/page"}],"author":[{"embeddable":true,"href":"https:\/\/tekjob.fr\/fr_fr\/wp-json\/wp\/v2\/users\/1"}],"replies":[{"embeddable":true,"href":"https:\/\/tekjob.fr\/fr_fr\/wp-json\/wp\/v2\/comments?post=27988"}],"version-history":[{"count":5,"href":"https:\/\/tekjob.fr\/fr_fr\/wp-json\/wp\/v2\/pages\/27988\/revisions"}],"predecessor-version":[{"id":28682,"href":"https:\/\/tekjob.fr\/fr_fr\/wp-json\/wp\/v2\/pages\/27988\/revisions\/28682"}],"wp:attachment":[{"href":"https:\/\/tekjob.fr\/fr_fr\/wp-json\/wp\/v2\/media?parent=27988"}],"curies":[{"name":"wp","href":"https:\/\/api.w.org\/{rel}","templated":true}]}}