{"id":27953,"date":"2026-02-19T22:30:16","date_gmt":"2026-02-19T22:30:16","guid":{"rendered":"https:\/\/tekjob.fr\/?page_id=27953"},"modified":"2026-04-05T21:49:25","modified_gmt":"2026-04-05T21:49:25","slug":"audiovisuel","status":"publish","type":"page","link":"https:\/\/tekjob.fr\/fr_fr\/audiovisuel\/","title":{"rendered":"Audiovisuel"},"content":{"rendered":"\n<p><\/p>\n\n\n\n<div class=\"wp-block-group alignfull is-content-justification-center\" style=\"margin-top:0;margin-bottom:0;padding-top:calc( 0.5 * var(--wp--style--root--padding-right, var(--wp--custom--gap--horizontal)));padding-right:var(--wp--style--root--padding-right, var(--wp--custom--gap--horizontal));padding-bottom:calc( 0.5 * var(--wp--style--root--padding-right, var(--wp--custom--gap--horizontal)));padding-left:var(--wp--style--root--padding-left, var(--wp--custom--gap--horizontal))\"><div class=\"wp-block-group__inner-container is-layout-constrained wp-container-core-group-is-layout-df757ecc wp-block-group-is-layout-constrained\">\n<div style=\"height:calc( 0.25 * var(--wp--style--root--padding-right, var(--wp--custom--gap--horizontal)))\" aria-hidden=\"true\" class=\"wp-block-spacer\"><\/div>\n\n\n\n<div class=\"wp-block-columns alignwide are-vertically-aligned-center is-layout-flex wp-container-core-columns-is-layout-7fc3d43a wp-block-columns-is-layout-flex\">\n<div class=\"wp-block-column is-vertically-aligned-center is-layout-flow wp-block-column-is-layout-flow\">\n<figure class=\"wp-block-image size-full\"><img data-opt-id=855581232  fetchpriority=\"high\" decoding=\"async\" width=\"800\" height=\"533\" src=\"https:\/\/mlris4gadtgv.i.optimole.com\/cb:wDTm.403\/w:auto\/h:auto\/q:mauto\/f:best\/https:\/\/tekjob.fr\/wp-content\/uploads\/2026\/02\/Audiovisuel.jpg\" alt=\"audiovisuel\" class=\"wp-image-27954\" style=\"aspect-ratio:1;object-fit:cover\" title=\"Audiovisuel\" srcset=\"https:\/\/mlris4gadtgv.i.optimole.com\/cb:wDTm.403\/w:800\/h:533\/q:mauto\/f:best\/https:\/\/tekjob.fr\/wp-content\/uploads\/2026\/02\/Audiovisuel.jpg 800w, https:\/\/mlris4gadtgv.i.optimole.com\/cb:wDTm.403\/w:300\/h:200\/q:mauto\/f:best\/https:\/\/tekjob.fr\/wp-content\/uploads\/2026\/02\/Audiovisuel.jpg 300w, https:\/\/mlris4gadtgv.i.optimole.com\/cb:wDTm.403\/w:768\/h:512\/q:mauto\/f:best\/https:\/\/tekjob.fr\/wp-content\/uploads\/2026\/02\/Audiovisuel.jpg 768w, https:\/\/mlris4gadtgv.i.optimole.com\/cb:wDTm.403\/w:18\/h:12\/q:mauto\/f:best\/dpr:2\/https:\/\/tekjob.fr\/wp-content\/uploads\/2026\/02\/Audiovisuel.jpg 18w, https:\/\/mlris4gadtgv.i.optimole.com\/cb:wDTm.403\/w:600\/h:400\/q:mauto\/f:best\/https:\/\/tekjob.fr\/wp-content\/uploads\/2026\/02\/Audiovisuel.jpg 600w, https:\/\/mlris4gadtgv.i.optimole.com\/cb:wDTm.403\/w:570\/h:380\/q:mauto\/f:best\/https:\/\/tekjob.fr\/wp-content\/uploads\/2026\/02\/Audiovisuel.jpg 570w, https:\/\/mlris4gadtgv.i.optimole.com\/cb:wDTm.403\/w:380\/h:254\/q:mauto\/f:best\/https:\/\/tekjob.fr\/wp-content\/uploads\/2026\/02\/Audiovisuel.jpg 380w, https:\/\/mlris4gadtgv.i.optimole.com\/cb:wDTm.403\/w:285\/h:190\/q:mauto\/f:best\/https:\/\/tekjob.fr\/wp-content\/uploads\/2026\/02\/Audiovisuel.jpg 285w\" sizes=\"(max-width: 800px) 100vw, 800px\" \/><\/figure>\n<\/div>\n\n\n\n<div class=\"wp-block-column is-vertically-aligned-center is-layout-flow wp-block-column-is-layout-flow\">\n<h2 class=\"wp-block-heading alignwide\">Audiovisuel-M\u00e9dias<\/h2>\n\n\n\n<p><strong>Les M\u00e9dias en ligne<\/strong>&nbsp;se caract\u00e9risent par la pluralit\u00e9 des acteurs, des contenus, des plateformes et des usages. Ce secteur en pleine \u00e9volution englobe le cin\u00e9ma, l\u2019\u00e9dition, le jeu vid\u00e9o, la musique, la presse, la radio et la t\u00e9l\u00e9vision. Ces m\u00e9dias constituent un moyen de communication et de diffusion d\u2019informations \u00e0 part enti\u00e8re et offrent un produit ou un service multim\u00e9dia qui associe des informations d\u2019origines diverses (texte, image, son, vid\u00e9o, etc.), disponibles sous forme num\u00e9rique sur divers types de supports, tout en offrant une grande mobilit\u00e9 aux utilisateurs, de fa\u00e7on interactive, rapide et intuitive.<\/p>\n\n\n\n<p>L\u2019expansion des nouvelles technologies, autour des supports tels que tablettes, smartphones, TV connect\u00e9e, ou gr\u00e2ce aux avanc\u00e9es techniques telles que la num\u00e9risation et compression de donn\u00e9es, le streaming, ou encore les technologies de d\u00e9veloppement (responsive design, applications mobiles,\u2026), a permis l\u2019\u00e9mergence de ce domaine. Elle a aussi contribu\u00e9 \u00e0 pr\u00e9senter aux utilisateurs un panel de champs d\u2019applications toujours renouvel\u00e9.<\/p>\n\n\n\n<p>Face \u00e0 ces transformations, les acteurs du secteur doivent en permanence proposer de nouveaux produits et services et les faire \u00e9voluer. Ils doivent ainsi relever plusieurs d\u00e9fis : d\u00e9velopper et enrichir les contenus multi-supports, r\u00e9-inventer leur business model pour trouver de nouvelles sources de revenus et mieux r\u00e9mun\u00e9rer les contenus, optimiser la qualit\u00e9 de service (trafic, BP) et l\u2019exp\u00e9rience utilisateur, conna\u00eetre et fid\u00e9liser les utilisateurs, d\u00e9ployer une r\u00e9activit\u00e9 en temps r\u00e9el.<\/p>\n\n\n\n<p>Pour s\u2019adapter \u00e0 la demande des entreprises de ce secteur, l\u2019offre de <strong>TEKJOB<\/strong>&nbsp;se d\u00e9compose selon les axes suivants :<\/p>\n\n\n\n<p>1. Support &amp; production<br>2. Ma\u00eetrise d\u2019\u0153uvre<br>3. Pilotage &amp;gestion de projet<\/p>\n\n\n\n<div class=\"wp-block-buttons is-layout-flex wp-block-buttons-is-layout-flex\">\n<div class=\"wp-block-button\"><a class=\"wp-block-button__link wp-element-button\">Nous rencontrer<\/a><\/div>\n<\/div>\n<\/div>\n<\/div>\n\n\n\n<div style=\"height:calc( 0.25 * var(--wp--style--root--padding-right, var(--wp--custom--gap--horizontal)))\" aria-hidden=\"true\" class=\"wp-block-spacer\"><\/div>\n<\/div><\/div>\n\n\n\n<p><\/p>\n","protected":false},"excerpt":{"rendered":"<p>Audiovisuel-M\u00e9dias Les M\u00e9dias en ligne&nbsp;se caract\u00e9risent par la pluralit\u00e9 des acteurs, des contenus, des plateformes et des usages. Ce secteur [&hellip;]<\/p>\n","protected":false},"author":1,"featured_media":0,"parent":0,"menu_order":0,"comment_status":"closed","ping_status":"closed","template":"","meta":{"saved_in_kubio":true,"_regular_price":[],"currency_symbol":[],"_monsterinsights_skip_tracking":false,"_monsterinsights_sitenote_active":false,"_monsterinsights_sitenote_note":"","_monsterinsights_sitenote_category":0,"_uf_show_specific_survey":0,"_uf_disable_surveys":false,"_themeisle_gutenberg_block_has_review":false,"footnotes":""},"class_list":["post-27953","page","type-page","status-publish","hentry"],"post_slider_layout_featured_media_urls":{"thumbnail":"","post_slider_layout_landscape_large":"","post_slider_layout_portrait_large":"","post_slider_layout_square_large":"","post_slider_layout_landscape":"","post_slider_layout_portrait":"","post_slider_layout_square":"","full":""},"kubio_ai_page_context":{"short_desc":"","purpose":"general"},"jetpack_sharing_enabled":true,"_links":{"self":[{"href":"https:\/\/tekjob.fr\/fr_fr\/wp-json\/wp\/v2\/pages\/27953","targetHints":{"allow":["GET"]}}],"collection":[{"href":"https:\/\/tekjob.fr\/fr_fr\/wp-json\/wp\/v2\/pages"}],"about":[{"href":"https:\/\/tekjob.fr\/fr_fr\/wp-json\/wp\/v2\/types\/page"}],"author":[{"embeddable":true,"href":"https:\/\/tekjob.fr\/fr_fr\/wp-json\/wp\/v2\/users\/1"}],"replies":[{"embeddable":true,"href":"https:\/\/tekjob.fr\/fr_fr\/wp-json\/wp\/v2\/comments?post=27953"}],"version-history":[{"count":2,"href":"https:\/\/tekjob.fr\/fr_fr\/wp-json\/wp\/v2\/pages\/27953\/revisions"}],"predecessor-version":[{"id":29275,"href":"https:\/\/tekjob.fr\/fr_fr\/wp-json\/wp\/v2\/pages\/27953\/revisions\/29275"}],"wp:attachment":[{"href":"https:\/\/tekjob.fr\/fr_fr\/wp-json\/wp\/v2\/media?parent=27953"}],"curies":[{"name":"wp","href":"https:\/\/api.w.org\/{rel}","templated":true}]}}