{"id":25407,"date":"2026-01-11T12:31:10","date_gmt":"2026-01-11T12:31:10","guid":{"rendered":"http:\/\/tekjob.fr\/home\/"},"modified":"2026-02-22T16:15:11","modified_gmt":"2026-02-22T16:15:11","slug":"oil-gas","status":"publish","type":"page","link":"https:\/\/tekjob.fr\/fr_fr\/oil-gas\/","title":{"rendered":"Oil &#038; Gas"},"content":{"rendered":"\n<p><\/p>\n\n\n\n<div class=\"wp-block-columns alignwide are-vertically-aligned-center is-layout-flex wp-container-core-columns-is-layout-7fc3d43a wp-block-columns-is-layout-flex\">\n<div class=\"wp-block-column is-vertically-aligned-center is-layout-flow wp-block-column-is-layout-flow\">\n<div id=\"wp-block-themeisle-blocks-slider-1206c9e6\" class=\"wp-block-themeisle-blocks-slider glide\" data-per-view=\"1\" data-gap=\"0\" data-peek=\"0\" data-autoplay=\"true\" data-height=\"400px\" data-hide-arrows=\"false\"><div class=\"glide__track\" data-glide-el=\"track\"><div class=\"glide__slides\"><div class=\"wp-block-themeisle-blocks-slider-item-wrapper glide__slide\" tabindex=\"0\"><figure><img data-opt-id=72562167  fetchpriority=\"high\" decoding=\"async\" class=\"wp-block-themeisle-blocks-slider-item\" src=\"https:\/\/mlris4gadtgv.i.optimole.com\/cb:wDTm.403\/w:auto\/h:auto\/q:mauto\/f:best\/https:\/\/tekjob.fr\/wp-content\/uploads\/2026\/02\/New-Product-Launch.jpg\" alt=\"new product launch\" title=\"new product launch\" data-id=\"28578\"\/><figcaption>New Product Launch<\/figcaption><\/figure><\/div><div class=\"wp-block-themeisle-blocks-slider-item-wrapper glide__slide\" tabindex=\"0\"><figure><img data-opt-id=679077122  fetchpriority=\"high\" decoding=\"async\" class=\"wp-block-themeisle-blocks-slider-item\" src=\"https:\/\/mlris4gadtgv.i.optimole.com\/cb:wDTm.403\/w:auto\/h:auto\/q:mauto\/f:best\/https:\/\/tekjob.fr\/wp-content\/uploads\/2026\/02\/Services_inspection.jpg\" alt=\"services inspection\" title=\"services inspection\" data-id=\"28580\"\/><figcaption>Engineering Services<\/figcaption><\/figure><\/div><div class=\"wp-block-themeisle-blocks-slider-item-wrapper glide__slide\" tabindex=\"0\"><figure><img data-opt-id=63703138  data-opt-src=\"https:\/\/mlris4gadtgv.i.optimole.com\/cb:wDTm.403\/w:auto\/h:auto\/q:mauto\/f:best\/https:\/\/tekjob.fr\/wp-content\/uploads\/2026\/02\/Oil-Gaz.jpg\"  decoding=\"async\" class=\"wp-block-themeisle-blocks-slider-item\" src=\"data:image/svg+xml,%3Csvg%20viewBox%3D%220%200%20100%%20100%%22%20width%3D%22100%%22%20height%3D%22100%%22%20xmlns%3D%22http%3A%2F%2Fwww.w3.org%2F2000%2Fsvg%22%3E%3Crect%20width%3D%22100%%22%20height%3D%22100%%22%20fill%3D%22transparent%22%2F%3E%3C%2Fsvg%3E\" alt=\"oil gaz\" title=\"oil gaz\" data-id=\"28960\"\/><\/figure><\/div><div class=\"wp-block-themeisle-blocks-slider-item-wrapper glide__slide\" tabindex=\"0\"><figure><img data-opt-id=1071402143  data-opt-src=\"https:\/\/mlris4gadtgv.i.optimole.com\/cb:wDTm.403\/w:auto\/h:auto\/q:mauto\/f:best\/https:\/\/tekjob.fr\/wp-content\/uploads\/2026\/02\/industry-concept-oil-refining-process.webp\"  decoding=\"async\" class=\"wp-block-themeisle-blocks-slider-item\" src=\"data:image/svg+xml,%3Csvg%20viewBox%3D%220%200%20100%%20100%%22%20width%3D%22100%%22%20height%3D%22100%%22%20xmlns%3D%22http%3A%2F%2Fwww.w3.org%2F2000%2Fsvg%22%3E%3Crect%20width%3D%22100%%22%20height%3D%22100%%22%20fill%3D%22transparent%22%2F%3E%3C%2Fsvg%3E\" alt=\"industry concept oil refining process\" title=\"industry concept oil refining process\" data-id=\"28213\"\/><figcaption>Refining process<\/figcaption><\/figure><\/div><div class=\"wp-block-themeisle-blocks-slider-item-wrapper glide__slide\" tabindex=\"0\"><figure><img data-opt-id=1753902786  data-opt-src=\"https:\/\/mlris4gadtgv.i.optimole.com\/cb:wDTm.403\/w:auto\/h:auto\/q:mauto\/f:best\/https:\/\/tekjob.fr\/wp-content\/uploads\/2026\/02\/cropped-drone_safety-detection.jpg\"  decoding=\"async\" class=\"wp-block-themeisle-blocks-slider-item\" src=\"data:image/svg+xml,%3Csvg%20viewBox%3D%220%200%20100%%20100%%22%20width%3D%22100%%22%20height%3D%22100%%22%20xmlns%3D%22http%3A%2F%2Fwww.w3.org%2F2000%2Fsvg%22%3E%3Crect%20width%3D%22100%%22%20height%3D%22100%%22%20fill%3D%22transparent%22%2F%3E%3C%2Fsvg%3E\" alt=\"drone safety &amp; detection\" title=\"drone safety &amp; detection\" data-id=\"28744\"\/><figcaption>Drone<\/figcaption><\/figure><\/div><div class=\"wp-block-themeisle-blocks-slider-item-wrapper glide__slide\" tabindex=\"0\"><figure><img data-opt-id=1440149572  data-opt-src=\"https:\/\/mlris4gadtgv.i.optimole.com\/cb:wDTm.403\/w:auto\/h:auto\/q:mauto\/f:best\/https:\/\/tekjob.fr\/wp-content\/uploads\/2026\/02\/construction__094537000_1055_11052015.jpg\"  decoding=\"async\" class=\"wp-block-themeisle-blocks-slider-item\" src=\"data:image/svg+xml,%3Csvg%20viewBox%3D%220%200%20100%%20100%%22%20width%3D%22100%%22%20height%3D%22100%%22%20xmlns%3D%22http%3A%2F%2Fwww.w3.org%2F2000%2Fsvg%22%3E%3Crect%20width%3D%22100%%22%20height%3D%22100%%22%20fill%3D%22transparent%22%2F%3E%3C%2Fsvg%3E\" alt=\"construction 094537000 1055 11052015\" title=\"construction 094537000 1055 11052015\" data-id=\"28537\"\/><figcaption>Construction<\/figcaption><\/figure><\/div><div class=\"wp-block-themeisle-blocks-slider-item-wrapper glide__slide\" tabindex=\"0\"><figure><img data-opt-id=37018377  data-opt-src=\"https:\/\/mlris4gadtgv.i.optimole.com\/cb:wDTm.403\/w:auto\/h:auto\/q:mauto\/f:best\/https:\/\/tekjob.fr\/wp-content\/uploads\/2026\/02\/Higiene-proprete4_Tekjob.webp\"  decoding=\"async\" class=\"wp-block-themeisle-blocks-slider-item\" src=\"data:image/svg+xml,%3Csvg%20viewBox%3D%220%200%20100%%20100%%22%20width%3D%22100%%22%20height%3D%22100%%22%20xmlns%3D%22http%3A%2F%2Fwww.w3.org%2F2000%2Fsvg%22%3E%3Crect%20width%3D%22100%%22%20height%3D%22100%%22%20fill%3D%22transparent%22%2F%3E%3C%2Fsvg%3E\" alt=\"higiene proprete4 tekjob\" title=\"higiene proprete4 tekjob\" data-id=\"28908\"\/><figcaption>higiene proprete3 tekjob<\/figcaption><\/figure><\/div><div class=\"wp-block-themeisle-blocks-slider-item-wrapper glide__slide\" tabindex=\"0\"><figure><img data-opt-id=1663156854  data-opt-src=\"https:\/\/mlris4gadtgv.i.optimole.com\/cb:wDTm.403\/w:auto\/h:auto\/q:mauto\/f:best\/https:\/\/tekjob.fr\/wp-content\/uploads\/2026\/02\/robinetterie-industrielle-industrial-valves.png\"  decoding=\"async\" class=\"wp-block-themeisle-blocks-slider-item\" src=\"data:image/svg+xml,%3Csvg%20viewBox%3D%220%200%20100%%20100%%22%20width%3D%22100%%22%20height%3D%22100%%22%20xmlns%3D%22http%3A%2F%2Fwww.w3.org%2F2000%2Fsvg%22%3E%3Crect%20width%3D%22100%%22%20height%3D%22100%%22%20fill%3D%22transparent%22%2F%3E%3C%2Fsvg%3E\" alt=\"robinetterie industrielle industrial valves\" title=\"robinetterie industrielle industrial valves\" data-id=\"28605\"\/><figcaption>robinetterie <\/figcaption><\/figure><\/div><div class=\"wp-block-themeisle-blocks-slider-item-wrapper glide__slide\" tabindex=\"0\"><figure><img data-opt-id=1161596676  data-opt-src=\"https:\/\/mlris4gadtgv.i.optimole.com\/cb:wDTm.403\/w:auto\/h:auto\/q:mauto\/f:best\/https:\/\/tekjob.fr\/wp-content\/uploads\/2026\/02\/Higiene-proprete3_Tekjob.webp\"  decoding=\"async\" class=\"wp-block-themeisle-blocks-slider-item\" src=\"data:image/svg+xml,%3Csvg%20viewBox%3D%220%200%20100%%20100%%22%20width%3D%22100%%22%20height%3D%22100%%22%20xmlns%3D%22http%3A%2F%2Fwww.w3.org%2F2000%2Fsvg%22%3E%3Crect%20width%3D%22100%%22%20height%3D%22100%%22%20fill%3D%22transparent%22%2F%3E%3C%2Fsvg%3E\" alt=\"higiene proprete3 tekjob\" title=\"higiene proprete3 tekjob\" data-id=\"28907\"\/><figcaption>higiene proprete3 tekjob<\/figcaption><\/figure><\/div><div class=\"wp-block-themeisle-blocks-slider-item-wrapper glide__slide\" tabindex=\"0\"><figure><img data-opt-id=1442251716  data-opt-src=\"https:\/\/mlris4gadtgv.i.optimole.com\/cb:wDTm.403\/w:auto\/h:auto\/q:mauto\/f:best\/https:\/\/tekjob.fr\/wp-content\/uploads\/2026\/02\/Chaudiere_Tekjob.jpg\"  decoding=\"async\" class=\"wp-block-themeisle-blocks-slider-item\" src=\"data:image/svg+xml,%3Csvg%20viewBox%3D%220%200%20100%%20100%%22%20width%3D%22100%%22%20height%3D%22100%%22%20xmlns%3D%22http%3A%2F%2Fwww.w3.org%2F2000%2Fsvg%22%3E%3Crect%20width%3D%22100%%22%20height%3D%22100%%22%20fill%3D%22transparent%22%2F%3E%3C%2Fsvg%3E\" alt=\"chaudiere tekjob\" title=\"chaudiere tekjob\" data-id=\"28708\"\/><\/figure><\/div><div class=\"wp-block-themeisle-blocks-slider-item-wrapper glide__slide\" tabindex=\"0\"><figure><img data-opt-id=1516506586  data-opt-src=\"https:\/\/mlris4gadtgv.i.optimole.com\/cb:wDTm.403\/w:auto\/h:auto\/q:mauto\/f:best\/https:\/\/tekjob.fr\/wp-content\/uploads\/2026\/02\/Higiene-proprete2_Tekjob.webp\"  decoding=\"async\" class=\"wp-block-themeisle-blocks-slider-item\" src=\"data:image/svg+xml,%3Csvg%20viewBox%3D%220%200%20100%%20100%%22%20width%3D%22100%%22%20height%3D%22100%%22%20xmlns%3D%22http%3A%2F%2Fwww.w3.org%2F2000%2Fsvg%22%3E%3Crect%20width%3D%22100%%22%20height%3D%22100%%22%20fill%3D%22transparent%22%2F%3E%3C%2Fsvg%3E\" alt=\"higiene proprete2 tekjob\" title=\"higiene proprete2 tekjob\" data-id=\"28906\"\/><figcaption>higiene proprete2 tekjob<\/figcaption><\/figure><\/div><div class=\"wp-block-themeisle-blocks-slider-item-wrapper glide__slide\" tabindex=\"0\"><figure><img data-opt-id=1825888063  data-opt-src=\"https:\/\/mlris4gadtgv.i.optimole.com\/cb:wDTm.403\/w:auto\/h:auto\/q:mauto\/f:best\/https:\/\/tekjob.fr\/wp-content\/uploads\/2026\/02\/Higiene-proprete_Tekjob.webp\"  decoding=\"async\" class=\"wp-block-themeisle-blocks-slider-item\" src=\"data:image/svg+xml,%3Csvg%20viewBox%3D%220%200%20100%%20100%%22%20width%3D%22100%%22%20height%3D%22100%%22%20xmlns%3D%22http%3A%2F%2Fwww.w3.org%2F2000%2Fsvg%22%3E%3Crect%20width%3D%22100%%22%20height%3D%22100%%22%20fill%3D%22transparent%22%2F%3E%3C%2Fsvg%3E\" alt=\"higiene proprete tekjob\" title=\"higiene proprete tekjob\" data-id=\"28905\"\/><figcaption>higiene proprete tekjob<\/figcaption><\/figure><\/div><div class=\"wp-block-themeisle-blocks-slider-item-wrapper glide__slide\" tabindex=\"0\"><figure><img data-opt-id=718787786  data-opt-src=\"https:\/\/mlris4gadtgv.i.optimole.com\/cb:wDTm.403\/w:auto\/h:auto\/q:mauto\/f:best\/https:\/\/tekjob.fr\/wp-content\/uploads\/2026\/02\/Disjoncteur_Tekjob.jpg\"  decoding=\"async\" class=\"wp-block-themeisle-blocks-slider-item\" src=\"data:image/svg+xml,%3Csvg%20viewBox%3D%220%200%20100%%20100%%22%20width%3D%22100%%22%20height%3D%22100%%22%20xmlns%3D%22http%3A%2F%2Fwww.w3.org%2F2000%2Fsvg%22%3E%3Crect%20width%3D%22100%%22%20height%3D%22100%%22%20fill%3D%22transparent%22%2F%3E%3C%2Fsvg%3E\" alt=\"disjoncteur tekjob\" title=\"disjoncteur tekjob\" data-id=\"28710\"\/><figcaption>Disjoncteur tekjob<\/figcaption><\/figure><\/div><div class=\"wp-block-themeisle-blocks-slider-item-wrapper glide__slide\" tabindex=\"0\"><figure><img data-opt-id=122098745  data-opt-src=\"https:\/\/mlris4gadtgv.i.optimole.com\/cb:wDTm.403\/w:auto\/h:auto\/q:mauto\/f:best\/https:\/\/tekjob.fr\/wp-content\/uploads\/2026\/02\/manutention_handling_image__029730500_1057_11052015-1.jpg\"  decoding=\"async\" class=\"wp-block-themeisle-blocks-slider-item\" src=\"data:image/svg+xml,%3Csvg%20viewBox%3D%220%200%20100%%20100%%22%20width%3D%22100%%22%20height%3D%22100%%22%20xmlns%3D%22http%3A%2F%2Fwww.w3.org%2F2000%2Fsvg%22%3E%3Crect%20width%3D%22100%%22%20height%3D%22100%%22%20fill%3D%22transparent%22%2F%3E%3C%2Fsvg%3E\" alt=\"manutention handling image 029730500 1057 11052015\" title=\"manutention handling image 029730500 1057 11052015\" data-id=\"28620\"\/><figcaption>manutention handling <\/figcaption><\/figure><\/div><div class=\"wp-block-themeisle-blocks-slider-item-wrapper glide__slide\" tabindex=\"0\"><figure><img data-opt-id=1488794218  data-opt-src=\"https:\/\/mlris4gadtgv.i.optimole.com\/cb:wDTm.403\/w:auto\/h:auto\/q:mauto\/f:best\/https:\/\/tekjob.fr\/wp-content\/uploads\/2026\/02\/raccord_hydraulique_1-1.png\"  decoding=\"async\" class=\"wp-block-themeisle-blocks-slider-item\" src=\"data:image/svg+xml,%3Csvg%20viewBox%3D%220%200%20100%%20100%%22%20width%3D%22100%%22%20height%3D%22100%%22%20xmlns%3D%22http%3A%2F%2Fwww.w3.org%2F2000%2Fsvg%22%3E%3Crect%20width%3D%22100%%22%20height%3D%22100%%22%20fill%3D%22transparent%22%2F%3E%3C%2Fsvg%3E\" alt=\"raccord hydraulique 1\" title=\"raccord hydraulique 1\" data-id=\"28613\"\/><figcaption>Raccord hydraulique <\/figcaption><\/figure><\/div><\/div><div class=\"glide__bullets\" data-glide-el=\"controls[nav]\"><button class=\"glide__bullet\" data-glide-dir=\"=0\"><\/button><button class=\"glide__bullet\" data-glide-dir=\"=1\"><\/button><button class=\"glide__bullet\" data-glide-dir=\"=2\"><\/button><button class=\"glide__bullet\" data-glide-dir=\"=3\"><\/button><button class=\"glide__bullet\" data-glide-dir=\"=4\"><\/button><button class=\"glide__bullet\" data-glide-dir=\"=5\"><\/button><button class=\"glide__bullet\" data-glide-dir=\"=6\"><\/button><button class=\"glide__bullet\" data-glide-dir=\"=7\"><\/button><button class=\"glide__bullet\" data-glide-dir=\"=8\"><\/button><button class=\"glide__bullet\" data-glide-dir=\"=9\"><\/button><button class=\"glide__bullet\" data-glide-dir=\"=10\"><\/button><button class=\"glide__bullet\" data-glide-dir=\"=11\"><\/button><button class=\"glide__bullet\" data-glide-dir=\"=12\"><\/button><button class=\"glide__bullet\" data-glide-dir=\"=13\"><\/button><button class=\"glide__bullet\" data-glide-dir=\"=14\"><\/button><\/div><\/div><\/div>\n<\/div>\n\n\n\n<div class=\"wp-block-column is-vertically-aligned-center is-layout-flow wp-block-column-is-layout-flow\">\n<h2 class=\"wp-block-heading alignwide\"><strong><strong><strong>Oil &amp; Gas<\/strong><\/strong><\/strong><\/h2>\n\n\n\n<p><strong>TEKJOB<\/strong> accompagne l\u2019ensemble de la\u00a0<strong>fili\u00e8re Oil &amp; Gas<\/strong> afin de r\u00e9pondre aux enjeux de<strong>\u00a0s\u00fbret\u00e9<\/strong>, de\u00a0<strong>maintenance<\/strong>\u00a0et de\u00a0<strong>construction de nouvelles g\u00e9n\u00e9rations d\u2019unit\u00e9s de production.<\/strong><\/p>\n\n\n\n<p><strong>Les \u00e9nergies fossiles<\/strong>\u00a0repr\u00e9sentent encore une part importante du\u00a0<strong>mix \u00e9nerg\u00e9tique mondial<\/strong>. <strong>TEKJOB<\/strong> accompagne\u00a0<strong>les acteurs O&amp;G<\/strong>\u00a0dans leur mutation li\u00e9e aux\u00a0<strong>enjeux de la transition \u00e9nerg\u00e9tique<\/strong>. Que ce soit pour\u00a0<strong>r\u00e9duire l\u2019empreinte carbone, limiter les impacts environnementaux\u00a0<\/strong>ou<strong>\u00a0rendre l\u2019exploitation responsable<\/strong>, nous intervenons sur l\u2019ensemble du cycle de vie d\u2019un projet.<\/p>\n\n\n\n<p><strong>Nos expertises<\/strong><\/p>\n\n\n\n<p><strong>\u00c9tudes et ing\u00e9nierie<\/strong><\/p>\n\n\n\n<ul class=\"wp-block-list\">\n<li>Etude de faisabilit\u00e9<\/li>\n\n\n\n<li>Etude APS APD \u2013 Basic and detailed engineering<\/li>\n\n\n\n<li>R\u00e9alisation et modification de plans \/ sch\u00e9mas<\/li>\n\n\n\n<li>R\u00e9alisation et v\u00e9rification de notes de calcul<\/li>\n\n\n\n<li>Electricit\u00e9, instrumentation, automatisme<\/li>\n\n\n\n<li>B\u00e2timent, G\u00e9nie-Civil, TCE, VRD<\/li>\n\n\n\n<li>R\u00e9alisation et modification de plans \/ sch\u00e9mas<\/li>\n\n\n\n<li>R\u00e9alisation et v\u00e9rification de notes de calcul<\/li>\n\n\n\n<li> Suret\u00e9           <\/li>\n<\/ul>\n\n\n\n<p><strong>Gestion de projets<\/strong><\/p>\n\n\n\n<ul class=\"wp-block-list\">\n<li>Gestion de projet compl\u00e8te<\/li>\n\n\n\n<li>Coordination projet<\/li>\n\n\n\n<li>Planification<\/li>\n\n\n\n<li>Cost Control<\/li>\n\n\n\n<li>Qualit\u00e9<\/li>\n<\/ul>\n\n\n\n<p><strong>Supply Chain Management<\/strong><\/p>\n\n\n\n<ul class=\"wp-block-list\">\n<li>Achats (projets, famille, march\u00e9 de travaux)<\/li>\n\n\n\n<li>Coordination logistique et transport<\/li>\n\n\n\n<li>Relance et suivi fournisseurs \u2013 expediting<\/li>\n\n\n\n<li>Inspection et qualit\u00e9<\/li>\n<\/ul>\n\n\n\n<p><strong><strong>Travaux neufs et maintenance<\/strong><\/strong><\/p>\n\n\n\n<ul class=\"wp-block-list\">\n<li>Gestion de projet complet<\/li>\n\n\n\n<li>Installation de nouveaux \u00e9quipements<\/li>\n\n\n\n<li>Construction de b\u00e2timents industriels<\/li>\n\n\n\n<li>Transfert industriel<\/li>\n\n\n\n<li>Revamping-repowering d\u2019\u00e9quipements industriels<\/li>\n\n\n\n<li>Pr\u00e9vention \/ Supervision HSE<\/li>\n\n\n\n<li>Maintenance<\/li>\n\n\n\n<li>Conduite de travaux<\/li>\n\n\n\n<li>Supervision de travaux<\/li>\n\n\n\n<li>Montage et mise en service \u00e9quipements<\/li>\n<\/ul>\n\n\n\n<ul class=\"wp-block-list\"><\/ul>\n\n\n\n<p><strong>Supply Chain Management<\/strong><\/p>\n\n\n\n<ul class=\"wp-block-list\">\n<li>Gestion de projet de d\u00e9veloppement packaging<\/li>\n\n\n\n<li>Gestion des flux internes et externes<\/li>\n\n\n\n<li>Achats CAPEX\/OPEX<\/li>\n\n\n\n<li>Am\u00e9lioration continue<\/li>\n<\/ul>\n\n\n\n<p><strong>M\u00e9thodes Maintenance<\/strong><\/p>\n\n\n\n<ul class=\"wp-block-list\">\n<li>Cr\u00e9ation de gammes de maintenance.<\/li>\n<\/ul>\n\n\n\n<ul class=\"wp-block-list\">\n<li>Mise en place de GMAO<\/li>\n<\/ul>\n\n\n\n<ul class=\"wp-block-list\">\n<li>R\u00e9daction et mise \u00e0 jour des plans de maintenance pr\u00e9ventive et curative<\/li>\n<\/ul>\n\n\n\n<ul class=\"wp-block-list\">\n<li>Analyse de risques (AMDEC\u2026)<\/li>\n<\/ul>\n\n\n\n<p><strong>Qualit\u00e9 et r\u00e9glementaire<\/strong><\/p>\n\n\n\n<p><strong>Qualification et validation<\/strong><\/p>\n\n\n\n<p><strong>Qualification :<\/strong><\/p>\n\n\n\n<ul class=\"wp-block-list\">\n<li><strong>Equipements de production \/ conditionnement \/ laboratoire \/ m\u00e9trologie<\/strong><\/li>\n\n\n\n<li>Transport, Poncttualit\u00e9, Annonce des retards.<\/li>\n\n\n\n<li>Environnementale, HSE<\/li>\n<\/ul>\n\n\n\n<p><strong>Validation :<\/strong><\/p>\n\n\n\n<p>Syst\u00e8mes informatis\u00e9s<\/p>\n\n\n\n<ul class=\"wp-block-list\">\n<li><strong>Assurance qualit\u00e9 (op\u00e9rationnelle, syst\u00e8me, fournisseur)<\/strong><\/li>\n\n\n\n<li>Contr\u00f4le qualit\u00e9, Sanity check<\/li>\n\n\n\n<li>Audit qualit\u00e9, Initial Qualification<\/li>\n\n\n\n<li>Am\u00e9lioration continue, Lean manufacturing, Kaizen, Penny waste<\/li>\n\n\n\n<li>Traitement des incidents, SCAR, 8D<\/li>\n<\/ul>\n\n\n\n<div class=\"wp-block-buttons is-layout-flex wp-block-buttons-is-layout-flex\">\n<div class=\"wp-block-button\"><a class=\"wp-block-button__link wp-element-button\" href=\"https:\/\/tekjob.fr\/contact\/\">Nous rencontrer<\/a><\/div>\n<\/div>\n<\/div>\n<\/div>\n\n\n\n<p><\/p>\n\n\n","protected":false},"excerpt":{"rendered":"<p>Oil &amp; Gas TEKJOB accompagne l\u2019ensemble de la\u00a0fili\u00e8re Oil &amp; Gas afin de r\u00e9pondre aux enjeux de\u00a0s\u00fbret\u00e9, de\u00a0maintenance\u00a0et de\u00a0construction de [&hellip;]<\/p>\n","protected":false},"author":1,"featured_media":0,"parent":0,"menu_order":0,"comment_status":"closed","ping_status":"closed","template":"","meta":{"saved_in_kubio":true,"_regular_price":[],"currency_symbol":[],"_monsterinsights_skip_tracking":false,"_monsterinsights_sitenote_active":false,"_monsterinsights_sitenote_note":"","_monsterinsights_sitenote_category":0,"_uf_show_specific_survey":0,"_uf_disable_surveys":false,"_themeisle_gutenberg_block_has_review":false,"footnotes":""},"class_list":["post-25407","page","type-page","status-publish","hentry"],"post_slider_layout_featured_media_urls":{"thumbnail":"","post_slider_layout_landscape_large":"","post_slider_layout_portrait_large":"","post_slider_layout_square_large":"","post_slider_layout_landscape":"","post_slider_layout_portrait":"","post_slider_layout_square":"","full":""},"kubio_ai_page_context":{"short_desc":"","purpose":"general"},"jetpack_sharing_enabled":true,"_links":{"self":[{"href":"https:\/\/tekjob.fr\/fr_fr\/wp-json\/wp\/v2\/pages\/25407","targetHints":{"allow":["GET"]}}],"collection":[{"href":"https:\/\/tekjob.fr\/fr_fr\/wp-json\/wp\/v2\/pages"}],"about":[{"href":"https:\/\/tekjob.fr\/fr_fr\/wp-json\/wp\/v2\/types\/page"}],"author":[{"embeddable":true,"href":"https:\/\/tekjob.fr\/fr_fr\/wp-json\/wp\/v2\/users\/1"}],"replies":[{"embeddable":true,"href":"https:\/\/tekjob.fr\/fr_fr\/wp-json\/wp\/v2\/comments?post=25407"}],"version-history":[{"count":6,"href":"https:\/\/tekjob.fr\/fr_fr\/wp-json\/wp\/v2\/pages\/25407\/revisions"}],"predecessor-version":[{"id":28981,"href":"https:\/\/tekjob.fr\/fr_fr\/wp-json\/wp\/v2\/pages\/25407\/revisions\/28981"}],"wp:attachment":[{"href":"https:\/\/tekjob.fr\/fr_fr\/wp-json\/wp\/v2\/media?parent=25407"}],"curies":[{"name":"wp","href":"https:\/\/api.w.org\/{rel}","templated":true}]}}