{"id":30174,"date":"2026-04-10T14:23:42","date_gmt":"2026-04-10T14:23:42","guid":{"rendered":"https:\/\/tekjob.fr\/?page_id=30174"},"modified":"2026-04-13T12:20:43","modified_gmt":"2026-04-13T12:20:43","slug":"nos-solutions","status":"publish","type":"page","link":"https:\/\/tekjob.fr\/en\/nos-solutions\/","title":{"rendered":"Nos Solutions"},"content":{"rendered":"<div class=\"wp-block-columns is-layout-flex wp-container-core-columns-is-layout-28f84493 wp-block-columns-is-layout-flex\">\n<div class=\"wp-block-column is-layout-flow wp-block-column-is-layout-flow\">\n<h6 id=\"wp-block-themeisle-blocks-advanced-heading-a26c730f\" class=\"wp-block-themeisle-blocks-advanced-heading wp-block-themeisle-blocks-advanced-heading-a26c730f\"><strong>SUPPLIER EVALUATION <\/strong> (panel et\/ou sourcing)&nbsp; :<br><em>Evaluation de la robustesse du syst\u00e8me d\u2019assurance qualit\u00e9 d\u2019un site fournisseur en termes de process et r\u00e9sultat<\/em><br><em><strong>Site fournisseur nouveau pour LE CLIENT ou site non \u00e9valu\u00e9 depuis plus de 3 ans<\/strong><\/em><\/h6>\n<\/div>\n\n\n\n<div class=\"wp-block-column is-layout-flow wp-block-column-is-layout-flow\">\n<h6 id=\"wp-block-themeisle-blocks-advanced-heading-db42ea1a\" class=\"wp-block-themeisle-blocks-advanced-heading wp-block-themeisle-blocks-advanced-heading-db42ea1a\"><strong>EVALUATION D\u00c9VELOPPEMENT DURABLE<\/strong> (d\u00e9veloppement durable)<br><em>Evaluation de la prise en compte des facteurs li\u00e9s au d\u00e9veloppement durable conform\u00e9ment \u00e0 la charte<\/em> du Client<br><strong><em>Site fournisseur nouveau pour <\/em>Client<\/strong><\/h6>\n<\/div>\n\n\n\n<div class=\"wp-block-column is-layout-flow wp-block-column-is-layout-flow\">\n<h6 id=\"wp-block-themeisle-blocks-advanced-heading-01ff015d\" class=\"wp-block-themeisle-blocks-advanced-heading wp-block-themeisle-blocks-advanced-heading-01ff015d\"><strong>EVALUATION LOGISTICS sourcing :<\/strong><br><em>Pr\u00e9-\u00e9valuation des comp\u00e9tences du fournisseurs pour industrialiser et construire un plan de surveillance sur une commodit\u00e9 pr\u00e9cise<\/em><br><em><strong>Nouvelle commodit\u00e9 \u00ab&nbsp;s\u00e9curitaire&nbsp;\u00bb et\/ou \u00e0 fort impact qualit\u00e9\/garantie<\/strong><\/em><\/h6>\n<\/div>\n\n\n\n<div class=\"wp-block-column is-layout-flow wp-block-column-is-layout-flow\">\n<h6 id=\"wp-block-themeisle-blocks-advanced-heading-bcf1003c\" class=\"wp-block-themeisle-blocks-advanced-heading wp-block-themeisle-blocks-advanced-heading-bcf1003c\"><strong>Audit Propret\u00e9 produit<\/strong><br>mesure la capacit\u00e9 d\u2019un fournisseur \u00e0 fabriquer des pi\u00e8ces conformes aux sp\u00e9cifications propret\u00e9. <em>Fournisseurs soumis aux exigences propret\u00e9 <strong>(mentionn\u00e9es dans le Cdc CLIENT)<\/strong><\/em><\/h6>\n<\/div>\n<\/div>\n\n\n\n\n\n<div class=\"wp-block-columns is-layout-flex wp-container-core-columns-is-layout-28f84493 wp-block-columns-is-layout-flex\">\n<div class=\"wp-block-column is-layout-flow wp-block-column-is-layout-flow\">\n<h6 id=\"wp-block-themeisle-blocks-advanced-heading-a6e2ae63\" class=\"wp-block-themeisle-blocks-advanced-heading wp-block-themeisle-blocks-advanced-heading-a6e2ae63\"><strong>CNPMQ:<\/strong><br><em>Identifier les <strong>causes de non performance li\u00e9e au management de la qualit\u00e9<\/strong>\u00a0 et s\u2019assurer de l\u2019efficacit\u00e9 des plans d\u2019actions<\/em><br><em>Fournisseurs accumulant des incidents \u00a0d\u2019origine management qualit\u00e9 <strong>(<\/strong><\/em><strong><em>compilation des 8D)<\/em><br><em>\u00a0Fournisseurs \u00e0 fort volumes (> 500 KU\/an)<\/em><\/strong><\/h6>\n<\/div>\n\n\n\n<div class=\"wp-block-column is-layout-flow wp-block-column-is-layout-flow\">\n<h6 id=\"wp-block-themeisle-blocks-advanced-heading-8ed22f40\" class=\"wp-block-themeisle-blocks-advanced-heading wp-block-themeisle-blocks-advanced-heading-8ed22f40\"><strong>EPVS<\/strong> :<br><em><strong>Evaluer en s\u00e9rie\u00a0 l\u2019efficacit\u00e9 process<\/strong> de fabrication et de contr\u00f4le<\/em><br><em>Fournisseurs accumulant des incidents d\u2019origine \u00ab\u00a0process\u00a0\u00bb (<strong>compilation des 8D)<\/strong><\/em><\/h6>\n<\/div>\n\n\n\n<div class=\"wp-block-column is-layout-flow wp-block-column-is-layout-flow\">\n<h6 id=\"wp-block-themeisle-blocks-advanced-heading-416a1bb4\" class=\"wp-block-themeisle-blocks-advanced-heading wp-block-themeisle-blocks-advanced-heading-416a1bb4\"><strong>Supply-Up<\/strong> :<br>&nbsp;<em>v\u00e9rifier que le management par le fournisseur de ses fournisseurs n-1 est compatible avec nos exigences qualit\u00e9<\/em><br><em>Fournisseurs accumulant des <strong>incidents dus \u00e0 la supply-chain<\/strong><\/em><\/h6>\n<\/div>\n\n\n\n<div class=\"wp-block-column is-layout-flow wp-block-column-is-layout-flow\">\n<h6 id=\"wp-block-themeisle-blocks-advanced-heading-88b80379\" class=\"wp-block-themeisle-blocks-advanced-heading wp-block-themeisle-blocks-advanced-heading-88b80379\"><strong>SFP (Supplier Focus Program)<\/strong> :<br><em>d\u00e9terminer les causes racines organisationnelles et traiter, avec le fournisseur les 2\/3 causes principales en proposant des plans d\u2019actions<\/em><br><em><strong>Fournisseurs accumulant des incidents d\u2019origine organisationnelle <\/strong>(<strong>d\u00e9tect\u00e9s en CNPMQ et\/ou EPVS)<\/strong><\/em><\/h6>\n<\/div>\n<\/div>\n\n\n\n\n\n<div class=\"wp-block-columns is-layout-flex wp-container-core-columns-is-layout-28f84493 wp-block-columns-is-layout-flex\">\n<div class=\"wp-block-column is-layout-flow wp-block-column-is-layout-flow\">\n<h6 id=\"wp-block-themeisle-blocks-advanced-heading-9452087f\" class=\"wp-block-themeisle-blocks-advanced-heading wp-block-themeisle-blocks-advanced-heading-9452087f\"><strong>Audit Firewall<\/strong><br><em>V\u00e9rifier l\u2019efficacit\u00e9 du Firewall \u00e0 prot\u00e9ger le client et \u00e0 traiter le d\u00e9faut<\/em><br><em>Pour les incidents rouge <strong>dans LA QUALITE ENTRANTE et si pr\u00e9sence d\u2019un Firewall<\/strong><\/em><\/h6>\n<\/div>\n\n\n\n<div class=\"wp-block-column is-layout-flow wp-block-column-is-layout-flow\">\n<h6 id=\"wp-block-themeisle-blocks-advanced-heading-1ced8fa9\" class=\"wp-block-themeisle-blocks-advanced-heading wp-block-themeisle-blocks-advanced-heading-1ced8fa9\">\u00a0<strong>Audit Poka-Yoke<\/strong><br><em>V\u00e9rifier la pertinence et le bon fonctionnement\u00a0 du Poka-Yoke mis en place en fonction du besoin initial<\/em><br><em>Pour les incidents rouge <strong>dans <em><strong>LA QUALITE ENTRANTE<\/strong><\/em> et si pr\u00e9sence d\u2019un Poka-Yoke<\/strong><\/em><\/h6>\n<\/div>\n\n\n\n<div class=\"wp-block-column is-layout-flow wp-block-column-is-layout-flow\">\n<h6 id=\"wp-block-themeisle-blocks-advanced-heading-39191bbb\" class=\"wp-block-themeisle-blocks-advanced-heading wp-block-themeisle-blocks-advanced-heading-39191bbb\"><strong>Cotation 8D<\/strong><br><em>Evaluer la qualit\u00e9\u00a0 des r\u00e9ponses apport\u00e9es au 8D par le fournisseur<\/em><br><em><strong>Au moins incidents c\u00f4t\u00e9s rouge\/orange\u00a0dans <em><strong>LA QUALITE ENTRANTE<\/strong><\/em><\/strong><\/em><br>\u00a0<\/h6>\n<\/div>\n\n\n\n<div class=\"wp-block-column is-layout-flow wp-block-column-is-layout-flow\">\n<h6 id=\"wp-block-themeisle-blocks-advanced-heading-f2ddca54\" class=\"wp-block-themeisle-blocks-advanced-heading wp-block-themeisle-blocks-advanced-heading-f2ddca54\"><strong>Audit 8D (*)<\/strong><br><em>Mesurer l\u2019efficacit\u00e9 et la capitalisation de la r\u00e9solution de l\u2019incident<\/em><br><em><strong>Incidents c\u00f4t\u00e9s rouge ou orange dans <em><strong>LA QUALITE ENTRANTE<\/strong><\/em><\/strong><\/em><\/h6>\n<\/div>\n<\/div>\n\n\n\n<p><\/p>","protected":false},"excerpt":{"rendered":"","protected":false},"author":1,"featured_media":0,"parent":0,"menu_order":0,"comment_status":"closed","ping_status":"closed","template":"","meta":{"saved_in_kubio":true,"_regular_price":[],"currency_symbol":[],"_monsterinsights_skip_tracking":false,"_monsterinsights_sitenote_active":false,"_monsterinsights_sitenote_note":"","_monsterinsights_sitenote_category":0,"_uf_show_specific_survey":0,"_uf_disable_surveys":false,"_themeisle_gutenberg_block_has_review":false,"footnotes":""},"class_list":["post-30174","page","type-page","status-publish","hentry"],"post_slider_layout_featured_media_urls":{"thumbnail":"","post_slider_layout_landscape_large":"","post_slider_layout_portrait_large":"","post_slider_layout_square_large":"","post_slider_layout_landscape":"","post_slider_layout_portrait":"","post_slider_layout_square":"","full":""},"kubio_ai_page_context":{"short_desc":"","purpose":"general"},"jetpack_sharing_enabled":true,"_links":{"self":[{"href":"https:\/\/tekjob.fr\/en\/wp-json\/wp\/v2\/pages\/30174","targetHints":{"allow":["GET"]}}],"collection":[{"href":"https:\/\/tekjob.fr\/en\/wp-json\/wp\/v2\/pages"}],"about":[{"href":"https:\/\/tekjob.fr\/en\/wp-json\/wp\/v2\/types\/page"}],"author":[{"embeddable":true,"href":"https:\/\/tekjob.fr\/en\/wp-json\/wp\/v2\/users\/1"}],"replies":[{"embeddable":true,"href":"https:\/\/tekjob.fr\/en\/wp-json\/wp\/v2\/comments?post=30174"}],"version-history":[{"count":28,"href":"https:\/\/tekjob.fr\/en\/wp-json\/wp\/v2\/pages\/30174\/revisions"}],"predecessor-version":[{"id":30210,"href":"https:\/\/tekjob.fr\/en\/wp-json\/wp\/v2\/pages\/30174\/revisions\/30210"}],"wp:attachment":[{"href":"https:\/\/tekjob.fr\/en\/wp-json\/wp\/v2\/media?parent=30174"}],"curies":[{"name":"wp","href":"https:\/\/api.w.org\/{rel}","templated":true}]}}