{"id":28462,"date":"2026-02-16T12:04:44","date_gmt":"2026-02-16T12:04:44","guid":{"rendered":"https:\/\/tekjob.fr\/?page_id=28462"},"modified":"2026-05-08T23:51:52","modified_gmt":"2026-05-08T23:51:52","slug":"tekjob-indus","status":"publish","type":"page","link":"https:\/\/tekjob.fr\/en\/tekjob-indus\/","title":{"rendered":"TEKJOB Indus"},"content":{"rendered":"\n\n\n\n\n\n\n<div id=\"wp-block-themeisle-blocks-slider-9f0c0664\" class=\"wp-block-themeisle-blocks-slider glide\" data-per-view=\"1\" data-gap=\"0\" data-peek=\"0\" data-autoplay=\"true\" data-height=\"400px\" data-hide-arrows=\"false\"><div class=\"glide__track\" data-glide-el=\"track\"><div class=\"glide__slides\"><div class=\"wp-block-themeisle-blocks-slider-item-wrapper glide__slide\" tabindex=\"0\"><figure><img data-opt-id=1663538633  fetchpriority=\"high\" decoding=\"async\" class=\"wp-block-themeisle-blocks-slider-item\" src=\"https:\/\/mlris4gadtgv.i.optimole.com\/cb:wDTm.403\/w:auto\/h:auto\/q:mauto\/f:best\/https:\/\/tekjob.fr\/wp-content\/uploads\/2026\/02\/hydraulique_hydraulics_v1__078207700_1808_28052015.jpg\" alt=\"hydraulique hydraulics v1 078207700 1808 28052015\" title=\"hydraulique hydraulics v1 078207700 1808 28052015\" data-id=\"28632\"\/><figcaption>Hydraulique <\/figcaption><\/figure><\/div><div class=\"wp-block-themeisle-blocks-slider-item-wrapper glide__slide\" tabindex=\"0\"><figure><img data-opt-id=1488794218  fetchpriority=\"high\" decoding=\"async\" class=\"wp-block-themeisle-blocks-slider-item\" src=\"https:\/\/mlris4gadtgv.i.optimole.com\/cb:wDTm.403\/w:auto\/h:auto\/q:mauto\/f:best\/https:\/\/tekjob.fr\/wp-content\/uploads\/2026\/02\/raccord_hydraulique_1-1.png\" alt=\"raccord hydraulique 1\" title=\"raccord hydraulique 1\" data-id=\"28613\"\/><figcaption>Raccord hydraulique <\/figcaption><\/figure><\/div><div class=\"wp-block-themeisle-blocks-slider-item-wrapper glide__slide\" tabindex=\"0\"><figure><img data-opt-id=183242418  data-opt-src=\"https:\/\/mlris4gadtgv.i.optimole.com\/cb:wDTm.403\/w:auto\/h:auto\/q:mauto\/f:best\/https:\/\/tekjob.fr\/wp-content\/uploads\/2026\/02\/pneumatique.png\"  decoding=\"async\" class=\"wp-block-themeisle-blocks-slider-item\" src=\"data:image/svg+xml,%3Csvg%20viewBox%3D%220%200%20100%%20100%%22%20width%3D%22100%%22%20height%3D%22100%%22%20xmlns%3D%22http%3A%2F%2Fwww.w3.org%2F2000%2Fsvg%22%3E%3Crect%20width%3D%22100%%22%20height%3D%22100%%22%20fill%3D%22transparent%22%2F%3E%3C%2Fsvg%3E\" alt=\"pneumatique\" title=\"pneumatique\" data-id=\"28614\"\/><figcaption>pneumatique<\/figcaption><\/figure><\/div><div class=\"wp-block-themeisle-blocks-slider-item-wrapper glide__slide\" tabindex=\"0\"><figure><img data-opt-id=1887832549  data-opt-src=\"https:\/\/mlris4gadtgv.i.optimole.com\/cb:wDTm.403\/w:auto\/h:auto\/q:mauto\/f:best\/https:\/\/tekjob.fr\/wp-content\/uploads\/2026\/02\/robinetterie-industrielle-industrial-valves-1.png\"  decoding=\"async\" class=\"wp-block-themeisle-blocks-slider-item\" src=\"data:image/svg+xml,%3Csvg%20viewBox%3D%220%200%20100%%20100%%22%20width%3D%22100%%22%20height%3D%22100%%22%20xmlns%3D%22http%3A%2F%2Fwww.w3.org%2F2000%2Fsvg%22%3E%3Crect%20width%3D%22100%%22%20height%3D%22100%%22%20fill%3D%22transparent%22%2F%3E%3C%2Fsvg%3E\" alt=\"robinetterie industrielle industrial valves\" title=\"robinetterie industrielle industrial valves\" data-id=\"28616\"\/><figcaption>robinetterie <\/figcaption><\/figure><\/div><div class=\"wp-block-themeisle-blocks-slider-item-wrapper glide__slide\" tabindex=\"0\"><figure><img data-opt-id=122098745  data-opt-src=\"https:\/\/mlris4gadtgv.i.optimole.com\/cb:wDTm.403\/w:auto\/h:auto\/q:mauto\/f:best\/https:\/\/tekjob.fr\/wp-content\/uploads\/2026\/02\/manutention_handling_image__029730500_1057_11052015-1.jpg\"  decoding=\"async\" class=\"wp-block-themeisle-blocks-slider-item\" src=\"data:image/svg+xml,%3Csvg%20viewBox%3D%220%200%20100%%20100%%22%20width%3D%22100%%22%20height%3D%22100%%22%20xmlns%3D%22http%3A%2F%2Fwww.w3.org%2F2000%2Fsvg%22%3E%3Crect%20width%3D%22100%%22%20height%3D%22100%%22%20fill%3D%22transparent%22%2F%3E%3C%2Fsvg%3E\" alt=\"manutention handling image 029730500 1057 11052015\" title=\"manutention handling image 029730500 1057 11052015\" data-id=\"28620\"\/><figcaption>manutention handling <\/figcaption><\/figure><\/div><div class=\"wp-block-themeisle-blocks-slider-item-wrapper glide__slide\" tabindex=\"0\"><figure><img data-opt-id=765395464  data-opt-src=\"https:\/\/mlris4gadtgv.i.optimole.com\/cb:wDTm.403\/w:auto\/h:auto\/q:mauto\/f:best\/https:\/\/tekjob.fr\/wp-content\/uploads\/2026\/02\/calibration-service.jpg\"  decoding=\"async\" class=\"wp-block-themeisle-blocks-slider-item\" src=\"data:image/svg+xml,%3Csvg%20viewBox%3D%220%200%20100%%20100%%22%20width%3D%22100%%22%20height%3D%22100%%22%20xmlns%3D%22http%3A%2F%2Fwww.w3.org%2F2000%2Fsvg%22%3E%3Crect%20width%3D%22100%%22%20height%3D%22100%%22%20fill%3D%22transparent%22%2F%3E%3C%2Fsvg%3E\" alt=\"calibration service\" title=\"calibration service\" data-id=\"28573\"\/><figcaption>Calibration Services<\/figcaption><\/figure><\/div><div class=\"wp-block-themeisle-blocks-slider-item-wrapper glide__slide\" tabindex=\"0\"><figure><img data-opt-id=679077122  data-opt-src=\"https:\/\/mlris4gadtgv.i.optimole.com\/cb:wDTm.403\/w:auto\/h:auto\/q:mauto\/f:best\/https:\/\/tekjob.fr\/wp-content\/uploads\/2026\/02\/Services_inspection.jpg\"  decoding=\"async\" class=\"wp-block-themeisle-blocks-slider-item\" src=\"data:image/svg+xml,%3Csvg%20viewBox%3D%220%200%20100%%20100%%22%20width%3D%22100%%22%20height%3D%22100%%22%20xmlns%3D%22http%3A%2F%2Fwww.w3.org%2F2000%2Fsvg%22%3E%3Crect%20width%3D%22100%%22%20height%3D%22100%%22%20fill%3D%22transparent%22%2F%3E%3C%2Fsvg%3E\" alt=\"services inspection\" title=\"services inspection\" data-id=\"28580\"\/><figcaption>Engineering Services<\/figcaption><\/figure><\/div><\/div><div class=\"glide__bullets\" data-glide-el=\"controls[nav]\"><button class=\"glide__bullet\" data-glide-dir=\"=0\"><\/button><button class=\"glide__bullet\" data-glide-dir=\"=1\"><\/button><button class=\"glide__bullet\" data-glide-dir=\"=2\"><\/button><button class=\"glide__bullet\" data-glide-dir=\"=3\"><\/button><button class=\"glide__bullet\" data-glide-dir=\"=4\"><\/button><button class=\"glide__bullet\" data-glide-dir=\"=5\"><\/button><button class=\"glide__bullet\" data-glide-dir=\"=6\"><\/button><\/div><\/div><\/div>\n\n\n\n<div class=\"wp-block-group alignfull is-content-justification-center\" style=\"margin-top:0;margin-bottom:0;padding-top:calc( 0.5 * var(--wp--style--root--padding-right, var(--wp--custom--gap--horizontal)));padding-right:var(--wp--style--root--padding-right, var(--wp--custom--gap--horizontal));padding-bottom:calc( 0.5 * var(--wp--style--root--padding-right, var(--wp--custom--gap--horizontal)));padding-left:var(--wp--style--root--padding-left, var(--wp--custom--gap--horizontal))\"><div class=\"wp-block-group__inner-container is-layout-constrained wp-container-core-group-is-layout-df757ecc wp-block-group-is-layout-constrained\">\n<div style=\"height:calc( 0.25 * var(--wp--style--root--padding-right, var(--wp--custom--gap--horizontal)))\" aria-hidden=\"true\" class=\"wp-block-spacer\"><\/div>\n\n\n\n<div class=\"wp-block-columns alignwide are-vertically-aligned-center is-layout-flex wp-container-core-columns-is-layout-7fc3d43a wp-block-columns-is-layout-flex\">\n<div class=\"wp-block-column is-vertically-aligned-center is-layout-flow wp-block-column-is-layout-flow\">\n<h2 class=\"wp-block-heading alignwide\"><strong>Smart Industry<\/strong><\/h2>\n\n\n\n<p><strong><strong><strong>La Smart Industry <\/strong><\/strong><\/strong>&nbsp;recouvre la transformation physique ou bien chimique de mat\u00e9riaux, de substances ou de composants en nouveaux produits. Dans ce secteur changeant et tr\u00e8s concurrentiel, les fabricants doivent faire face \u00e0 de multiples contraintes : <strong>l\u2019acc\u00e9l\u00e9ration du progr\u00e8s technique avec des conceptions plus complexes<\/strong> et des <strong>cycles de vie de produits plus courts<\/strong>, <strong>la fragmentation des processus de production<\/strong>, le prix des mati\u00e8res premi\u00e8res, l\u2019internationalisation de la production et des march\u00e9s, <strong>une d\u00e9gradation de la rentabilit\u00e9 et une contraction des march\u00e9s du cr\u00e9dit.<\/strong><\/p>\n\n\n\n<p><strong><strong>La Smart Industry<\/strong> accompagne l&#8217;Industrie.04 au del\u00e0 de &#8220;l\u2019 Ing\u00e9nierie et du Digital&#8221;<\/strong>. Nous acc\u00e9l\u00e9rons cette transformation vers plus de connectivit\u00e9, d\u2019efficacit\u00e9 et de sobri\u00e9t\u00e9 ! <strong>Nous mobilisons nos expertises au service de la s\u00fbret\u00e9, de la qualit\u00e9, de la performance et du respect des co\u00fbts et des d\u00e9lais.<\/strong><\/p>\n\n\n\n<ul class=\"wp-block-list\">\n<li><strong>Conception de syst\u00e8me complet ou sous syst\u00e8me m\u00e9canique.<\/strong><\/li>\n<\/ul>\n\n\n\n<ul class=\"wp-block-list\">\n<li><strong>Des syst\u00e8mes connect\u00e9s au service de l&#8217;innovation et de la performance<\/strong><\/li>\n<\/ul>\n\n\n\n<p>Ce sont des outils puissants qui permettent aux entreprises de relever des d\u00e9fis toujours plus complexes, tout en garantissant des performances optimales.<\/p>\n\n\n\n<p><strong>Notre expertise<\/strong><\/p>\n\n\n\n<ol class=\"wp-block-list\">\n<li>Conception de syst\u00e8me complet ou sous syst\u00e8me m\u00e9canique.<\/li>\n\n\n\n<li>D\u00e9veloppement ou int\u00e9gration applicative, multiplateforme et multimodale.<\/li>\n\n\n\n<li>Simulation num\u00e9rique, structurelle et fluidique.<\/li>\n\n\n\n<li>Gestion et l\u2019architecture de syst\u00e8me et r\u00e9seau, de l\u2019innovation aux m\u00e9tiers de nos clients (interfaces naturelles, internet des objets)<\/li>\n\n\n\n<li>Process du point de vue d\u2019\u00e9tude et dimensionnel.<\/li>\n\n\n\n<li>Industrialisation \u00e0 travers les AMDEC, l\u2019analyse de la valeur et des composants.<\/li>\n\n\n\n<li>Audit et accompagnement&nbsp;; Archtecture d\u2019entreprise technique, audit de performance, audit qualit\u00e9, support au cycle de vie.<\/li>\n<\/ol>\n\n\n\n<p>Pour accompagner les acteurs de ce secteur dans leur d\u00e9marche d\u2019innovation et d\u2019optimisation de leurs process, l\u2019offre de <strong><strong><strong>la Smart Industry<\/strong><\/strong><\/strong>&nbsp;se d\u00e9compose selon les axes suivants :<\/p>\n\n\n\n<ul class=\"wp-block-list\">\n<li>Etudes &amp; Ing\u00e9nierie<\/li>\n\n\n\n<li>Support aux projets<\/li>\n\n\n\n<li>Bureau d\u2019\u00e9tudes<\/li>\n<\/ul>\n\n\n\n<div class=\"wp-block-buttons is-layout-flex wp-block-buttons-is-layout-flex\">\n<div class=\"wp-block-button\"><a class=\"wp-block-button__link wp-element-button\" href=\"https:\/\/form.jotform.com\/220845801227351\">Nous rencontrer<\/a><\/div>\n<\/div>\n<\/div>\n<\/div>\n<\/div><\/div>\n\n\n\n\n\n\n","protected":false},"excerpt":{"rendered":"<p>Smart Industry La Smart Industry &nbsp;recouvre la transformation physique ou bien chimique de mat\u00e9riaux, de substances ou de composants en [&hellip;]<\/p>\n","protected":false},"author":1,"featured_media":0,"parent":0,"menu_order":0,"comment_status":"closed","ping_status":"closed","template":"","meta":{"saved_in_kubio":true,"_regular_price":[],"currency_symbol":[],"_monsterinsights_skip_tracking":false,"_monsterinsights_sitenote_active":false,"_monsterinsights_sitenote_note":"","_monsterinsights_sitenote_category":0,"_uf_show_specific_survey":0,"_uf_disable_surveys":false,"_themeisle_gutenberg_block_has_review":false,"footnotes":""},"class_list":["post-28462","page","type-page","status-publish","hentry"],"post_slider_layout_featured_media_urls":{"thumbnail":"","post_slider_layout_landscape_large":"","post_slider_layout_portrait_large":"","post_slider_layout_square_large":"","post_slider_layout_landscape":"","post_slider_layout_portrait":"","post_slider_layout_square":"","full":""},"kubio_ai_page_context":{"short_desc":"","purpose":"general"},"jetpack_sharing_enabled":true,"_links":{"self":[{"href":"https:\/\/tekjob.fr\/en\/wp-json\/wp\/v2\/pages\/28462","targetHints":{"allow":["GET"]}}],"collection":[{"href":"https:\/\/tekjob.fr\/en\/wp-json\/wp\/v2\/pages"}],"about":[{"href":"https:\/\/tekjob.fr\/en\/wp-json\/wp\/v2\/types\/page"}],"author":[{"embeddable":true,"href":"https:\/\/tekjob.fr\/en\/wp-json\/wp\/v2\/users\/1"}],"replies":[{"embeddable":true,"href":"https:\/\/tekjob.fr\/en\/wp-json\/wp\/v2\/comments?post=28462"}],"version-history":[{"count":29,"href":"https:\/\/tekjob.fr\/en\/wp-json\/wp\/v2\/pages\/28462\/revisions"}],"predecessor-version":[{"id":30526,"href":"https:\/\/tekjob.fr\/en\/wp-json\/wp\/v2\/pages\/28462\/revisions\/30526"}],"wp:attachment":[{"href":"https:\/\/tekjob.fr\/en\/wp-json\/wp\/v2\/media?parent=28462"}],"curies":[{"name":"wp","href":"https:\/\/api.w.org\/{rel}","templated":true}]}}