{"id":28361,"date":"2026-02-21T14:22:00","date_gmt":"2026-02-21T14:22:00","guid":{"rendered":"https:\/\/tekjob.fr\/?page_id=28361"},"modified":"2026-03-06T18:44:41","modified_gmt":"2026-03-06T18:44:41","slug":"nos-services","status":"publish","type":"page","link":"https:\/\/tekjob.fr\/en\/nos-services\/","title":{"rendered":"Nos services"},"content":{"rendered":"<h3 class=\"wp-block-heading\"><strong>Trouver des talents qualifi\u00e9s dans les secteurs de la sant\u00e9, mobilit\u00e9, \u00e9nergie, digital et ma\u00eetriser les co\u00fbts \u00e0 l&rsquo;\u00e9chelle mondiale.<\/strong><\/h3>\n\n\n\n<h4 class=\"wp-block-heading\"><strong>Organisez vos processus de recrutement gr\u00e2ce \u00e0 des services personnalis\u00e9s et acc\u00e9dez \u00e0 des experts en pharma et biotech, eng\u00e9nierie, et digital<\/strong>.<\/h4>\n\n\n\n<h3 class=\"wp-block-heading\"><strong>Besoin de transforfmer votre entreprise ?<\/strong><\/h3>\n\n\n\n<p>Pleinement immerg\u00e9s dans les tendances mondiales en mati\u00e8re de recrutement technologique, nos consultants peuvent r\u00e9pondre \u00e0 vos exigences sp\u00e9cifiques gr\u00e2ce \u00e0 des mod\u00e8les de prestation flexibles en augmentant le choix et en tirant parti du budget allou\u00e9.<\/p>\n\n\n\n<p>Nous aimons collaborer \u00e9troitement avec nos clients et \u00e9tablir des relations qui comptent. Donner la priorit\u00e9 aux personnes signifie que nous nous engageons toujours avec le plus grand s\u00e9rieux et la plus grande transparence.<\/p>\n\n\n\n\n\n<div class=\"wp-block-group alignfull is-content-justification-center\" style=\"margin-top:0;margin-bottom:0;padding-top:calc( 0.5 * var(--wp--style--root--padding-right, var(--wp--custom--gap--horizontal)));padding-right:var(--wp--style--root--padding-right, var(--wp--custom--gap--horizontal));padding-bottom:calc( 0.5 * var(--wp--style--root--padding-right, var(--wp--custom--gap--horizontal)));padding-left:var(--wp--style--root--padding-left, var(--wp--custom--gap--horizontal))\"><div class=\"wp-block-group__inner-container is-layout-constrained wp-container-core-group-is-layout-df757ecc wp-block-group-is-layout-constrained\">\n<div style=\"height:calc( 0.25 * var(--wp--style--root--padding-right, var(--wp--custom--gap--horizontal)))\" aria-hidden=\"true\" class=\"wp-block-spacer\"><\/div>\n\n\n\n<div class=\"wp-block-columns alignwide are-vertically-aligned-center is-layout-flex wp-container-core-columns-is-layout-7fc3d43a wp-block-columns-is-layout-flex\">\n<div class=\"wp-block-column is-vertically-aligned-center is-layout-flow wp-block-column-is-layout-flow\">\n<figure class=\"wp-block-image size-full is-resized\"><img data-opt-id=2146835041  fetchpriority=\"high\" decoding=\"async\" width=\"300\" height=\"400\" src=\"https:\/\/mlris4gadtgv.i.optimole.com\/w:auto\/h:auto\/q:mauto\/f:best\/https:\/\/tekjob.fr\/wp-content\/uploads\/2019\/06\/instructor-2-free-img.jpg\" alt=\"Instructor 2 Free Img\" class=\"wp-image-24320\" style=\"aspect-ratio:1;object-fit:cover;width:542px;height:auto\" title=\"Nos services\" srcset=\"https:\/\/mlris4gadtgv.i.optimole.com\/w:300\/h:400\/q:mauto\/f:best\/https:\/\/tekjob.fr\/wp-content\/uploads\/2019\/06\/instructor-2-free-img.jpg 300w, https:\/\/mlris4gadtgv.i.optimole.com\/w:225\/h:300\/q:mauto\/f:best\/https:\/\/tekjob.fr\/wp-content\/uploads\/2019\/06\/instructor-2-free-img.jpg 225w\" sizes=\"(max-width: 300px) 100vw, 300px\" \/><\/figure>\n<\/div>\n\n\n\n<div class=\"wp-block-column is-vertically-aligned-center is-layout-flow wp-block-column-is-layout-flow\">\n<h3 class=\"wp-block-heading alignwide\"><strong>Vous connaissez le profil de talent dont vous avez besoin ?<\/strong><\/h3>\n\n\n\n<p>G\u00e9nial ! Ne perdons pas de temps &#8211; commencez votre recherche d\u00e8s aujourd&rsquo;hui. Parlez-nous du ou des postes pour lesquels vous rechercher de nouveaux talents et l&rsquo;un de nos recruteurs vous contactera pour vous pr\u00e9senter notre vivier de freelances sp\u00e9cialis\u00e9s.<\/p>\n\n\n\n<div class=\"wp-block-buttons is-layout-flex wp-block-buttons-is-layout-flex\">\n<div class=\"wp-block-button\"><a class=\"wp-block-button__link wp-element-button\">Meet us<\/a><\/div>\n<\/div>\n<\/div>\n<\/div>\n\n\n\n<div style=\"height:calc( 0.25 * var(--wp--style--root--padding-right, var(--wp--custom--gap--horizontal)))\" aria-hidden=\"true\" class=\"wp-block-spacer\"><\/div>\n<\/div><\/div>\n\n\n\n<div class=\"wp-block-media-text alignfull has-media-on-the-right is-stacked-on-mobile is-vertically-aligned-center is-style-default\" style=\"grid-template-columns:auto 56%\"><div class=\"wp-block-media-text__content\">\n<h3 class=\"wp-block-heading has-text-color\" style=\"color:#000000\"><strong>Transformer les processus de recrutement<\/strong><\/h3>\n\n\n\n<p><\/p>\n\n\n\n<p><strong>En travaillant avec nous, quel que soit le service que vous choisissez, vous aurez acc\u00e8s \u00e0 :<\/strong><\/p>\n\n\n\n<p><\/p>\n\n\n\n<ul class=\"wp-block-list\">\n<li>Un r\u00e9seau mondial de sp\u00e9cialistes recherch\u00e9s<\/li>\n<\/ul>\n\n\n\n<ul class=\"wp-block-list\">\n<li>Des experts en recrutement<\/li>\n<\/ul>\n\n\n\n<ul class=\"wp-block-list\">\n<li>Des tendances de recrutement pour votre industrie<\/li>\n<\/ul>\n\n\n\n<ul class=\"wp-block-list\">\n<li>Un support de gestion des contractuels et de conformit\u00e9<\/li>\n<\/ul>\n\n\n\n<ul class=\"wp-block-list\">\n<li>Un soutien apr\u00e8s le placement<\/li>\n<\/ul>\n<\/div><figure class=\"wp-block-media-text__media\"><img data-opt-id=752777986  fetchpriority=\"high\" decoding=\"async\" width=\"800\" height=\"407\" src=\"https:\/\/mlris4gadtgv.i.optimole.com\/w:auto\/h:auto\/q:mauto\/f:best\/https:\/\/tekjob.fr\/wp-content\/uploads\/2026\/01\/gestion-projet.jpg\" alt=\"gestion projet\" class=\"wp-image-27828 size-full\" title=\"Nos services\" srcset=\"https:\/\/mlris4gadtgv.i.optimole.com\/w:800\/h:407\/q:mauto\/f:best\/https:\/\/tekjob.fr\/wp-content\/uploads\/2026\/01\/gestion-projet.jpg 800w, https:\/\/mlris4gadtgv.i.optimole.com\/w:300\/h:153\/q:mauto\/f:best\/https:\/\/tekjob.fr\/wp-content\/uploads\/2026\/01\/gestion-projet.jpg 300w, https:\/\/mlris4gadtgv.i.optimole.com\/w:768\/h:391\/q:mauto\/f:best\/https:\/\/tekjob.fr\/wp-content\/uploads\/2026\/01\/gestion-projet.jpg 768w, https:\/\/mlris4gadtgv.i.optimole.com\/w:18\/h:9\/q:mauto\/f:best\/dpr:2\/https:\/\/tekjob.fr\/wp-content\/uploads\/2026\/01\/gestion-projet.jpg 18w, https:\/\/mlris4gadtgv.i.optimole.com\/w:600\/h:305\/q:mauto\/f:best\/https:\/\/tekjob.fr\/wp-content\/uploads\/2026\/01\/gestion-projet.jpg 600w\" sizes=\"(max-width: 800px) 100vw, 800px\" \/><\/figure><\/div>\n\n\n\n<div class=\"wp-block-group alignfull is-content-justification-center\" style=\"margin-top:0;margin-bottom:0;padding-top:calc( 0.5 * var(--wp--style--root--padding-right, var(--wp--custom--gap--horizontal)));padding-right:var(--wp--style--root--padding-right, var(--wp--custom--gap--horizontal));padding-bottom:calc( 0.5 * var(--wp--style--root--padding-right, var(--wp--custom--gap--horizontal)));padding-left:var(--wp--style--root--padding-left, var(--wp--custom--gap--horizontal))\"><div class=\"wp-block-group__inner-container is-layout-constrained wp-container-core-group-is-layout-df757ecc wp-block-group-is-layout-constrained\">\n<div style=\"height:calc( 0.25 * var(--wp--style--root--padding-right, var(--wp--custom--gap--horizontal)))\" aria-hidden=\"true\" class=\"wp-block-spacer\"><\/div>\n\n\n\n<div class=\"wp-block-columns alignwide are-vertically-aligned-center is-layout-flex wp-container-core-columns-is-layout-7fc3d43a wp-block-columns-is-layout-flex\">\n<div class=\"wp-block-column is-vertically-aligned-center is-layout-flow wp-block-column-is-layout-flow\">\n<figure class=\"wp-block-image size-full is-resized\"><img data-opt-id=153854910  data-opt-src=\"https:\/\/mlris4gadtgv.i.optimole.com\/w:auto\/h:auto\/q:mauto\/f:best\/https:\/\/tekjob.fr\/wp-content\/uploads\/2026\/02\/businesswoman-with-earbuds-and-phone-working-on-laptop-in-office-Tekjob.jpg\"  decoding=\"async\" width=\"1024\" height=\"682\" src=\"data:image/svg+xml,%3Csvg%20viewBox%3D%220%200%20100%%20100%%22%20width%3D%22100%%22%20height%3D%22100%%22%20xmlns%3D%22http%3A%2F%2Fwww.w3.org%2F2000%2Fsvg%22%3E%3Crect%20width%3D%22100%%22%20height%3D%22100%%22%20fill%3D%22transparent%22%2F%3E%3C%2Fsvg%3E\" alt=\"Businesswoman With Earbuds And Phone Working On Laptop In Office Tekjob\" class=\"wp-image-27973\" style=\"aspect-ratio:1;object-fit:cover;width:542px;height:auto\" title=\"Nos services\" old-srcset=\"https:\/\/mlris4gadtgv.i.optimole.com\/w:1024\/h:682\/q:mauto\/f:best\/https:\/\/tekjob.fr\/wp-content\/uploads\/2026\/02\/businesswoman-with-earbuds-and-phone-working-on-laptop-in-office-Tekjob.jpg 1024w, https:\/\/mlris4gadtgv.i.optimole.com\/w:300\/h:200\/q:mauto\/f:best\/https:\/\/tekjob.fr\/wp-content\/uploads\/2026\/02\/businesswoman-with-earbuds-and-phone-working-on-laptop-in-office-Tekjob.jpg 300w, https:\/\/mlris4gadtgv.i.optimole.com\/w:768\/h:512\/q:mauto\/f:best\/https:\/\/tekjob.fr\/wp-content\/uploads\/2026\/02\/businesswoman-with-earbuds-and-phone-working-on-laptop-in-office-Tekjob.jpg 768w, https:\/\/mlris4gadtgv.i.optimole.com\/w:18\/h:12\/q:mauto\/f:best\/dpr:2\/https:\/\/tekjob.fr\/wp-content\/uploads\/2026\/02\/businesswoman-with-earbuds-and-phone-working-on-laptop-in-office-Tekjob.jpg 18w, https:\/\/mlris4gadtgv.i.optimole.com\/w:600\/h:400\/q:mauto\/f:best\/https:\/\/tekjob.fr\/wp-content\/uploads\/2026\/02\/businesswoman-with-earbuds-and-phone-working-on-laptop-in-office-Tekjob.jpg 600w, https:\/\/mlris4gadtgv.i.optimole.com\/w:570\/h:380\/q:mauto\/f:best\/https:\/\/tekjob.fr\/wp-content\/uploads\/2026\/02\/businesswoman-with-earbuds-and-phone-working-on-laptop-in-office-Tekjob.jpg 570w, https:\/\/mlris4gadtgv.i.optimole.com\/w:380\/h:254\/q:mauto\/f:best\/https:\/\/tekjob.fr\/wp-content\/uploads\/2026\/02\/businesswoman-with-earbuds-and-phone-working-on-laptop-in-office-Tekjob.jpg 380w, https:\/\/mlris4gadtgv.i.optimole.com\/w:285\/h:190\/q:mauto\/f:best\/https:\/\/tekjob.fr\/wp-content\/uploads\/2026\/02\/businesswoman-with-earbuds-and-phone-working-on-laptop-in-office-Tekjob.jpg 285w\" \/><\/figure>\n<\/div>\n\n\n\n<div class=\"wp-block-column is-vertically-aligned-center is-layout-flow wp-block-column-is-layout-flow\">\n<h3 class=\"wp-block-heading alignwide\"><strong>Vous n&rsquo;\u00eates pas s\u00fbr des comp\u00e9tences dont vous avez besoin ?<\/strong><\/h3>\n\n\n\n<p>Contactez-nous d\u00e8s aujourd&rsquo;hui, et l&rsquo;un de nos recruteurs reviendra vers vous pour discuter de vos besoins et vous aider dans votre recherche de talents.<\/p>\n\n\n\n<div class=\"wp-block-buttons is-layout-flex wp-block-buttons-is-layout-flex\">\n<div class=\"wp-block-button\"><a class=\"wp-block-button__link wp-element-button\">Meet us<\/a><\/div>\n<\/div>\n<\/div>\n<\/div>\n\n\n\n<div style=\"height:calc( 0.25 * var(--wp--style--root--padding-right, var(--wp--custom--gap--horizontal)))\" aria-hidden=\"true\" class=\"wp-block-spacer\"><\/div>\n<\/div><\/div>\n\n\n\n<p><\/p>","protected":false},"excerpt":{"rendered":"<p>Trouver des talents qualifi\u00e9s dans les secteurs de la sant\u00e9, mobilit\u00e9, \u00e9nergie, digital et ma\u00eetriser les co\u00fbts \u00e0 l&rsquo;\u00e9chelle mondiale. [&hellip;]<\/p>\n","protected":false},"author":1,"featured_media":0,"parent":0,"menu_order":0,"comment_status":"closed","ping_status":"closed","template":"","meta":{"saved_in_kubio":true,"_regular_price":[],"currency_symbol":[],"_surecart_dashboard_logo_width":"180px","_surecart_dashboard_show_logo":true,"_surecart_dashboard_navigation_orders":true,"_surecart_dashboard_navigation_invoices":true,"_surecart_dashboard_navigation_subscriptions":true,"_surecart_dashboard_navigation_downloads":true,"_surecart_dashboard_navigation_billing":true,"_surecart_dashboard_navigation_account":true,"_monsterinsights_skip_tracking":false,"_monsterinsights_sitenote_active":false,"_monsterinsights_sitenote_note":"","_monsterinsights_sitenote_category":0,"_uf_show_specific_survey":0,"_uf_disable_surveys":false,"_themeisle_gutenberg_block_has_review":false,"footnotes":""},"class_list":["post-28361","page","type-page","status-publish","hentry"],"post_slider_layout_featured_media_urls":{"thumbnail":"","post_slider_layout_landscape_large":"","post_slider_layout_portrait_large":"","post_slider_layout_square_large":"","post_slider_layout_landscape":"","post_slider_layout_portrait":"","post_slider_layout_square":"","full":""},"kubio_ai_page_context":{"short_desc":"","purpose":"general"},"jetpack_sharing_enabled":true,"_links":{"self":[{"href":"https:\/\/tekjob.fr\/en\/wp-json\/wp\/v2\/pages\/28361","targetHints":{"allow":["GET"]}}],"collection":[{"href":"https:\/\/tekjob.fr\/en\/wp-json\/wp\/v2\/pages"}],"about":[{"href":"https:\/\/tekjob.fr\/en\/wp-json\/wp\/v2\/types\/page"}],"author":[{"embeddable":true,"href":"https:\/\/tekjob.fr\/en\/wp-json\/wp\/v2\/users\/1"}],"replies":[{"embeddable":true,"href":"https:\/\/tekjob.fr\/en\/wp-json\/wp\/v2\/comments?post=28361"}],"version-history":[{"count":28,"href":"https:\/\/tekjob.fr\/en\/wp-json\/wp\/v2\/pages\/28361\/revisions"}],"predecessor-version":[{"id":29386,"href":"https:\/\/tekjob.fr\/en\/wp-json\/wp\/v2\/pages\/28361\/revisions\/29386"}],"wp:attachment":[{"href":"https:\/\/tekjob.fr\/en\/wp-json\/wp\/v2\/media?parent=28361"}],"curies":[{"name":"wp","href":"https:\/\/api.w.org\/{rel}","templated":true}]}}