{"id":28002,"date":"2026-02-21T00:14:56","date_gmt":"2026-02-21T00:14:56","guid":{"rendered":"https:\/\/tekjob.fr\/?page_id=28002"},"modified":"2026-02-24T22:34:55","modified_gmt":"2026-02-24T22:34:55","slug":"genie-chimique-et-procedes","status":"publish","type":"page","link":"https:\/\/tekjob.fr\/en\/genie-chimique-et-procedes\/","title":{"rendered":"G\u00e9nie chimique et proc\u00e9d\u00e9s"},"content":{"rendered":"\n<p><\/p>\n\n\n\n\n\n<div class=\"wp-block-group alignfull is-content-justification-center\" style=\"margin-top:0;margin-bottom:0;padding-top:calc( 0.5 * var(--wp--style--root--padding-right, var(--wp--custom--gap--horizontal)));padding-right:var(--wp--style--root--padding-right, var(--wp--custom--gap--horizontal));padding-bottom:calc( 0.5 * var(--wp--style--root--padding-right, var(--wp--custom--gap--horizontal)));padding-left:var(--wp--style--root--padding-left, var(--wp--custom--gap--horizontal))\"><div class=\"wp-block-group__inner-container is-layout-constrained wp-container-core-group-is-layout-df757ecc wp-block-group-is-layout-constrained\">\n<div style=\"height:calc( 0.25 * var(--wp--style--root--padding-right, var(--wp--custom--gap--horizontal)))\" aria-hidden=\"true\" class=\"wp-block-spacer\"><\/div>\n\n\n\n<div class=\"wp-block-columns alignwide are-vertically-aligned-center is-layout-flex wp-container-core-columns-is-layout-7fc3d43a wp-block-columns-is-layout-flex\">\n<div class=\"wp-block-column is-vertically-aligned-center is-layout-flow wp-block-column-is-layout-flow\">\n<div id=\"wp-block-themeisle-blocks-slider-f4cc1b86\" class=\"wp-block-themeisle-blocks-slider glide\" data-per-view=\"1\" data-gap=\"0\" data-peek=\"0\" data-autoplay=\"true\" data-height=\"400px\" data-hide-arrows=\"false\"><div class=\"glide__track\" data-glide-el=\"track\"><div class=\"glide__slides\"><div class=\"wp-block-themeisle-blocks-slider-item-wrapper glide__slide\" tabindex=\"0\"><figure><img data-opt-id=1071402143  fetchpriority=\"high\" decoding=\"async\" class=\"wp-block-themeisle-blocks-slider-item\" src=\"https:\/\/mlris4gadtgv.i.optimole.com\/w:auto\/h:auto\/q:mauto\/f:best\/https:\/\/tekjob.fr\/wp-content\/uploads\/2026\/02\/industry-concept-oil-refining-process.webp\" alt=\"industry concept oil refining process\" title=\"industry concept oil refining process\" data-id=\"28213\"\/><figcaption>Refining process<\/figcaption><\/figure><\/div><div class=\"wp-block-themeisle-blocks-slider-item-wrapper glide__slide\" tabindex=\"0\"><figure><img data-opt-id=2023521079  fetchpriority=\"high\" decoding=\"async\" class=\"wp-block-themeisle-blocks-slider-item\" src=\"https:\/\/mlris4gadtgv.i.optimole.com\/w:auto\/h:auto\/q:mauto\/f:best\/https:\/\/tekjob.fr\/wp-content\/uploads\/2026\/02\/FM_maintenance_multi_facility.jpg\" alt=\"fm maintenance multi facility\" title=\"fm maintenance multi facility\" data-id=\"28007\"\/><figcaption>Maintenance <\/figcaption><\/figure><\/div><div class=\"wp-block-themeisle-blocks-slider-item-wrapper glide__slide\" tabindex=\"0\"><figure><img data-opt-id=1440149572  data-opt-src=\"https:\/\/mlris4gadtgv.i.optimole.com\/w:auto\/h:auto\/q:mauto\/f:best\/https:\/\/tekjob.fr\/wp-content\/uploads\/2026\/02\/construction__094537000_1055_11052015.jpg\"  decoding=\"async\" class=\"wp-block-themeisle-blocks-slider-item\" src=\"data:image/svg+xml,%3Csvg%20viewBox%3D%220%200%20100%%20100%%22%20width%3D%22100%%22%20height%3D%22100%%22%20xmlns%3D%22http%3A%2F%2Fwww.w3.org%2F2000%2Fsvg%22%3E%3Crect%20width%3D%22100%%22%20height%3D%22100%%22%20fill%3D%22transparent%22%2F%3E%3C%2Fsvg%3E\" alt=\"construction 094537000 1055 11052015\" title=\"construction 094537000 1055 11052015\" data-id=\"28537\"\/><figcaption>Construction<\/figcaption><\/figure><\/div><div class=\"wp-block-themeisle-blocks-slider-item-wrapper glide__slide\" tabindex=\"0\"><figure><img data-opt-id=602720974  data-opt-src=\"https:\/\/mlris4gadtgv.i.optimole.com\/w:auto\/h:auto\/q:mauto\/f:best\/https:\/\/tekjob.fr\/wp-content\/uploads\/2026\/02\/manutention_handling_image__029730500_1057_11052015.jpg\"  decoding=\"async\" class=\"wp-block-themeisle-blocks-slider-item\" src=\"data:image/svg+xml,%3Csvg%20viewBox%3D%220%200%20100%%20100%%22%20width%3D%22100%%22%20height%3D%22100%%22%20xmlns%3D%22http%3A%2F%2Fwww.w3.org%2F2000%2Fsvg%22%3E%3Crect%20width%3D%22100%%22%20height%3D%22100%%22%20fill%3D%22transparent%22%2F%3E%3C%2Fsvg%3E\" alt=\"manutention handling image 029730500 1057 11052015\" title=\"manutention handling image 029730500 1057 11052015\" data-id=\"28538\"\/><figcaption>Manutention handling <\/figcaption><\/figure><\/div><div class=\"wp-block-themeisle-blocks-slider-item-wrapper glide__slide\" tabindex=\"0\"><figure><img data-opt-id=1336922565  data-opt-src=\"https:\/\/mlris4gadtgv.i.optimole.com\/w:auto\/h:auto\/q:mauto\/f:best\/https:\/\/tekjob.fr\/wp-content\/uploads\/2026\/02\/mine_mining__050569800_1058_11052015.jpg\"  decoding=\"async\" class=\"wp-block-themeisle-blocks-slider-item\" src=\"data:image/svg+xml,%3Csvg%20viewBox%3D%220%200%20100%%20100%%22%20width%3D%22100%%22%20height%3D%22100%%22%20xmlns%3D%22http%3A%2F%2Fwww.w3.org%2F2000%2Fsvg%22%3E%3Crect%20width%3D%22100%%22%20height%3D%22100%%22%20fill%3D%22transparent%22%2F%3E%3C%2Fsvg%3E\" alt=\"mine mining 050569800 1058 11052015\" title=\"mine mining 050569800 1058 11052015\" data-id=\"28539\"\/><figcaption>Mine mining<\/figcaption><\/figure><\/div><div class=\"wp-block-themeisle-blocks-slider-item-wrapper glide__slide\" tabindex=\"0\"><figure><img data-opt-id=2052672032  data-opt-src=\"https:\/\/mlris4gadtgv.i.optimole.com\/w:auto\/h:auto\/q:mauto\/f:best\/https:\/\/tekjob.fr\/wp-content\/uploads\/2026\/02\/hydraulique_hydraulics_v2__064910600_1808_28052015.jpg\"  decoding=\"async\" class=\"wp-block-themeisle-blocks-slider-item\" src=\"data:image/svg+xml,%3Csvg%20viewBox%3D%220%200%20100%%20100%%22%20width%3D%22100%%22%20height%3D%22100%%22%20xmlns%3D%22http%3A%2F%2Fwww.w3.org%2F2000%2Fsvg%22%3E%3Crect%20width%3D%22100%%22%20height%3D%22100%%22%20fill%3D%22transparent%22%2F%3E%3C%2Fsvg%3E\" alt=\"hydraulique hydraulics v2 064910600 1808 28052015\" title=\"hydraulique hydraulics v2 064910600 1808 28052015\" data-id=\"28631\"\/><figcaption>hydraulique <\/figcaption><\/figure><\/div><div class=\"wp-block-themeisle-blocks-slider-item-wrapper glide__slide\" tabindex=\"0\"><figure><img data-opt-id=1934968661  data-opt-src=\"https:\/\/mlris4gadtgv.i.optimole.com\/w:auto\/h:auto\/q:mauto\/f:best\/https:\/\/tekjob.fr\/wp-content\/uploads\/2026\/02\/hydraulique_hydraulics_v3__053859700_1808_28052015.jpg\"  decoding=\"async\" class=\"wp-block-themeisle-blocks-slider-item\" src=\"data:image/svg+xml,%3Csvg%20viewBox%3D%220%200%20100%%20100%%22%20width%3D%22100%%22%20height%3D%22100%%22%20xmlns%3D%22http%3A%2F%2Fwww.w3.org%2F2000%2Fsvg%22%3E%3Crect%20width%3D%22100%%22%20height%3D%22100%%22%20fill%3D%22transparent%22%2F%3E%3C%2Fsvg%3E\" alt=\"hydraulique hydraulics v3 053859700 1808 28052015\" title=\"hydraulique hydraulics v3 053859700 1808 28052015\" data-id=\"28630\"\/><figcaption>generateur puissance<\/figcaption><\/figure><\/div><div class=\"wp-block-themeisle-blocks-slider-item-wrapper glide__slide\" tabindex=\"0\"><figure><img data-opt-id=1887832549  data-opt-src=\"https:\/\/mlris4gadtgv.i.optimole.com\/w:auto\/h:auto\/q:mauto\/f:best\/https:\/\/tekjob.fr\/wp-content\/uploads\/2026\/02\/robinetterie-industrielle-industrial-valves-1.png\"  decoding=\"async\" class=\"wp-block-themeisle-blocks-slider-item\" src=\"data:image/svg+xml,%3Csvg%20viewBox%3D%220%200%20100%%20100%%22%20width%3D%22100%%22%20height%3D%22100%%22%20xmlns%3D%22http%3A%2F%2Fwww.w3.org%2F2000%2Fsvg%22%3E%3Crect%20width%3D%22100%%22%20height%3D%22100%%22%20fill%3D%22transparent%22%2F%3E%3C%2Fsvg%3E\" alt=\"robinetterie industrielle industrial valves\" title=\"robinetterie industrielle industrial valves\" data-id=\"28616\"\/><figcaption>robinetterie <\/figcaption><\/figure><\/div><div class=\"wp-block-themeisle-blocks-slider-item-wrapper glide__slide\" tabindex=\"0\"><figure><img data-opt-id=183242418  data-opt-src=\"https:\/\/mlris4gadtgv.i.optimole.com\/w:auto\/h:auto\/q:mauto\/f:best\/https:\/\/tekjob.fr\/wp-content\/uploads\/2026\/02\/pneumatique.png\"  decoding=\"async\" class=\"wp-block-themeisle-blocks-slider-item\" src=\"data:image/svg+xml,%3Csvg%20viewBox%3D%220%200%20100%%20100%%22%20width%3D%22100%%22%20height%3D%22100%%22%20xmlns%3D%22http%3A%2F%2Fwww.w3.org%2F2000%2Fsvg%22%3E%3Crect%20width%3D%22100%%22%20height%3D%22100%%22%20fill%3D%22transparent%22%2F%3E%3C%2Fsvg%3E\" alt=\"pneumatique\" title=\"pneumatique\" data-id=\"28614\"\/><figcaption>pneumatique<\/figcaption><\/figure><\/div><div class=\"wp-block-themeisle-blocks-slider-item-wrapper glide__slide\" tabindex=\"0\"><figure><img data-opt-id=1488794218  data-opt-src=\"https:\/\/mlris4gadtgv.i.optimole.com\/w:auto\/h:auto\/q:mauto\/f:best\/https:\/\/tekjob.fr\/wp-content\/uploads\/2026\/02\/raccord_hydraulique_1-1.png\"  decoding=\"async\" class=\"wp-block-themeisle-blocks-slider-item\" src=\"data:image/svg+xml,%3Csvg%20viewBox%3D%220%200%20100%%20100%%22%20width%3D%22100%%22%20height%3D%22100%%22%20xmlns%3D%22http%3A%2F%2Fwww.w3.org%2F2000%2Fsvg%22%3E%3Crect%20width%3D%22100%%22%20height%3D%22100%%22%20fill%3D%22transparent%22%2F%3E%3C%2Fsvg%3E\" alt=\"raccord hydraulique 1\" title=\"raccord hydraulique 1\" data-id=\"28613\"\/><figcaption>raccord hydraulique <\/figcaption><\/figure><\/div><div class=\"wp-block-themeisle-blocks-slider-item-wrapper glide__slide\" tabindex=\"0\"><figure><img data-opt-id=1937608370  data-opt-src=\"https:\/\/mlris4gadtgv.i.optimole.com\/w:auto\/h:auto\/q:mauto\/f:best\/https:\/\/tekjob.fr\/wp-content\/uploads\/2026\/02\/sans_titre_2021_03_31t104428311.png\"  decoding=\"async\" class=\"wp-block-themeisle-blocks-slider-item\" src=\"data:image/svg+xml,%3Csvg%20viewBox%3D%220%200%20100%%20100%%22%20width%3D%22100%%22%20height%3D%22100%%22%20xmlns%3D%22http%3A%2F%2Fwww.w3.org%2F2000%2Fsvg%22%3E%3Crect%20width%3D%22100%%22%20height%3D%22100%%22%20fill%3D%22transparent%22%2F%3E%3C%2Fsvg%3E\" alt=\"sans titre 2021 03 31t104428311\" title=\"sans titre 2021 03 31t104428311\" data-id=\"28612\"\/><figcaption>Robotique<\/figcaption><\/figure><\/div><div class=\"wp-block-themeisle-blocks-slider-item-wrapper glide__slide\" tabindex=\"0\"><figure><img data-opt-id=679077122  data-opt-src=\"https:\/\/mlris4gadtgv.i.optimole.com\/w:auto\/h:auto\/q:mauto\/f:best\/https:\/\/tekjob.fr\/wp-content\/uploads\/2026\/02\/Services_inspection.jpg\"  decoding=\"async\" class=\"wp-block-themeisle-blocks-slider-item\" src=\"data:image/svg+xml,%3Csvg%20viewBox%3D%220%200%20100%%20100%%22%20width%3D%22100%%22%20height%3D%22100%%22%20xmlns%3D%22http%3A%2F%2Fwww.w3.org%2F2000%2Fsvg%22%3E%3Crect%20width%3D%22100%%22%20height%3D%22100%%22%20fill%3D%22transparent%22%2F%3E%3C%2Fsvg%3E\" alt=\"services inspection\" title=\"services inspection\" data-id=\"28580\"\/><figcaption>Engineering Services<\/figcaption><\/figure><\/div><div class=\"wp-block-themeisle-blocks-slider-item-wrapper glide__slide\" tabindex=\"0\"><figure><img data-opt-id=344933868  data-opt-src=\"https:\/\/mlris4gadtgv.i.optimole.com\/w:auto\/h:auto\/q:mauto\/f:best\/https:\/\/tekjob.fr\/wp-content\/uploads\/2026\/02\/drone_safety-detection.jpg\"  decoding=\"async\" class=\"wp-block-themeisle-blocks-slider-item\" src=\"data:image/svg+xml,%3Csvg%20viewBox%3D%220%200%20100%%20100%%22%20width%3D%22100%%22%20height%3D%22100%%22%20xmlns%3D%22http%3A%2F%2Fwww.w3.org%2F2000%2Fsvg%22%3E%3Crect%20width%3D%22100%%22%20height%3D%22100%%22%20fill%3D%22transparent%22%2F%3E%3C%2Fsvg%3E\" alt=\"drone safety &amp; detection\" title=\"drone safety &amp; detection\" data-id=\"28643\"\/><figcaption>Drone<\/figcaption><\/figure><\/div><div class=\"wp-block-themeisle-blocks-slider-item-wrapper glide__slide\" tabindex=\"0\"><figure><img data-opt-id=72562167  data-opt-src=\"https:\/\/mlris4gadtgv.i.optimole.com\/w:auto\/h:auto\/q:mauto\/f:best\/https:\/\/tekjob.fr\/wp-content\/uploads\/2026\/02\/New-Product-Launch.jpg\"  decoding=\"async\" class=\"wp-block-themeisle-blocks-slider-item\" src=\"data:image/svg+xml,%3Csvg%20viewBox%3D%220%200%20100%%20100%%22%20width%3D%22100%%22%20height%3D%22100%%22%20xmlns%3D%22http%3A%2F%2Fwww.w3.org%2F2000%2Fsvg%22%3E%3Crect%20width%3D%22100%%22%20height%3D%22100%%22%20fill%3D%22transparent%22%2F%3E%3C%2Fsvg%3E\" alt=\"new product launch\" title=\"new product launch\" data-id=\"28578\"\/><figcaption>New Product Launch<\/figcaption><\/figure><\/div><div class=\"wp-block-themeisle-blocks-slider-item-wrapper glide__slide\" tabindex=\"0\"><figure><img data-opt-id=262059237  data-opt-src=\"https:\/\/mlris4gadtgv.i.optimole.com\/w:auto\/h:auto\/q:mauto\/f:best\/https:\/\/tekjob.fr\/wp-content\/uploads\/2026\/02\/certification.jpg\"  decoding=\"async\" class=\"wp-block-themeisle-blocks-slider-item\" src=\"data:image/svg+xml,%3Csvg%20viewBox%3D%220%200%20100%%20100%%22%20width%3D%22100%%22%20height%3D%22100%%22%20xmlns%3D%22http%3A%2F%2Fwww.w3.org%2F2000%2Fsvg%22%3E%3Crect%20width%3D%22100%%22%20height%3D%22100%%22%20fill%3D%22transparent%22%2F%3E%3C%2Fsvg%3E\" alt=\"certification\" title=\"certification\" data-id=\"28570\"\/><figcaption>Certification Services<\/figcaption><\/figure><\/div><\/div><div class=\"glide__bullets\" data-glide-el=\"controls[nav]\"><button class=\"glide__bullet\" data-glide-dir=\"=0\"><\/button><button class=\"glide__bullet\" data-glide-dir=\"=1\"><\/button><button class=\"glide__bullet\" data-glide-dir=\"=2\"><\/button><button class=\"glide__bullet\" data-glide-dir=\"=3\"><\/button><button class=\"glide__bullet\" data-glide-dir=\"=4\"><\/button><button class=\"glide__bullet\" data-glide-dir=\"=5\"><\/button><button class=\"glide__bullet\" data-glide-dir=\"=6\"><\/button><button class=\"glide__bullet\" data-glide-dir=\"=7\"><\/button><button class=\"glide__bullet\" data-glide-dir=\"=8\"><\/button><button class=\"glide__bullet\" data-glide-dir=\"=9\"><\/button><button class=\"glide__bullet\" data-glide-dir=\"=10\"><\/button><button class=\"glide__bullet\" data-glide-dir=\"=11\"><\/button><button class=\"glide__bullet\" data-glide-dir=\"=12\"><\/button><button class=\"glide__bullet\" data-glide-dir=\"=13\"><\/button><button class=\"glide__bullet\" data-glide-dir=\"=14\"><\/button><\/div><\/div><\/div>\n<\/div>\n\n\n\n<div class=\"wp-block-column is-vertically-aligned-center is-layout-flow wp-block-column-is-layout-flow\">\n<h2 class=\"wp-block-heading alignwide\"><strong>G\u00e9nie chimique et proc\u00e9d\u00e9s<\/strong><\/h2>\n\n\n\n<p>TEKJOB intervient sur l\u2019ensemble des phases d\u2019un projet de <strong>G\u00e9nie chimique et proc\u00e9d\u00e9s<\/strong> standard depuis la phase de conception jusqu\u2019\u00e0 la r\u00e9alisation.<\/p>\n\n\n\n<p><strong>Etudes et Ing\u00e9nierie<\/strong><\/p>\n\n\n\n<ol class=\"wp-block-list\">\n<li>Basic Engineering \/ Etudes de d\u00e9tail : process, \u00e9lectricit\u00e9, m\u00e9canique, g\u00e9nie civil, instrumentation, tuyauterie&#8230;<\/li>\n\n\n\n<li>Etudes R&amp;D et mod\u00e9lisation : conception, CFD, calcul&#8230;<\/li>\n\n\n\n<li>R\u00e9daction de sp\u00e9cifications et de data sheets<\/li>\n\n\n\n<li>Etudes de risques : QRA, rapport de risques, mod\u00e9lisation de sc\u00e9narios accidents, \u00e9tudes d\u2019impacts, \u2026&nbsp;<\/li>\n\n\n\n<li>Inspection technique des mat\u00e9riaux et \u00e9quipements<\/li>\n<\/ol>\n\n\n\n<p><strong>Gestion de projet<\/strong><\/p>\n\n\n\n<ol class=\"wp-block-list\">\n<li>Gestion de Projet<\/li>\n\n\n\n<li>Cost Control Estimation<\/li>\n\n\n\n<li>Planning (Macro, Micro, outils P6 MSP\u2026)<\/li>\n\n\n\n<li>Contract Management\/Gestion de Claims<\/li>\n\n\n\n<li>Management QHSE (Certifications MASE, OHSAS, ISO\u2026)<\/li>\n<\/ol>\n\n\n\n<p><strong>Supply Chain Management<\/strong><\/p>\n\n\n\n<ol class=\"wp-block-list\">\n<li>Achats<\/li>\n\n\n\n<li>Sourcing de fournisseurs et gestion des Appels d\u2019Offres<\/li>\n\n\n\n<li>Gestion et n\u00e9gociation de contrats (r\u00e9daction, sp\u00e9cificit\u00e9s contractuelles \u00e9trang\u00e8res, couverture des risques\u2026)<\/li>\n\n\n\n<li>Validation technique des propositions Expediting<\/li>\n\n\n\n<li>Relance fournisseurs<\/li>\n\n\n\n<li>Inspection technique des \u00e9quipements chez les fournisseurs<\/li>\n\n\n\n<li>Gestion de la cha\u00eene logistique \/ transport industriel<\/li>\n<\/ol>\n\n\n\n<p><strong>Travaux et Mise en service<\/strong><\/p>\n\n\n\n<ol class=\"wp-block-list\">\n<li>Gestion de march\u00e9s de travaux<\/li>\n\n\n\n<li>Conduite \/ Supervision \/ Installation sur site Pre-commissioning (R\u00e9daction et d\u00e9veloppement de m\u00e9thodologies, pr\u00e9paration des proc\u00e9dures\u2026)<\/li>\n\n\n\n<li>Commissioning (Ex\u00e9cution, Raccordement r\u00e9seaux, D\u00e9veloppement \/ Gestion \/ Administration des syst\u00e8mes de management associ\u00e9s, R\u00e9daction de manuels op\u00e9ratoires\u2026)<\/li>\n\n\n\n<li>Test et validation des \u00e9quipements<\/li>\n\n\n\n<li>Supervision QHSE chantier\/site (audit terrain, actions correctives, fiches d\u2019inspection\u2026)<\/li>\n<\/ol>\n\n\n\n<div class=\"wp-block-buttons is-layout-flex wp-block-buttons-is-layout-flex\">\n<div class=\"wp-block-button\"><a class=\"wp-block-button__link wp-element-button\">Nous rencontrer<\/a><\/div>\n<\/div>\n<\/div>\n<\/div>\n\n\n\n<div style=\"height:calc( 0.25 * var(--wp--style--root--padding-right, var(--wp--custom--gap--horizontal)))\" aria-hidden=\"true\" class=\"wp-block-spacer\"><\/div>\n<\/div><\/div>\n\n\n\n<p><\/p>\n\n\n\n<p><\/p>\n\n\n\n<h1 class=\"wp-block-heading has-text-align-center\"><strong>Nos secteurs d&rsquo;Interventions<\/strong><\/h1>\n\n\n\n<div class=\"wp-block-group alignfull is-content-justification-center\" style=\"margin-top:0;margin-bottom:0;padding-top:calc( 0.5 * var(--wp--style--root--padding-right, var(--wp--custom--gap--horizontal)));padding-right:var(--wp--style--root--padding-right, var(--wp--custom--gap--horizontal));padding-bottom:calc( 0.5 * var(--wp--style--root--padding-right, var(--wp--custom--gap--horizontal)));padding-left:var(--wp--style--root--padding-left, var(--wp--custom--gap--horizontal))\"><div class=\"wp-block-group__inner-container is-layout-constrained wp-container-core-group-is-layout-df757ecc wp-block-group-is-layout-constrained\">\n<div style=\"height:calc( 0.25 * var(--wp--style--root--padding-right, var(--wp--custom--gap--horizontal)))\" aria-hidden=\"true\" class=\"wp-block-spacer\"><\/div>\n\n\n\n<div style=\"height:calc( 0.25 * var(--wp--style--root--padding-right, var(--wp--custom--gap--horizontal)))\" aria-hidden=\"true\" class=\"wp-block-spacer\"><\/div>\n<\/div><\/div>\n\n\n\n\n\n<p><\/p>\n\n\n\n\n","protected":false},"excerpt":{"rendered":"<p>G\u00e9nie chimique et proc\u00e9d\u00e9s TEKJOB intervient sur l\u2019ensemble des phases d\u2019un projet de G\u00e9nie chimique et proc\u00e9d\u00e9s standard depuis la [&hellip;]<\/p>\n","protected":false},"author":1,"featured_media":0,"parent":0,"menu_order":0,"comment_status":"closed","ping_status":"closed","template":"","meta":{"saved_in_kubio":true,"_regular_price":[],"currency_symbol":[],"_surecart_dashboard_logo_width":"180px","_surecart_dashboard_show_logo":true,"_surecart_dashboard_navigation_orders":true,"_surecart_dashboard_navigation_invoices":true,"_surecart_dashboard_navigation_subscriptions":true,"_surecart_dashboard_navigation_downloads":true,"_surecart_dashboard_navigation_billing":true,"_surecart_dashboard_navigation_account":true,"_monsterinsights_skip_tracking":false,"_monsterinsights_sitenote_active":false,"_monsterinsights_sitenote_note":"","_monsterinsights_sitenote_category":0,"_uf_show_specific_survey":0,"_uf_disable_surveys":false,"_themeisle_gutenberg_block_has_review":false,"footnotes":""},"class_list":["post-28002","page","type-page","status-publish","hentry"],"post_slider_layout_featured_media_urls":{"thumbnail":"","post_slider_layout_landscape_large":"","post_slider_layout_portrait_large":"","post_slider_layout_square_large":"","post_slider_layout_landscape":"","post_slider_layout_portrait":"","post_slider_layout_square":"","full":""},"kubio_ai_page_context":{"short_desc":"","purpose":"general"},"jetpack_sharing_enabled":true,"_links":{"self":[{"href":"https:\/\/tekjob.fr\/en\/wp-json\/wp\/v2\/pages\/28002","targetHints":{"allow":["GET"]}}],"collection":[{"href":"https:\/\/tekjob.fr\/en\/wp-json\/wp\/v2\/pages"}],"about":[{"href":"https:\/\/tekjob.fr\/en\/wp-json\/wp\/v2\/types\/page"}],"author":[{"embeddable":true,"href":"https:\/\/tekjob.fr\/en\/wp-json\/wp\/v2\/users\/1"}],"replies":[{"embeddable":true,"href":"https:\/\/tekjob.fr\/en\/wp-json\/wp\/v2\/comments?post=28002"}],"version-history":[{"count":25,"href":"https:\/\/tekjob.fr\/en\/wp-json\/wp\/v2\/pages\/28002\/revisions"}],"predecessor-version":[{"id":29143,"href":"https:\/\/tekjob.fr\/en\/wp-json\/wp\/v2\/pages\/28002\/revisions\/29143"}],"wp:attachment":[{"href":"https:\/\/tekjob.fr\/en\/wp-json\/wp\/v2\/media?parent=28002"}],"curies":[{"name":"wp","href":"https:\/\/api.w.org\/{rel}","templated":true}]}}