{"id":27999,"date":"2026-02-21T00:14:07","date_gmt":"2026-02-21T00:14:07","guid":{"rendered":"https:\/\/tekjob.fr\/?page_id=27999"},"modified":"2026-05-09T00:10:25","modified_gmt":"2026-05-09T00:10:25","slug":"ingenierie","status":"publish","type":"page","link":"https:\/\/tekjob.fr\/en\/ingenierie\/","title":{"rendered":"Ing\u00e9nierie"},"content":{"rendered":"\n<p><\/p>\n\n\n\n\n\n\n\n<div class=\"wp-block-group alignfull is-content-justification-center\" style=\"margin-top:0;margin-bottom:0;padding-top:calc( 0.5 * var(--wp--style--root--padding-right, var(--wp--custom--gap--horizontal)));padding-right:var(--wp--style--root--padding-right, var(--wp--custom--gap--horizontal));padding-bottom:calc( 0.5 * var(--wp--style--root--padding-right, var(--wp--custom--gap--horizontal)));padding-left:var(--wp--style--root--padding-left, var(--wp--custom--gap--horizontal))\"><div class=\"wp-block-group__inner-container is-layout-constrained wp-container-core-group-is-layout-df757ecc wp-block-group-is-layout-constrained\">\n<div style=\"height:calc( 0.25 * var(--wp--style--root--padding-right, var(--wp--custom--gap--horizontal)))\" aria-hidden=\"true\" class=\"wp-block-spacer\"><\/div>\n\n\n\n<div class=\"wp-block-columns alignwide are-vertically-aligned-center is-layout-flex wp-container-core-columns-is-layout-7fc3d43a wp-block-columns-is-layout-flex\">\n<div class=\"wp-block-column is-vertically-aligned-center is-layout-flow wp-block-column-is-layout-flow\">\n<div id=\"wp-block-themeisle-blocks-slider-080fa176\" class=\"wp-block-themeisle-blocks-slider glide\" data-per-view=\"1\" data-gap=\"0\" data-peek=\"0\" data-autoplay=\"true\" data-height=\"400px\" data-hide-arrows=\"false\"><div class=\"glide__track\" data-glide-el=\"track\"><div class=\"glide__slides\"><div class=\"wp-block-themeisle-blocks-slider-item-wrapper glide__slide\" tabindex=\"0\"><figure><img data-opt-id=1925960619  fetchpriority=\"high\" decoding=\"async\" class=\"wp-block-themeisle-blocks-slider-item\" src=\"https:\/\/mlris4gadtgv.i.optimole.com\/cb:wDTm.403\/w:auto\/h:auto\/q:mauto\/f:best\/https:\/\/tekjob.fr\/wp-content\/uploads\/2026\/01\/ingenieur-rd-structure.jpg\" alt=\"ingenieur rd structure\" title=\"ingenieur rd structure\" data-id=\"27848\"\/><figcaption>ingenieur rd structure<\/figcaption><\/figure><\/div><div class=\"wp-block-themeisle-blocks-slider-item-wrapper glide__slide\" tabindex=\"0\"><figure><img data-opt-id=85995245  fetchpriority=\"high\" decoding=\"async\" class=\"wp-block-themeisle-blocks-slider-item\" src=\"https:\/\/mlris4gadtgv.i.optimole.com\/cb:wDTm.403\/w:auto\/h:auto\/q:mauto\/f:best\/https:\/\/tekjob.fr\/wp-content\/uploads\/2026\/01\/engineering-pictures.jpg\" alt=\"engineering \" title=\"engineering \" data-id=\"27826\"\/><figcaption>engineering <\/figcaption><\/figure><\/div><div class=\"wp-block-themeisle-blocks-slider-item-wrapper glide__slide\" tabindex=\"0\"><figure><img data-opt-id=445653784  data-opt-src=\"https:\/\/mlris4gadtgv.i.optimole.com\/cb:wDTm.403\/w:auto\/h:auto\/q:mauto\/f:best\/https:\/\/tekjob.fr\/wp-content\/uploads\/2026\/01\/Predictive_maintenace-industrie-numerique.jpg\"  decoding=\"async\" class=\"wp-block-themeisle-blocks-slider-item\" src=\"data:image/svg+xml,%3Csvg%20viewBox%3D%220%200%20100%%20100%%22%20width%3D%22100%%22%20height%3D%22100%%22%20xmlns%3D%22http%3A%2F%2Fwww.w3.org%2F2000%2Fsvg%22%3E%3Crect%20width%3D%22100%%22%20height%3D%22100%%22%20fill%3D%22transparent%22%2F%3E%3C%2Fsvg%3E\" alt=\"predictive maintenace industrie numerique\" title=\"predictive maintenace industrie numerique\" data-id=\"27827\"\/><figcaption>predictive maintenace<\/figcaption><\/figure><\/div><div class=\"wp-block-themeisle-blocks-slider-item-wrapper glide__slide\" tabindex=\"0\"><figure><img data-opt-id=993238198  data-opt-src=\"https:\/\/mlris4gadtgv.i.optimole.com\/cb:wDTm.403\/w:auto\/h:auto\/q:mauto\/f:best\/https:\/\/tekjob.fr\/wp-content\/uploads\/2026\/01\/Supply-chain-4.0.jpeg\"  decoding=\"async\" class=\"wp-block-themeisle-blocks-slider-item\" src=\"data:image/svg+xml,%3Csvg%20viewBox%3D%220%200%20100%%20100%%22%20width%3D%22100%%22%20height%3D%22100%%22%20xmlns%3D%22http%3A%2F%2Fwww.w3.org%2F2000%2Fsvg%22%3E%3Crect%20width%3D%22100%%22%20height%3D%22100%%22%20fill%3D%22transparent%22%2F%3E%3C%2Fsvg%3E\" alt=\"supply chain 4.0\" title=\"supply chain 4.0\" data-id=\"27829\"\/><figcaption>Supply chain<\/figcaption><\/figure><\/div><div class=\"wp-block-themeisle-blocks-slider-item-wrapper glide__slide\" tabindex=\"0\"><figure><img data-opt-id=262059237  data-opt-src=\"https:\/\/mlris4gadtgv.i.optimole.com\/cb:wDTm.403\/w:auto\/h:auto\/q:mauto\/f:best\/https:\/\/tekjob.fr\/wp-content\/uploads\/2026\/02\/certification.jpg\"  decoding=\"async\" class=\"wp-block-themeisle-blocks-slider-item\" src=\"data:image/svg+xml,%3Csvg%20viewBox%3D%220%200%20100%%20100%%22%20width%3D%22100%%22%20height%3D%22100%%22%20xmlns%3D%22http%3A%2F%2Fwww.w3.org%2F2000%2Fsvg%22%3E%3Crect%20width%3D%22100%%22%20height%3D%22100%%22%20fill%3D%22transparent%22%2F%3E%3C%2Fsvg%3E\" alt=\"certification\" title=\"certification\" data-id=\"28570\"\/><figcaption>Certification Services<\/figcaption><\/figure><\/div><div class=\"wp-block-themeisle-blocks-slider-item-wrapper glide__slide\" tabindex=\"0\"><figure><img data-opt-id=289066435  data-opt-src=\"https:\/\/mlris4gadtgv.i.optimole.com\/cb:wDTm.403\/w:auto\/h:auto\/q:mauto\/f:best\/https:\/\/tekjob.fr\/wp-content\/uploads\/2026\/02\/Digitale2.jpeg\"  decoding=\"async\" class=\"wp-block-themeisle-blocks-slider-item\" src=\"data:image/svg+xml,%3Csvg%20viewBox%3D%220%200%20100%%20100%%22%20width%3D%22100%%22%20height%3D%22100%%22%20xmlns%3D%22http%3A%2F%2Fwww.w3.org%2F2000%2Fsvg%22%3E%3Crect%20width%3D%22100%%22%20height%3D%22100%%22%20fill%3D%22transparent%22%2F%3E%3C%2Fsvg%3E\" alt=\"digitale2\" title=\"digitale2\" data-id=\"28163\"\/><figcaption>Systeme Information<\/figcaption><\/figure><\/div><\/div><div class=\"glide__bullets\" data-glide-el=\"controls[nav]\"><button class=\"glide__bullet\" data-glide-dir=\"=0\"><\/button><button class=\"glide__bullet\" data-glide-dir=\"=1\"><\/button><button class=\"glide__bullet\" data-glide-dir=\"=2\"><\/button><button class=\"glide__bullet\" data-glide-dir=\"=3\"><\/button><button class=\"glide__bullet\" data-glide-dir=\"=4\"><\/button><button class=\"glide__bullet\" data-glide-dir=\"=5\"><\/button><\/div><\/div><\/div>\n<\/div>\n\n\n\n<div class=\"wp-block-column is-vertically-aligned-center is-layout-flow wp-block-column-is-layout-flow\">\n<h2 class=\"wp-block-heading alignwide\">Ing\u00e9nierie m\u00e9canique \/ bureau d\u2019\u00e9tudes<\/h2>\n\n\n\n<p>Les \u00e9quipes de TEKJOB sont organis\u00e9es en 6 p\u00f4les techniques qui nous permettent d\u2019apporter notre expertise et nos comp\u00e9tences \u00e0 chaque phase du d\u00e9veloppement d\u2019un projet sur toute la cha\u00eene des m\u00e9tiers.<\/p>\n\n\n\n<p><strong>Recherche &amp; D\u00e9veloppement<\/strong><\/p>\n\n\n\n<ol class=\"wp-block-list\">\n<li>R\u00e9daction de cahiers des charges<\/li>\n\n\n\n<li>D\u00e9finition des sp\u00e9cifications<\/li>\n\n\n\n<li>Recherche de concepts innovants<\/li>\n\n\n\n<li>Conception (m\u00e9canique, \u00e9lectrique, \u00e9lectronique, outillage de production)<\/li>\n<\/ol>\n\n\n\n<p><strong>Validation<\/strong><\/p>\n\n\n\n<ol class=\"wp-block-list\">\n<li>Calculs, simulation (CFD, FEM, NVH, calibration OBD \u2026)<\/li>\n\n\n\n<li>Prototype<\/li>\n\n\n\n<li>Essais<\/li>\n\n\n\n<li>Analyses<\/li>\n\n\n\n<li>Documentation<\/li>\n<\/ol>\n\n\n\n<p><strong>Industrialisation &amp; Production<\/strong><\/p>\n\n\n\n<ol class=\"wp-block-list\">\n<li>M\u00e9thodes et Industrialisation&nbsp;<\/li>\n\n\n\n<li>Optimisation des temps de production (MTM)<\/li>\n\n\n\n<li>Lean Manufacturing<\/li>\n\n\n\n<li>Maintenance<\/li>\n\n\n\n<li>Mise en service d\u2019unit\u00e9s de production<\/li>\n<\/ol>\n\n\n\n<p><strong>Supply Chain Management &#8211; Gestion de la qualit\u00e9<\/strong><\/p>\n\n\n\n<ol class=\"wp-block-list\">\n<li>Qualit\u00e9 fournisseurs, clients, produit et process<\/li>\n\n\n\n<li>Achats (sourcing fournisseurs, \u00e9tablissement et traitement d\u2019appels d\u2019offres, validation financi\u00e8re et technique d\u2019offres, gestion de contrats et r\u00e9clamations client)&nbsp;<\/li>\n\n\n\n<li>Gestion et suivi des fournisseurs<\/li>\n\n\n\n<li>Audits Logistique interne et externe<\/li>\n<\/ol>\n\n\n\n<p><strong>Gestion de projet<\/strong><\/p>\n\n\n\n<ol class=\"wp-block-list\">\n<li>Coordination de projet<\/li>\n\n\n\n<li>Planification<\/li>\n\n\n\n<li>Contr\u00f4le des co\u00fbts<\/li>\n\n\n\n<li>Ing\u00e9nierie documentaire<\/li>\n<\/ol>\n\n\n\n<div class=\"wp-block-buttons is-layout-flex wp-block-buttons-is-layout-flex\">\n<div class=\"wp-block-button\"><a class=\"wp-block-button__link wp-element-button\" href=\"https:\/\/tekjob.fr\/fr_fr\/bcd31-contact-us\/\">Nous rencontrer<\/a><\/div>\n<\/div>\n<\/div>\n<\/div>\n\n\n\n<div style=\"height:calc( 0.25 * var(--wp--style--root--padding-right, var(--wp--custom--gap--horizontal)))\" aria-hidden=\"true\" class=\"wp-block-spacer\"><\/div>\n<\/div><\/div>\n\n\n\n<p><\/p>\n\n\n\n\n\n\n","protected":false},"excerpt":{"rendered":"<p>Ing\u00e9nierie m\u00e9canique \/ bureau d\u2019\u00e9tudes Les \u00e9quipes de TEKJOB sont organis\u00e9es en 6 p\u00f4les techniques qui nous permettent d\u2019apporter notre [&hellip;]<\/p>\n","protected":false},"author":1,"featured_media":0,"parent":0,"menu_order":0,"comment_status":"closed","ping_status":"closed","template":"","meta":{"saved_in_kubio":true,"_regular_price":[],"currency_symbol":[],"_monsterinsights_skip_tracking":false,"_monsterinsights_sitenote_active":false,"_monsterinsights_sitenote_note":"","_monsterinsights_sitenote_category":0,"_uf_show_specific_survey":0,"_uf_disable_surveys":false,"_themeisle_gutenberg_block_has_review":false,"footnotes":""},"class_list":["post-27999","page","type-page","status-publish","hentry"],"post_slider_layout_featured_media_urls":{"thumbnail":"","post_slider_layout_landscape_large":"","post_slider_layout_portrait_large":"","post_slider_layout_square_large":"","post_slider_layout_landscape":"","post_slider_layout_portrait":"","post_slider_layout_square":"","full":""},"kubio_ai_page_context":{"short_desc":"","purpose":"general"},"jetpack_sharing_enabled":true,"_links":{"self":[{"href":"https:\/\/tekjob.fr\/en\/wp-json\/wp\/v2\/pages\/27999","targetHints":{"allow":["GET"]}}],"collection":[{"href":"https:\/\/tekjob.fr\/en\/wp-json\/wp\/v2\/pages"}],"about":[{"href":"https:\/\/tekjob.fr\/en\/wp-json\/wp\/v2\/types\/page"}],"author":[{"embeddable":true,"href":"https:\/\/tekjob.fr\/en\/wp-json\/wp\/v2\/users\/1"}],"replies":[{"embeddable":true,"href":"https:\/\/tekjob.fr\/en\/wp-json\/wp\/v2\/comments?post=27999"}],"version-history":[{"count":17,"href":"https:\/\/tekjob.fr\/en\/wp-json\/wp\/v2\/pages\/27999\/revisions"}],"predecessor-version":[{"id":30528,"href":"https:\/\/tekjob.fr\/en\/wp-json\/wp\/v2\/pages\/27999\/revisions\/30528"}],"wp:attachment":[{"href":"https:\/\/tekjob.fr\/en\/wp-json\/wp\/v2\/media?parent=27999"}],"curies":[{"name":"wp","href":"https:\/\/api.w.org\/{rel}","templated":true}]}}