{"id":27991,"date":"2026-02-22T13:04:58","date_gmt":"2026-02-22T13:04:58","guid":{"rendered":"https:\/\/tekjob.fr\/?page_id=27991"},"modified":"2026-02-22T13:04:58","modified_gmt":"2026-02-22T13:04:58","slug":"cybersecurite","status":"publish","type":"page","link":"https:\/\/tekjob.fr\/en\/cybersecurite\/","title":{"rendered":"Cybers\u00e9curit\u00e9"},"content":{"rendered":"\n<p><\/p>\n\n\n\n<div class=\"wp-block-group alignfull is-content-justification-center\" style=\"margin-top:0;margin-bottom:0;padding-top:calc( 0.5 * var(--wp--style--root--padding-right, var(--wp--custom--gap--horizontal)));padding-right:var(--wp--style--root--padding-right, var(--wp--custom--gap--horizontal));padding-bottom:calc( 0.5 * var(--wp--style--root--padding-right, var(--wp--custom--gap--horizontal)));padding-left:var(--wp--style--root--padding-left, var(--wp--custom--gap--horizontal))\"><div class=\"wp-block-group__inner-container is-layout-constrained wp-container-core-group-is-layout-df757ecc wp-block-group-is-layout-constrained\">\n<div style=\"height:calc( 0.25 * var(--wp--style--root--padding-right, var(--wp--custom--gap--horizontal)))\" aria-hidden=\"true\" class=\"wp-block-spacer\"><\/div>\n\n\n\n<div class=\"wp-block-columns alignwide are-vertically-aligned-center is-layout-flex wp-container-core-columns-is-layout-7fc3d43a wp-block-columns-is-layout-flex\">\n<div class=\"wp-block-column is-vertically-aligned-center is-layout-flow wp-block-column-is-layout-flow\">\n<div id=\"wp-block-themeisle-blocks-slider-a7a59073\" class=\"wp-block-themeisle-blocks-slider glide\" data-per-view=\"1\" data-gap=\"0\" data-peek=\"0\" data-autoplay=\"true\" data-height=\"400px\" data-hide-arrows=\"false\"><div class=\"glide__track\" data-glide-el=\"track\"><div class=\"glide__slides\"><div class=\"wp-block-themeisle-blocks-slider-item-wrapper glide__slide\" tabindex=\"0\"><figure><img data-opt-id=457267387  fetchpriority=\"high\" decoding=\"async\" class=\"wp-block-themeisle-blocks-slider-item\" src=\"https:\/\/mlris4gadtgv.i.optimole.com\/w:auto\/h:auto\/q:mauto\/f:best\/https:\/\/tekjob.fr\/wp-content\/uploads\/2026\/02\/Cybersecurite.jpg\" alt=\"cybersecurite\" title=\"cybersecurite\" data-id=\"27994\"\/><\/figure><\/div><div class=\"wp-block-themeisle-blocks-slider-item-wrapper glide__slide\" tabindex=\"0\"><figure><img data-opt-id=2013798228  fetchpriority=\"high\" decoding=\"async\" class=\"wp-block-themeisle-blocks-slider-item\" src=\"https:\/\/mlris4gadtgv.i.optimole.com\/w:auto\/h:auto\/q:mauto\/f:best\/https:\/\/tekjob.fr\/wp-content\/uploads\/2026\/02\/Cybersecurite2.jpeg\" alt=\"cybersecurit\u00e92\" title=\"cybersecurit\u00e92\" data-id=\"28141\"\/><\/figure><\/div><div class=\"wp-block-themeisle-blocks-slider-item-wrapper glide__slide\" tabindex=\"0\"><figure><img data-opt-id=1486355881  data-opt-src=\"https:\/\/mlris4gadtgv.i.optimole.com\/w:auto\/h:auto\/q:mauto\/f:best\/https:\/\/tekjob.fr\/wp-content\/uploads\/2026\/02\/SI-Cloud.jpeg\"  decoding=\"async\" class=\"wp-block-themeisle-blocks-slider-item\" src=\"data:image/svg+xml,%3Csvg%20viewBox%3D%220%200%20100%%20100%%22%20width%3D%22100%%22%20height%3D%22100%%22%20xmlns%3D%22http%3A%2F%2Fwww.w3.org%2F2000%2Fsvg%22%3E%3Crect%20width%3D%22100%%22%20height%3D%22100%%22%20fill%3D%22transparent%22%2F%3E%3C%2Fsvg%3E\" alt=\"si cloud\" title=\"si cloud\" data-id=\"28143\"\/><\/figure><\/div><\/div><div class=\"glide__bullets\" data-glide-el=\"controls[nav]\"><button class=\"glide__bullet\" data-glide-dir=\"=0\"><\/button><button class=\"glide__bullet\" data-glide-dir=\"=1\"><\/button><button class=\"glide__bullet\" data-glide-dir=\"=2\"><\/button><\/div><\/div><\/div>\n<\/div>\n\n\n\n<div class=\"wp-block-column is-vertically-aligned-center is-layout-flow wp-block-column-is-layout-flow\">\n<h2 class=\"wp-block-heading alignwide\">Cybers\u00e9curit\u00e9<\/h2>\n\n\n\n<p><strong>TEKJOB s\u2019appuie sur son expertise en Cybers\u00e9curit\u00e9, Syst\u00e8mes d\u2019information, Cloud et Science de la donn\u00e9e <\/strong>unique, en mati\u00e8re de r\u00e9seaux, syst\u00e8mes et applications pour fournir des services vari\u00e9s allant de l\u2019\u00e9valuation des risques \u00e0 la mise en \u0153uvre op\u00e9rationnelle. <strong>Notre expertise<\/strong>:<\/p>\n\n\n\n<ol class=\"wp-block-list\">\n<li>Assistance \u00e0 Ma\u00eetrise d\u2019Ouvrage (AMO) \/ Ma\u00eetrise d\u2019\u0153uvre (MOE) Cyber<\/li>\n\n\n\n<li>Analyses de risques&nbsp;et&nbsp;classification&nbsp;des syst\u00e8mes\u200b<\/li>\n\n\n\n<li>D\u00e9finition des&nbsp;plans de traitement&nbsp;des risques\u200b<\/li>\n\n\n\n<li>Sp\u00e9cification de&nbsp;mesures techniques et organisationnelles&nbsp;pour la r\u00e9duction des risques\u200b<\/li>\n\n\n\n<li>V\u00e9rification de la&nbsp;conformit\u00e9 des mesures&nbsp;en place et sp\u00e9cification de leur ajustement \u00e9ventuel\u200b<\/li>\n\n\n\n<li>Accompagnement \u00e0 l\u2019homologation&nbsp;de s\u00e9curit\u00e9 et \u00e0 la mise en \u0153uvre de gouvernance<\/li>\n\n\n\n<li>Conception \/ R\u00e9alisation\u200b<\/li>\n\n\n\n<li>Conception et impl\u00e9mentation de nouveaux syst\u00e8mes industriels conformes aux r\u00e9glementations en vigueur&nbsp;(By Design)\u200b<\/li>\n\n\n\n<li>R\u00e9novation des syst\u00e8mes industriels existants et mise en conformit\u00e9 r\u00e9glementaire et normative&nbsp;(By Default)\u200b<\/li>\n\n\n\n<li>Maintenance MCO \/ MCS<\/li>\n<\/ol>\n\n\n\n<div class=\"wp-block-buttons is-layout-flex wp-block-buttons-is-layout-flex\">\n<div class=\"wp-block-button\"><a class=\"wp-block-button__link wp-element-button\">Nous rencontrer<\/a><\/div>\n<\/div>\n<\/div>\n<\/div>\n\n\n\n<div style=\"height:calc( 0.25 * var(--wp--style--root--padding-right, var(--wp--custom--gap--horizontal)))\" aria-hidden=\"true\" class=\"wp-block-spacer\"><\/div>\n<\/div><\/div>\n\n\n\n<p><\/p>\n\n\n\n<p><\/p>\n\n\n","protected":false},"excerpt":{"rendered":"<p>Cybers\u00e9curit\u00e9 TEKJOB s\u2019appuie sur son expertise en Cybers\u00e9curit\u00e9, Syst\u00e8mes d\u2019information, Cloud et Science de la donn\u00e9e unique, en mati\u00e8re de [&hellip;]<\/p>\n","protected":false},"author":1,"featured_media":0,"parent":0,"menu_order":0,"comment_status":"closed","ping_status":"closed","template":"","meta":{"saved_in_kubio":true,"_regular_price":[],"currency_symbol":[],"_monsterinsights_skip_tracking":false,"_monsterinsights_sitenote_active":false,"_monsterinsights_sitenote_note":"","_monsterinsights_sitenote_category":0,"_uf_show_specific_survey":0,"_uf_disable_surveys":false,"_themeisle_gutenberg_block_has_review":false,"footnotes":""},"class_list":["post-27991","page","type-page","status-publish","hentry"],"post_slider_layout_featured_media_urls":{"thumbnail":"","post_slider_layout_landscape_large":"","post_slider_layout_portrait_large":"","post_slider_layout_square_large":"","post_slider_layout_landscape":"","post_slider_layout_portrait":"","post_slider_layout_square":"","full":""},"kubio_ai_page_context":{"short_desc":"","purpose":"general"},"jetpack_sharing_enabled":true,"_links":{"self":[{"href":"https:\/\/tekjob.fr\/en\/wp-json\/wp\/v2\/pages\/27991","targetHints":{"allow":["GET"]}}],"collection":[{"href":"https:\/\/tekjob.fr\/en\/wp-json\/wp\/v2\/pages"}],"about":[{"href":"https:\/\/tekjob.fr\/en\/wp-json\/wp\/v2\/types\/page"}],"author":[{"embeddable":true,"href":"https:\/\/tekjob.fr\/en\/wp-json\/wp\/v2\/users\/1"}],"replies":[{"embeddable":true,"href":"https:\/\/tekjob.fr\/en\/wp-json\/wp\/v2\/comments?post=27991"}],"version-history":[{"count":9,"href":"https:\/\/tekjob.fr\/en\/wp-json\/wp\/v2\/pages\/27991\/revisions"}],"predecessor-version":[{"id":28665,"href":"https:\/\/tekjob.fr\/en\/wp-json\/wp\/v2\/pages\/27991\/revisions\/28665"}],"wp:attachment":[{"href":"https:\/\/tekjob.fr\/en\/wp-json\/wp\/v2\/media?parent=27991"}],"curies":[{"name":"wp","href":"https:\/\/api.w.org\/{rel}","templated":true}]}}