{"id":27983,"date":"2026-02-21T00:13:08","date_gmt":"2026-02-21T00:13:08","guid":{"rendered":"https:\/\/tekjob.fr\/?page_id=27983"},"modified":"2026-02-22T16:14:48","modified_gmt":"2026-02-22T16:14:48","slug":"digitale","status":"publish","type":"page","link":"https:\/\/tekjob.fr\/en\/digitale\/","title":{"rendered":"Digitale"},"content":{"rendered":"\n<p class=\"has-text-align-center\"><\/p>\n\n\n\n\n\n\n\n<div class=\"wp-block-group alignfull is-content-justification-center\" style=\"margin-top:0;margin-bottom:0;padding-top:calc( 0.5 * var(--wp--style--root--padding-right, var(--wp--custom--gap--horizontal)));padding-right:var(--wp--style--root--padding-right, var(--wp--custom--gap--horizontal));padding-bottom:calc( 0.5 * var(--wp--style--root--padding-right, var(--wp--custom--gap--horizontal)));padding-left:var(--wp--style--root--padding-left, var(--wp--custom--gap--horizontal))\"><div class=\"wp-block-group__inner-container is-layout-constrained wp-container-core-group-is-layout-df757ecc wp-block-group-is-layout-constrained\">\n<div class=\"wp-block-columns alignwide are-vertically-aligned-center is-layout-flex wp-container-core-columns-is-layout-7fc3d43a wp-block-columns-is-layout-flex\">\n<div class=\"wp-block-column is-vertically-aligned-center is-layout-flow wp-block-column-is-layout-flow\">\n<div id=\"wp-block-themeisle-blocks-slider-34c7a8e6\" class=\"wp-block-themeisle-blocks-slider glide\" data-per-view=\"1\" data-gap=\"0\" data-peek=\"0\" data-autoplay=\"true\" data-height=\"400px\" data-hide-arrows=\"false\"><div class=\"glide__track\" data-glide-el=\"track\"><div class=\"glide__slides\"><div class=\"wp-block-themeisle-blocks-slider-item-wrapper glide__slide\" tabindex=\"0\"><figure><img data-opt-id=1054868752  fetchpriority=\"high\" decoding=\"async\" class=\"wp-block-themeisle-blocks-slider-item\" src=\"https:\/\/mlris4gadtgv.i.optimole.com\/w:auto\/h:auto\/q:mauto\/f:best\/https:\/\/tekjob.fr\/wp-content\/uploads\/2026\/02\/Digitale4.jpg\" alt=\"digitale4\" title=\"digitale4\" data-id=\"28166\"\/><figcaption>digitale<\/figcaption><\/figure><\/div><div class=\"wp-block-themeisle-blocks-slider-item-wrapper glide__slide\" tabindex=\"0\"><figure><img data-opt-id=236387431  fetchpriority=\"high\" decoding=\"async\" class=\"wp-block-themeisle-blocks-slider-item\" src=\"https:\/\/mlris4gadtgv.i.optimole.com\/w:auto\/h:auto\/q:mauto\/f:best\/https:\/\/tekjob.fr\/wp-content\/uploads\/2026\/02\/Digitale3.jpg\" alt=\"high speed light streaks internet data, blue colour, glow lines, background\" title=\"high speed light streaks internet data, blue colour, glow lines, background\" data-id=\"28164\"\/><figcaption>Systeme Information<\/figcaption><\/figure><\/div><div class=\"wp-block-themeisle-blocks-slider-item-wrapper glide__slide\" tabindex=\"0\"><figure><img data-opt-id=659597178  data-opt-src=\"https:\/\/mlris4gadtgv.i.optimole.com\/w:auto\/h:auto\/q:mauto\/f:best\/https:\/\/tekjob.fr\/wp-content\/uploads\/2026\/02\/Digitale1.jpeg\"  decoding=\"async\" class=\"wp-block-themeisle-blocks-slider-item\" src=\"data:image/svg+xml,%3Csvg%20viewBox%3D%220%200%20100%%20100%%22%20width%3D%22100%%22%20height%3D%22100%%22%20xmlns%3D%22http%3A%2F%2Fwww.w3.org%2F2000%2Fsvg%22%3E%3Crect%20width%3D%22100%%22%20height%3D%22100%%22%20fill%3D%22transparent%22%2F%3E%3C%2Fsvg%3E\" alt=\"digitale1\" title=\"digitale1\" data-id=\"28165\"\/><figcaption>Acceleration digitale<\/figcaption><\/figure><\/div><div class=\"wp-block-themeisle-blocks-slider-item-wrapper glide__slide\" tabindex=\"0\"><figure><img data-opt-id=1770018074  data-opt-src=\"https:\/\/mlris4gadtgv.i.optimole.com\/w:auto\/h:auto\/q:mauto\/f:best\/https:\/\/tekjob.fr\/wp-content\/uploads\/2026\/02\/Telecom.jpg\"  decoding=\"async\" class=\"wp-block-themeisle-blocks-slider-item\" src=\"data:image/svg+xml,%3Csvg%20viewBox%3D%220%200%20100%%20100%%22%20width%3D%22100%%22%20height%3D%22100%%22%20xmlns%3D%22http%3A%2F%2Fwww.w3.org%2F2000%2Fsvg%22%3E%3Crect%20width%3D%22100%%22%20height%3D%22100%%22%20fill%3D%22transparent%22%2F%3E%3C%2Fsvg%3E\" alt=\"telecom\" title=\"telecom\" data-id=\"28161\"\/><figcaption>Telecom<\/figcaption><\/figure><\/div><div class=\"wp-block-themeisle-blocks-slider-item-wrapper glide__slide\" tabindex=\"0\"><figure><img data-opt-id=1599228056  data-opt-src=\"https:\/\/mlris4gadtgv.i.optimole.com\/w:auto\/h:auto\/q:mauto\/f:best\/https:\/\/tekjob.fr\/wp-content\/uploads\/2026\/02\/Assistance-technique.jpeg\"  decoding=\"async\" class=\"wp-block-themeisle-blocks-slider-item\" src=\"data:image/svg+xml,%3Csvg%20viewBox%3D%220%200%20100%%20100%%22%20width%3D%22100%%22%20height%3D%22100%%22%20xmlns%3D%22http%3A%2F%2Fwww.w3.org%2F2000%2Fsvg%22%3E%3Crect%20width%3D%22100%%22%20height%3D%22100%%22%20fill%3D%22transparent%22%2F%3E%3C%2Fsvg%3E\" alt=\"assistance technique\" title=\"assistance technique\" data-id=\"28364\"\/><\/figure><\/div><div class=\"wp-block-themeisle-blocks-slider-item-wrapper glide__slide\" tabindex=\"0\"><figure><img data-opt-id=1560446550  data-opt-src=\"https:\/\/mlris4gadtgv.i.optimole.com\/w:auto\/h:auto\/q:mauto\/f:best\/https:\/\/tekjob.fr\/wp-content\/uploads\/2026\/02\/Systemes-dinformation2.jpeg\"  decoding=\"async\" class=\"wp-block-themeisle-blocks-slider-item\" src=\"data:image/svg+xml,%3Csvg%20viewBox%3D%220%200%20100%%20100%%22%20width%3D%22100%%22%20height%3D%22100%%22%20xmlns%3D%22http%3A%2F%2Fwww.w3.org%2F2000%2Fsvg%22%3E%3Crect%20width%3D%22100%%22%20height%3D%22100%%22%20fill%3D%22transparent%22%2F%3E%3C%2Fsvg%3E\" alt=\"syst\u00e8mes d\u2019information2\" title=\"syst\u00e8mes d\u2019information2\" data-id=\"28272\"\/><\/figure><\/div><div class=\"wp-block-themeisle-blocks-slider-item-wrapper glide__slide\" tabindex=\"0\"><figure><img data-opt-id=301136274  data-opt-src=\"https:\/\/mlris4gadtgv.i.optimole.com\/w:auto\/h:auto\/q:mauto\/f:best\/https:\/\/tekjob.fr\/wp-content\/uploads\/2026\/02\/Systemes-dinformation.jpeg\"  decoding=\"async\" class=\"wp-block-themeisle-blocks-slider-item\" src=\"data:image/svg+xml,%3Csvg%20viewBox%3D%220%200%20100%%20100%%22%20width%3D%22100%%22%20height%3D%22100%%22%20xmlns%3D%22http%3A%2F%2Fwww.w3.org%2F2000%2Fsvg%22%3E%3Crect%20width%3D%22100%%22%20height%3D%22100%%22%20fill%3D%22transparent%22%2F%3E%3C%2Fsvg%3E\" alt=\"syst\u00e8mes d\u2019information\" title=\"syst\u00e8mes d\u2019information\" data-id=\"28271\"\/><\/figure><\/div><div class=\"wp-block-themeisle-blocks-slider-item-wrapper glide__slide\" tabindex=\"0\"><figure><img data-opt-id=1945820060  data-opt-src=\"https:\/\/mlris4gadtgv.i.optimole.com\/w:auto\/h:auto\/q:mauto\/f:best\/https:\/\/tekjob.fr\/wp-content\/uploads\/2026\/02\/Telecom3.jpg\"  decoding=\"async\" class=\"wp-block-themeisle-blocks-slider-item\" src=\"data:image/svg+xml,%3Csvg%20viewBox%3D%220%200%20100%%20100%%22%20width%3D%22100%%22%20height%3D%22100%%22%20xmlns%3D%22http%3A%2F%2Fwww.w3.org%2F2000%2Fsvg%22%3E%3Crect%20width%3D%22100%%22%20height%3D%22100%%22%20fill%3D%22transparent%22%2F%3E%3C%2Fsvg%3E\" alt=\"telecom3\" title=\"telecom3\" data-id=\"28160\"\/><figcaption>Telecom<\/figcaption><\/figure><\/div><div class=\"wp-block-themeisle-blocks-slider-item-wrapper glide__slide\" tabindex=\"0\"><figure><img data-opt-id=107015277  data-opt-src=\"https:\/\/mlris4gadtgv.i.optimole.com\/w:auto\/h:auto\/q:mauto\/f:best\/https:\/\/tekjob.fr\/wp-content\/uploads\/2026\/02\/Digital-accelleration3.jpeg\"  decoding=\"async\" class=\"wp-block-themeisle-blocks-slider-item\" src=\"data:image/svg+xml,%3Csvg%20viewBox%3D%220%200%20100%%20100%%22%20width%3D%22100%%22%20height%3D%22100%%22%20xmlns%3D%22http%3A%2F%2Fwww.w3.org%2F2000%2Fsvg%22%3E%3Crect%20width%3D%22100%%22%20height%3D%22100%%22%20fill%3D%22transparent%22%2F%3E%3C%2Fsvg%3E\" alt=\"digital accelleration3\" title=\"digital accelleration3\" data-id=\"28146\"\/><figcaption>Digital accelleration<\/figcaption><\/figure><\/div><div class=\"wp-block-themeisle-blocks-slider-item-wrapper glide__slide\" tabindex=\"0\"><figure><img data-opt-id=2103705431  data-opt-src=\"https:\/\/mlris4gadtgv.i.optimole.com\/w:auto\/h:auto\/q:mauto\/f:best\/https:\/\/tekjob.fr\/wp-content\/uploads\/2026\/02\/Cloud.jpeg\"  decoding=\"async\" class=\"wp-block-themeisle-blocks-slider-item\" src=\"data:image/svg+xml,%3Csvg%20viewBox%3D%220%200%20100%%20100%%22%20width%3D%22100%%22%20height%3D%22100%%22%20xmlns%3D%22http%3A%2F%2Fwww.w3.org%2F2000%2Fsvg%22%3E%3Crect%20width%3D%22100%%22%20height%3D%22100%%22%20fill%3D%22transparent%22%2F%3E%3C%2Fsvg%3E\" alt=\"cloud\" title=\"cloud\" data-id=\"28144\"\/><figcaption>Cloud<\/figcaption><\/figure><\/div><div class=\"wp-block-themeisle-blocks-slider-item-wrapper glide__slide\" tabindex=\"0\"><figure><img data-opt-id=1442089156  data-opt-src=\"https:\/\/mlris4gadtgv.i.optimole.com\/w:auto\/h:auto\/q:mauto\/f:best\/https:\/\/tekjob.fr\/wp-content\/uploads\/2026\/02\/Digital-trasformation.jpeg\"  decoding=\"async\" class=\"wp-block-themeisle-blocks-slider-item\" src=\"data:image/svg+xml,%3Csvg%20viewBox%3D%220%200%20100%%20100%%22%20width%3D%22100%%22%20height%3D%22100%%22%20xmlns%3D%22http%3A%2F%2Fwww.w3.org%2F2000%2Fsvg%22%3E%3Crect%20width%3D%22100%%22%20height%3D%22100%%22%20fill%3D%22transparent%22%2F%3E%3C%2Fsvg%3E\" alt=\"digital trasformation\" title=\"digital trasformation\" data-id=\"28147\"\/><figcaption>Cloud<\/figcaption><\/figure><\/div><div class=\"wp-block-themeisle-blocks-slider-item-wrapper glide__slide\" tabindex=\"0\"><figure><img data-opt-id=1486355881  data-opt-src=\"https:\/\/mlris4gadtgv.i.optimole.com\/w:auto\/h:auto\/q:mauto\/f:best\/https:\/\/tekjob.fr\/wp-content\/uploads\/2026\/02\/SI-Cloud.jpeg\"  decoding=\"async\" class=\"wp-block-themeisle-blocks-slider-item\" src=\"data:image/svg+xml,%3Csvg%20viewBox%3D%220%200%20100%%20100%%22%20width%3D%22100%%22%20height%3D%22100%%22%20xmlns%3D%22http%3A%2F%2Fwww.w3.org%2F2000%2Fsvg%22%3E%3Crect%20width%3D%22100%%22%20height%3D%22100%%22%20fill%3D%22transparent%22%2F%3E%3C%2Fsvg%3E\" alt=\"si cloud\" title=\"si cloud\" data-id=\"28143\"\/><figcaption>Cloud<\/figcaption><\/figure><\/div><div class=\"wp-block-themeisle-blocks-slider-item-wrapper glide__slide\" tabindex=\"0\"><figure><img data-opt-id=2013798228  data-opt-src=\"https:\/\/mlris4gadtgv.i.optimole.com\/w:auto\/h:auto\/q:mauto\/f:best\/https:\/\/tekjob.fr\/wp-content\/uploads\/2026\/02\/Cybersecurite2.jpeg\"  decoding=\"async\" class=\"wp-block-themeisle-blocks-slider-item\" src=\"data:image/svg+xml,%3Csvg%20viewBox%3D%220%200%20100%%20100%%22%20width%3D%22100%%22%20height%3D%22100%%22%20xmlns%3D%22http%3A%2F%2Fwww.w3.org%2F2000%2Fsvg%22%3E%3Crect%20width%3D%22100%%22%20height%3D%22100%%22%20fill%3D%22transparent%22%2F%3E%3C%2Fsvg%3E\" alt=\"cybersecurit\u00e92\" title=\"cybersecurit\u00e92\" data-id=\"28141\"\/><figcaption>Cybersecurit\u00e9<\/figcaption><\/figure><\/div><div class=\"wp-block-themeisle-blocks-slider-item-wrapper glide__slide\" tabindex=\"0\"><figure><img data-opt-id=1698674090  data-opt-src=\"https:\/\/mlris4gadtgv.i.optimole.com\/w:auto\/h:auto\/q:mauto\/f:best\/https:\/\/tekjob.fr\/wp-content\/uploads\/2026\/02\/Objets-connectees-Couverture2.jpg\"  decoding=\"async\" class=\"wp-block-themeisle-blocks-slider-item\" src=\"data:image/svg+xml,%3Csvg%20viewBox%3D%220%200%20100%%20100%%22%20width%3D%22100%%22%20height%3D%22100%%22%20xmlns%3D%22http%3A%2F%2Fwww.w3.org%2F2000%2Fsvg%22%3E%3Crect%20width%3D%22100%%22%20height%3D%22100%%22%20fill%3D%22transparent%22%2F%3E%3C%2Fsvg%3E\" alt=\"objets connectees couverture2\" title=\"objets connectees couverture2\" data-id=\"28134\"\/><figcaption>Objets connectees <\/figcaption><\/figure><\/div><div class=\"wp-block-themeisle-blocks-slider-item-wrapper glide__slide\" tabindex=\"0\"><figure><img data-opt-id=1687513571  data-opt-src=\"https:\/\/mlris4gadtgv.i.optimole.com\/w:auto\/h:auto\/q:mauto\/f:best\/https:\/\/tekjob.fr\/wp-content\/uploads\/2026\/02\/Smart-indus.jpeg\"  decoding=\"async\" class=\"wp-block-themeisle-blocks-slider-item\" src=\"data:image/svg+xml,%3Csvg%20viewBox%3D%220%200%20100%%20100%%22%20width%3D%22100%%22%20height%3D%22100%%22%20xmlns%3D%22http%3A%2F%2Fwww.w3.org%2F2000%2Fsvg%22%3E%3Crect%20width%3D%22100%%22%20height%3D%22100%%22%20fill%3D%22transparent%22%2F%3E%3C%2Fsvg%3E\" alt=\"smart indus\" title=\"smart indus\" data-id=\"28074\"\/><figcaption>Objets connectees<\/figcaption><\/figure><\/div><div class=\"wp-block-themeisle-blocks-slider-item-wrapper glide__slide\" tabindex=\"0\"><figure><img data-opt-id=1264369097  data-opt-src=\"https:\/\/mlris4gadtgv.i.optimole.com\/w:auto\/h:auto\/q:mauto\/f:best\/https:\/\/tekjob.fr\/wp-content\/uploads\/2026\/02\/Smart-industrie.jpeg\"  decoding=\"async\" class=\"wp-block-themeisle-blocks-slider-item\" src=\"data:image/svg+xml,%3Csvg%20viewBox%3D%220%200%20100%%20100%%22%20width%3D%22100%%22%20height%3D%22100%%22%20xmlns%3D%22http%3A%2F%2Fwww.w3.org%2F2000%2Fsvg%22%3E%3Crect%20width%3D%22100%%22%20height%3D%22100%%22%20fill%3D%22transparent%22%2F%3E%3C%2Fsvg%3E\" alt=\"smart industrie\" title=\"smart industrie\" data-id=\"28073\"\/><figcaption>Smart industrie<\/figcaption><\/figure><\/div><div class=\"wp-block-themeisle-blocks-slider-item-wrapper glide__slide\" tabindex=\"0\"><figure><img data-opt-id=504707219  data-opt-src=\"https:\/\/mlris4gadtgv.i.optimole.com\/w:auto\/h:auto\/q:mauto\/f:best\/https:\/\/tekjob.fr\/wp-content\/uploads\/2026\/02\/Smart-Manufacturing.jpg\"  decoding=\"async\" class=\"wp-block-themeisle-blocks-slider-item\" src=\"data:image/svg+xml,%3Csvg%20viewBox%3D%220%200%20100%%20100%%22%20width%3D%22100%%22%20height%3D%22100%%22%20xmlns%3D%22http%3A%2F%2Fwww.w3.org%2F2000%2Fsvg%22%3E%3Crect%20width%3D%22100%%22%20height%3D%22100%%22%20fill%3D%22transparent%22%2F%3E%3C%2Fsvg%3E\" alt=\"smart manufacturing\" title=\"smart manufacturing\" data-id=\"28075\"\/><figcaption>Smart industrie<\/figcaption><\/figure><\/div><div class=\"wp-block-themeisle-blocks-slider-item-wrapper glide__slide\" tabindex=\"0\"><figure><img data-opt-id=457267387  data-opt-src=\"https:\/\/mlris4gadtgv.i.optimole.com\/w:auto\/h:auto\/q:mauto\/f:best\/https:\/\/tekjob.fr\/wp-content\/uploads\/2026\/02\/Cybersecurite.jpg\"  decoding=\"async\" class=\"wp-block-themeisle-blocks-slider-item\" src=\"data:image/svg+xml,%3Csvg%20viewBox%3D%220%200%20100%%20100%%22%20width%3D%22100%%22%20height%3D%22100%%22%20xmlns%3D%22http%3A%2F%2Fwww.w3.org%2F2000%2Fsvg%22%3E%3Crect%20width%3D%22100%%22%20height%3D%22100%%22%20fill%3D%22transparent%22%2F%3E%3C%2Fsvg%3E\" alt=\"cybersecurite\" title=\"cybersecurite\" data-id=\"27994\"\/><figcaption>Cybersecurite<\/figcaption><\/figure><\/div><div class=\"wp-block-themeisle-blocks-slider-item-wrapper glide__slide\" tabindex=\"0\"><figure><img data-opt-id=71262003  data-opt-src=\"https:\/\/mlris4gadtgv.i.optimole.com\/w:auto\/h:auto\/q:mauto\/f:best\/https:\/\/tekjob.fr\/wp-content\/uploads\/2026\/02\/Data-integrer.jpeg\"  decoding=\"async\" class=\"wp-block-themeisle-blocks-slider-item\" src=\"data:image/svg+xml,%3Csvg%20viewBox%3D%220%200%20100%%20100%%22%20width%3D%22100%%22%20height%3D%22100%%22%20xmlns%3D%22http%3A%2F%2Fwww.w3.org%2F2000%2Fsvg%22%3E%3Crect%20width%3D%22100%%22%20height%3D%22100%%22%20fill%3D%22transparent%22%2F%3E%3C%2Fsvg%3E\" alt=\"data integrer\" title=\"data integrer\" data-id=\"27992\"\/><figcaption>data integrer<\/figcaption><\/figure><\/div><\/div><div class=\"glide__bullets\" data-glide-el=\"controls[nav]\"><button class=\"glide__bullet\" data-glide-dir=\"=0\"><\/button><button class=\"glide__bullet\" data-glide-dir=\"=1\"><\/button><button class=\"glide__bullet\" data-glide-dir=\"=2\"><\/button><button class=\"glide__bullet\" data-glide-dir=\"=3\"><\/button><button class=\"glide__bullet\" data-glide-dir=\"=4\"><\/button><button class=\"glide__bullet\" data-glide-dir=\"=5\"><\/button><button class=\"glide__bullet\" data-glide-dir=\"=6\"><\/button><button class=\"glide__bullet\" data-glide-dir=\"=7\"><\/button><button class=\"glide__bullet\" data-glide-dir=\"=8\"><\/button><button class=\"glide__bullet\" data-glide-dir=\"=9\"><\/button><button class=\"glide__bullet\" data-glide-dir=\"=10\"><\/button><button class=\"glide__bullet\" data-glide-dir=\"=11\"><\/button><button class=\"glide__bullet\" data-glide-dir=\"=12\"><\/button><button class=\"glide__bullet\" data-glide-dir=\"=13\"><\/button><button class=\"glide__bullet\" data-glide-dir=\"=14\"><\/button><button class=\"glide__bullet\" data-glide-dir=\"=15\"><\/button><button class=\"glide__bullet\" data-glide-dir=\"=16\"><\/button><button class=\"glide__bullet\" data-glide-dir=\"=17\"><\/button><button class=\"glide__bullet\" data-glide-dir=\"=18\"><\/button><\/div><\/div><\/div>\n<\/div>\n\n\n\n<div class=\"wp-block-column is-vertically-aligned-center is-layout-flow wp-block-column-is-layout-flow\">\n<h2 class=\"wp-block-heading alignwide\"><strong> Acc\u00e9l\u00e9ration digitale<\/strong> \/ <strong>Technologies embarqu\u00e9es<\/strong><\/h2>\n\n\n\n<p><strong>TEKJOB est une Agence digital, et forment un \u00e9cosyst\u00e8me complet d\u00e9di\u00e9 \u00e0 la r\u00e9ussite de vos projets<\/strong> <strong>Syst\u00e8mes embarqu\u00e9s<\/strong>, aussi bien pour des missions de conseil que pour la r\u00e9alisation de projets cl\u00e9s en main.<\/p>\n\n\n\n<p><strong>Technologies embarqu\u00e9es<\/strong><\/p>\n\n\n\n<p>Les objets communicants doivent embarquer de plus en plus d\u2019intelligence sous de fortes contraintes d\u2019int\u00e9gration. Les technologies embarqu\u00e9es sont le moteur de l&rsquo;innovation dans notre monde interconnect\u00e9.<\/p>\n\n\n\n<p><strong>Notre expertise<\/strong><\/p>\n\n\n\n<p><strong>TEKJOB a une une ma\u00eetrise totale du cycle de vie des syst\u00e8mes embarqu\u00e9s<\/strong><\/p>\n\n\n\n<p><strong>Etude et d\u00e9veloppement<\/strong><\/p>\n\n\n\n<p><strong>Analyse des besoins et faisabilit\u00e9,<\/strong><\/p>\n\n\n\n<ul class=\"wp-block-list\">\n<li>Sp\u00e9cifications techniques,<\/li>\n\n\n\n<li>Conception, mod\u00e9lisation et architecture,<\/li>\n\n\n\n<li>D\u00e9veloppement applicatifs logiciels \/ web \/ mobiles,<\/li>\n\n\n\n<li>Tests, Validation, Int\u00e9gration, Recette.<\/li>\n\n\n\n<li>Optimisation des performances<\/li>\n\n\n\n<li>Innover et transformer<\/li>\n\n\n\n<li><strong>Notre plus value<\/strong><\/li>\n\n\n\n<li>Ma\u00eetrise des technologies embarqu\u00e9es sous contraintes physiques : taille, temp\u00e9rature, basse consommation, \u00e9lectromagn\u00e9tique, etc.<\/li>\n\n\n\n<li>Processus de d\u00e9veloppement logiciel embarqu\u00e9 \u00e0 qualit\u00e9 industrielle et bancs d\u2019essai.<\/li>\n\n\n\n<li>Expertise sur l\u2019ensemble du logiciel : des couches basses capteurs \/ actionneurs aux traitements \u00ab at the edge \u00bb.<\/li>\n\n\n\n<li>Capacit\u00e9 \u00e0 int\u00e9grer les technologies embarqu\u00e9es dans un syst\u00e8me connect\u00e9 complexe.<\/li>\n\n\n\n<li>Un \u00e9co-syst\u00e8me de partenaires sp\u00e9cialis\u00e9s sur les diff\u00e9rentes strates d\u2019un projet IoT.<\/li>\n\n\n\n<li>Une longue exp\u00e9rience dans les syst\u00e8mes critiques n\u00e9cessitant une protection de haut niveau : d\u00e9fense et industries critiques<\/li>\n<\/ul>\n\n\n\n<div class=\"wp-block-buttons is-layout-flex wp-block-buttons-is-layout-flex\">\n<div class=\"wp-block-button\"><a class=\"wp-block-button__link wp-element-button\">Nous rencontrer<\/a><\/div>\n<\/div>\n<\/div>\n<\/div>\n\n\n\n<div style=\"height:calc( 0.25 * var(--wp--style--root--padding-right, var(--wp--custom--gap--horizontal)))\" aria-hidden=\"true\" class=\"wp-block-spacer\"><\/div>\n\n\n\n<div style=\"height:calc( 0.25 * var(--wp--style--root--padding-right, var(--wp--custom--gap--horizontal)))\" aria-hidden=\"true\" class=\"wp-block-spacer\"><\/div>\n<\/div><\/div>\n\n\n\n\n\n\n","protected":false},"excerpt":{"rendered":"<p>Acc\u00e9l\u00e9ration digitale \/ Technologies embarqu\u00e9es TEKJOB est une Agence digital, et forment un \u00e9cosyst\u00e8me complet d\u00e9di\u00e9 \u00e0 la r\u00e9ussite de [&hellip;]<\/p>\n","protected":false},"author":1,"featured_media":0,"parent":0,"menu_order":0,"comment_status":"closed","ping_status":"closed","template":"","meta":{"saved_in_kubio":true,"_regular_price":[],"currency_symbol":[],"_surecart_dashboard_logo_width":"180px","_surecart_dashboard_show_logo":true,"_surecart_dashboard_navigation_orders":true,"_surecart_dashboard_navigation_invoices":true,"_surecart_dashboard_navigation_subscriptions":true,"_surecart_dashboard_navigation_downloads":true,"_surecart_dashboard_navigation_billing":true,"_surecart_dashboard_navigation_account":true,"_monsterinsights_skip_tracking":false,"_monsterinsights_sitenote_active":false,"_monsterinsights_sitenote_note":"","_monsterinsights_sitenote_category":0,"_uf_show_specific_survey":0,"_uf_disable_surveys":false,"_themeisle_gutenberg_block_has_review":false,"footnotes":""},"class_list":["post-27983","page","type-page","status-publish","hentry"],"post_slider_layout_featured_media_urls":{"thumbnail":"","post_slider_layout_landscape_large":"","post_slider_layout_portrait_large":"","post_slider_layout_square_large":"","post_slider_layout_landscape":"","post_slider_layout_portrait":"","post_slider_layout_square":"","full":""},"kubio_ai_page_context":{"short_desc":"","purpose":"general"},"jetpack_sharing_enabled":true,"_links":{"self":[{"href":"https:\/\/tekjob.fr\/en\/wp-json\/wp\/v2\/pages\/27983","targetHints":{"allow":["GET"]}}],"collection":[{"href":"https:\/\/tekjob.fr\/en\/wp-json\/wp\/v2\/pages"}],"about":[{"href":"https:\/\/tekjob.fr\/en\/wp-json\/wp\/v2\/types\/page"}],"author":[{"embeddable":true,"href":"https:\/\/tekjob.fr\/en\/wp-json\/wp\/v2\/users\/1"}],"replies":[{"embeddable":true,"href":"https:\/\/tekjob.fr\/en\/wp-json\/wp\/v2\/comments?post=27983"}],"version-history":[{"count":36,"href":"https:\/\/tekjob.fr\/en\/wp-json\/wp\/v2\/pages\/27983\/revisions"}],"predecessor-version":[{"id":28957,"href":"https:\/\/tekjob.fr\/en\/wp-json\/wp\/v2\/pages\/27983\/revisions\/28957"}],"wp:attachment":[{"href":"https:\/\/tekjob.fr\/en\/wp-json\/wp\/v2\/media?parent=27983"}],"curies":[{"name":"wp","href":"https:\/\/api.w.org\/{rel}","templated":true}]}}