{"id":27956,"date":"2026-02-15T14:24:00","date_gmt":"2026-02-15T14:24:00","guid":{"rendered":"https:\/\/tekjob.fr\/?page_id=27956"},"modified":"2026-05-08T23:37:03","modified_gmt":"2026-05-08T23:37:03","slug":"tekjob-health","status":"publish","type":"page","link":"https:\/\/tekjob.fr\/en\/tekjob-health\/","title":{"rendered":"TEKJOB Health"},"content":{"rendered":"\n<p><\/p>\n\n\n\n\n\n<p><\/p>\n\n\n\n\n\n\n\n<div id=\"wp-block-themeisle-blocks-slider-9f0c0664\" class=\"wp-block-themeisle-blocks-slider glide\" data-per-view=\"1\" data-gap=\"0\" data-peek=\"0\" data-autoplay=\"true\" data-height=\"400px\" data-hide-arrows=\"false\"><div class=\"glide__track\" data-glide-el=\"track\"><div class=\"glide__slides\"><div class=\"wp-block-themeisle-blocks-slider-item-wrapper glide__slide\" tabindex=\"0\"><figure><img data-opt-id=884296167  fetchpriority=\"high\" decoding=\"async\" class=\"wp-block-themeisle-blocks-slider-item\" src=\"https:\/\/mlris4gadtgv.i.optimole.com\/cb:wDTm.403\/w:auto\/h:auto\/q:mauto\/f:best\/https:\/\/tekjob.fr\/wp-content\/uploads\/2026\/02\/medical_et_pharmaceutique.png\" alt=\"medical et pharmaceutique\" title=\"medical et pharmaceutique\" data-id=\"28608\"\/><figcaption> pharmaceutique<\/figcaption><\/figure><\/div><div class=\"wp-block-themeisle-blocks-slider-item-wrapper glide__slide\" tabindex=\"0\"><figure><img data-opt-id=1588141414  fetchpriority=\"high\" decoding=\"async\" class=\"wp-block-themeisle-blocks-slider-item\" src=\"https:\/\/mlris4gadtgv.i.optimole.com\/cb:wDTm.403\/w:auto\/h:auto\/q:mauto\/f:best\/https:\/\/tekjob.fr\/wp-content\/uploads\/2026\/02\/Medical-device1.jpg\" alt=\"medical device1\" title=\"medical device1\" data-id=\"28039\"\/><figcaption>medical device <\/figcaption><\/figure><\/div><div class=\"wp-block-themeisle-blocks-slider-item-wrapper glide__slide\" tabindex=\"0\"><figure><img data-opt-id=1195076188  data-opt-src=\"https:\/\/mlris4gadtgv.i.optimole.com\/cb:wDTm.403\/w:auto\/h:auto\/q:mauto\/f:best\/https:\/\/tekjob.fr\/wp-content\/uploads\/2026\/02\/Cosmetis01-scaled.jpg\"  decoding=\"async\" class=\"wp-block-themeisle-blocks-slider-item\" src=\"data:image/svg+xml,%3Csvg%20viewBox%3D%220%200%20100%%20100%%22%20width%3D%22100%%22%20height%3D%22100%%22%20xmlns%3D%22http%3A%2F%2Fwww.w3.org%2F2000%2Fsvg%22%3E%3Crect%20width%3D%22100%%22%20height%3D%22100%%22%20fill%3D%22transparent%22%2F%3E%3C%2Fsvg%3E\" alt=\"Cosmetis01 Scaled\" title=\"TEKJOB Health\" data-id=\"28283\"><figcaption>Cosmetique<\/figcaption><\/figure><\/div><div class=\"wp-block-themeisle-blocks-slider-item-wrapper glide__slide\" tabindex=\"0\"><figure><img data-opt-id=1391943491  data-opt-src=\"https:\/\/mlris4gadtgv.i.optimole.com\/cb:wDTm.403\/w:auto\/h:auto\/q:mauto\/f:best\/https:\/\/tekjob.fr\/wp-content\/uploads\/2026\/02\/Cosmetics.jpg\"  decoding=\"async\" class=\"wp-block-themeisle-blocks-slider-item\" src=\"data:image/svg+xml,%3Csvg%20viewBox%3D%220%200%20100%%20100%%22%20width%3D%22100%%22%20height%3D%22100%%22%20xmlns%3D%22http%3A%2F%2Fwww.w3.org%2F2000%2Fsvg%22%3E%3Crect%20width%3D%22100%%22%20height%3D%22100%%22%20fill%3D%22transparent%22%2F%3E%3C%2Fsvg%3E\" alt=\"cosmetics\" title=\"cosmetics\" data-id=\"28040\"\/><figcaption>Cosmetics<\/figcaption><\/figure><\/div><div class=\"wp-block-themeisle-blocks-slider-item-wrapper glide__slide\" tabindex=\"0\"><figure><img data-opt-id=1146513865  data-opt-src=\"https:\/\/mlris4gadtgv.i.optimole.com\/cb:wDTm.403\/w:auto\/h:auto\/q:mauto\/f:best\/https:\/\/tekjob.fr\/wp-content\/uploads\/2026\/03\/Ultrason-GEHC.jpg\"  decoding=\"async\" class=\"wp-block-themeisle-blocks-slider-item\" src=\"data:image/svg+xml,%3Csvg%20viewBox%3D%220%200%20100%%20100%%22%20width%3D%22100%%22%20height%3D%22100%%22%20xmlns%3D%22http%3A%2F%2Fwww.w3.org%2F2000%2Fsvg%22%3E%3Crect%20width%3D%22100%%22%20height%3D%22100%%22%20fill%3D%22transparent%22%2F%3E%3C%2Fsvg%3E\" alt=\"ultrason gehc\" title=\"ultrason gehc\" data-id=\"29339\"\/><figcaption>Medical Imaging<\/figcaption><\/figure><\/div><div class=\"wp-block-themeisle-blocks-slider-item-wrapper glide__slide\" tabindex=\"0\"><figure><img data-opt-id=694946627  data-opt-src=\"https:\/\/mlris4gadtgv.i.optimole.com\/cb:wDTm.403\/w:auto\/h:auto\/q:mauto\/f:best\/https:\/\/tekjob.fr\/wp-content\/uploads\/2026\/03\/Agroalimentaire.jpg\"  decoding=\"async\" class=\"wp-block-themeisle-blocks-slider-item\" src=\"data:image/svg+xml,%3Csvg%20viewBox%3D%220%200%20100%%20100%%22%20width%3D%22100%%22%20height%3D%22100%%22%20xmlns%3D%22http%3A%2F%2Fwww.w3.org%2F2000%2Fsvg%22%3E%3Crect%20width%3D%22100%%22%20height%3D%22100%%22%20fill%3D%22transparent%22%2F%3E%3C%2Fsvg%3E\" alt=\"agroalimentaire\" title=\"agroalimentaire\" data-id=\"29420\"\/><figcaption>Agro-alimentaire<\/figcaption><\/figure><\/div><\/div><div class=\"glide__bullets\" data-glide-el=\"controls[nav]\"><button class=\"glide__bullet\" data-glide-dir=\"=0\"><\/button><button class=\"glide__bullet\" data-glide-dir=\"=1\"><\/button><button class=\"glide__bullet\" data-glide-dir=\"=2\"><\/button><button class=\"glide__bullet\" data-glide-dir=\"=3\"><\/button><button class=\"glide__bullet\" data-glide-dir=\"=4\"><\/button><button class=\"glide__bullet\" data-glide-dir=\"=5\"><\/button><\/div><\/div><\/div>\n\n\n\n<div class=\"wp-block-surecart-columns\">\n\n<div class=\"wp-block-surecart-column\"><\/div>\n\n\n<div class=\"wp-block-surecart-column\"><\/div>\n\n\n<div class=\"wp-block-surecart-column\"><\/div>\n\n<\/div>\n\n\n\n<div class=\"wp-block-group alignfull is-content-justification-center\" style=\"margin-top:0;margin-bottom:0;padding-top:calc( 0.5 * var(--wp--style--root--padding-right, var(--wp--custom--gap--horizontal)));padding-right:var(--wp--style--root--padding-right, var(--wp--custom--gap--horizontal));padding-bottom:calc( 0.5 * var(--wp--style--root--padding-right, var(--wp--custom--gap--horizontal)));padding-left:var(--wp--style--root--padding-left, var(--wp--custom--gap--horizontal))\"><div class=\"wp-block-group__inner-container is-layout-constrained wp-container-core-group-is-layout-df757ecc wp-block-group-is-layout-constrained\">\n<div style=\"height:calc( 0.25 * var(--wp--style--root--padding-right, var(--wp--custom--gap--horizontal)))\" aria-hidden=\"true\" class=\"wp-block-spacer\"><\/div>\n\n\n\n<div class=\"wp-block-columns alignwide is-layout-flex wp-container-core-columns-is-layout-7fc3d43a wp-block-columns-is-layout-flex\">\n<div class=\"wp-block-column is-layout-flow wp-block-column-is-layout-flow\">\n<h2 class=\"wp-block-heading alignwide\">Sant\u00e9 \/ Sciences de la vie<\/h2>\n\n\n\n<p><strong>TEKJOB Health<\/strong> c&#8217;est <strong>La Sant\u00e9&nbsp;<\/strong>et&nbsp;<strong>les Sciences de la vie<\/strong>&nbsp;qui repr\u00e9sentent une part importante de l\u2019activit\u00e9 \u00e9conomique au niveau mondial, ce qui a \u00e9t\u00e9 d\u00e9montr\u00e9 lors de l\u2019apparition du coronavirus COVID-19. <strong>TEKJOB Health<\/strong> englobe les domaines de la sant\u00e9 publique et priv\u00e9e, l\u2019industrie <strong>Pharmaceutique<\/strong>, les fournisseurs de <strong>Dispositifs M\u00e9dicaux<\/strong> ainsi que le domaine de la <strong>Cosm\u00e9tologie<\/strong>.<\/p>\n\n\n\n<p>Les entreprises de ces secteurs doivent appr\u00e9hender de nombreux d\u00e9fis dans un contexte de vieillissement de la population ou l\u2019apparition et propagation de nouvelles pand\u00e9mies. Les dispositifs m\u00e9dicaux et les traitements sont soumis \u00e0 une obligation permanente d\u2019innovation, de r\u00e9activit\u00e9, dans un contexte r\u00e9glementaire toujours plus strict. Les nouvelles mol\u00e9cules de l\u2019industrie pharmaceutique n\u00e9cessitent des investissements colossaux et des technologies toujours plus pointues. L\u2019industrie cosm\u00e9tique doit r\u00e9pondre \u00e0 des exigences de qualit\u00e9 \u00e9lev\u00e9es tout en \u00e9tant capable de prouver les effets indiqu\u00e9s. Par ailleurs, la transformation num\u00e9rique impacte fortement cette \u00e9conomie par l\u2019\u00e9mergence de nouveaux acteurs et l\u2019utilisation des nouvelles technologies, on parle alors de e-Sant\u00e9.<\/p>\n\n\n\n<p>Pour accompagner les entreprises du secteur, l\u2019offre de <strong>TEKJOB Health&nbsp;<\/strong>se d\u00e9compose selon les axes suivants :<\/p>\n\n\n\n<p>1.M\u00e9thodes<br>2.Etudes &amp; Ing\u00e9nierie<br>3.G\u00e9nie chimique et proc\u00e9d\u00e9s<br>4.Support aux projets<\/p>\n\n\n\n<div class=\"wp-block-buttons is-layout-flex wp-block-buttons-is-layout-flex\">\n<div class=\"wp-block-button\"><a class=\"wp-block-button__link wp-element-button\">Nous rencontrer<\/a><\/div>\n<\/div>\n<\/div>\n<\/div>\n\n\n\n<div style=\"height:calc( 0.25 * var(--wp--style--root--padding-right, var(--wp--custom--gap--horizontal)))\" aria-hidden=\"true\" class=\"wp-block-spacer\"><\/div>\n<\/div><\/div>\n\n\n\n<div class=\"wp-block-columns is-layout-flex wp-container-core-columns-is-layout-28f84493 wp-block-columns-is-layout-flex\">\n<div class=\"wp-block-column is-layout-flow wp-block-column-is-layout-flow\"><\/div>\n\n\n\n<div class=\"wp-block-column is-layout-flow wp-block-column-is-layout-flow\"><\/div>\n<\/div>\n\n\n\n\n\n\n\n\n\n\n","protected":false},"excerpt":{"rendered":"<p>Sant\u00e9 \/ Sciences de la vie TEKJOB Health c&#8217;est La Sant\u00e9&nbsp;et&nbsp;les Sciences de la vie&nbsp;qui repr\u00e9sentent une part importante de [&hellip;]<\/p>\n","protected":false},"author":1,"featured_media":0,"parent":0,"menu_order":0,"comment_status":"closed","ping_status":"closed","template":"","meta":{"saved_in_kubio":true,"_regular_price":[],"currency_symbol":[],"_monsterinsights_skip_tracking":false,"_monsterinsights_sitenote_active":false,"_monsterinsights_sitenote_note":"","_monsterinsights_sitenote_category":0,"_uf_show_specific_survey":0,"_uf_disable_surveys":false,"_themeisle_gutenberg_block_has_review":false,"footnotes":""},"class_list":["post-27956","page","type-page","status-publish","hentry"],"post_slider_layout_featured_media_urls":{"thumbnail":"","post_slider_layout_landscape_large":"","post_slider_layout_portrait_large":"","post_slider_layout_square_large":"","post_slider_layout_landscape":"","post_slider_layout_portrait":"","post_slider_layout_square":"","full":""},"kubio_ai_page_context":{"short_desc":"","purpose":"general"},"jetpack_sharing_enabled":true,"_links":{"self":[{"href":"https:\/\/tekjob.fr\/en\/wp-json\/wp\/v2\/pages\/27956","targetHints":{"allow":["GET"]}}],"collection":[{"href":"https:\/\/tekjob.fr\/en\/wp-json\/wp\/v2\/pages"}],"about":[{"href":"https:\/\/tekjob.fr\/en\/wp-json\/wp\/v2\/types\/page"}],"author":[{"embeddable":true,"href":"https:\/\/tekjob.fr\/en\/wp-json\/wp\/v2\/users\/1"}],"replies":[{"embeddable":true,"href":"https:\/\/tekjob.fr\/en\/wp-json\/wp\/v2\/comments?post=27956"}],"version-history":[{"count":98,"href":"https:\/\/tekjob.fr\/en\/wp-json\/wp\/v2\/pages\/27956\/revisions"}],"predecessor-version":[{"id":30503,"href":"https:\/\/tekjob.fr\/en\/wp-json\/wp\/v2\/pages\/27956\/revisions\/30503"}],"wp:attachment":[{"href":"https:\/\/tekjob.fr\/en\/wp-json\/wp\/v2\/media?parent=27956"}],"curies":[{"name":"wp","href":"https:\/\/api.w.org\/{rel}","templated":true}]}}