{"id":27948,"date":"2026-02-22T13:05:25","date_gmt":"2026-02-22T13:05:25","guid":{"rendered":"https:\/\/tekjob.fr\/?page_id=27948"},"modified":"2026-02-22T13:05:25","modified_gmt":"2026-02-22T13:05:25","slug":"multimedia","status":"publish","type":"page","link":"https:\/\/tekjob.fr\/en\/multimedia\/","title":{"rendered":"Multim\u00e9dia"},"content":{"rendered":"\n<p><\/p>\n\n\n\n<div class=\"wp-block-group alignfull is-content-justification-center\" style=\"margin-top:0;margin-bottom:0;padding-top:calc( 0.5 * var(--wp--style--root--padding-right, var(--wp--custom--gap--horizontal)));padding-right:var(--wp--style--root--padding-right, var(--wp--custom--gap--horizontal));padding-bottom:calc( 0.5 * var(--wp--style--root--padding-right, var(--wp--custom--gap--horizontal)));padding-left:var(--wp--style--root--padding-left, var(--wp--custom--gap--horizontal))\"><div class=\"wp-block-group__inner-container is-layout-constrained wp-container-core-group-is-layout-df757ecc wp-block-group-is-layout-constrained\">\n<div style=\"height:calc( 0.25 * var(--wp--style--root--padding-right, var(--wp--custom--gap--horizontal)))\" aria-hidden=\"true\" class=\"wp-block-spacer\"><\/div>\n\n\n\n<div class=\"wp-block-columns alignwide are-vertically-aligned-center is-layout-flex wp-container-core-columns-is-layout-7fc3d43a wp-block-columns-is-layout-flex\">\n<div class=\"wp-block-column is-vertically-aligned-center is-layout-flow wp-block-column-is-layout-flow\">\n<div id=\"wp-block-themeisle-blocks-slider-c2053a0b\" class=\"wp-block-themeisle-blocks-slider glide\" data-per-view=\"1\" data-gap=\"0\" data-peek=\"0\" data-autoplay=\"true\" data-height=\"400px\" data-hide-arrows=\"false\"><div class=\"glide__track\" data-glide-el=\"track\"><div class=\"glide__slides\"><div class=\"wp-block-themeisle-blocks-slider-item-wrapper glide__slide\" tabindex=\"0\"><figure><img data-opt-id=1698674090  fetchpriority=\"high\" decoding=\"async\" class=\"wp-block-themeisle-blocks-slider-item\" src=\"https:\/\/mlris4gadtgv.i.optimole.com\/w:auto\/h:auto\/q:mauto\/f:best\/https:\/\/tekjob.fr\/wp-content\/uploads\/2026\/02\/Objets-connectees-Couverture2.jpg\" alt=\"objets connectees couverture2\" title=\"objets connectees couverture2\" data-id=\"28134\"\/><\/figure><\/div><div class=\"wp-block-themeisle-blocks-slider-item-wrapper glide__slide\" tabindex=\"0\"><figure><img data-opt-id=1278547243  fetchpriority=\"high\" decoding=\"async\" class=\"wp-block-themeisle-blocks-slider-item\" src=\"https:\/\/mlris4gadtgv.i.optimole.com\/w:auto\/h:auto\/q:mauto\/f:best\/https:\/\/tekjob.fr\/wp-content\/uploads\/2026\/02\/multimedia.jpg\" alt=\"multimedia\" title=\"multimedia\" data-id=\"27949\"\/><\/figure><\/div><div class=\"wp-block-themeisle-blocks-slider-item-wrapper glide__slide\" tabindex=\"0\"><figure><img data-opt-id=165173593  data-opt-src=\"https:\/\/mlris4gadtgv.i.optimole.com\/w:auto\/h:auto\/q:mauto\/f:best\/https:\/\/tekjob.fr\/wp-content\/uploads\/2026\/02\/Cloud_Tekjob.jpg\"  decoding=\"async\" class=\"wp-block-themeisle-blocks-slider-item\" src=\"data:image/svg+xml,%3Csvg%20viewBox%3D%220%200%20100%%20100%%22%20width%3D%22100%%22%20height%3D%22100%%22%20xmlns%3D%22http%3A%2F%2Fwww.w3.org%2F2000%2Fsvg%22%3E%3Crect%20width%3D%22100%%22%20height%3D%22100%%22%20fill%3D%22transparent%22%2F%3E%3C%2Fsvg%3E\" alt=\"cloud tekjob\" title=\"cloud tekjob\" data-id=\"27971\"\/><\/figure><\/div><\/div><div class=\"glide__bullets\" data-glide-el=\"controls[nav]\"><button class=\"glide__bullet\" data-glide-dir=\"=0\"><\/button><button class=\"glide__bullet\" data-glide-dir=\"=1\"><\/button><button class=\"glide__bullet\" data-glide-dir=\"=2\"><\/button><\/div><\/div><\/div>\n<\/div>\n\n\n\n<div class=\"wp-block-column is-vertically-aligned-center is-layout-flow wp-block-column-is-layout-flow\">\n<h2 class=\"wp-block-heading alignwide\">Multim\u00e9dia \/ Num\u00e9rique&nbsp;<\/h2>\n\n\n\n<p><strong>Le Multim\u00e9dia&nbsp;<\/strong>et&nbsp;<strong>le Num\u00e9rique<\/strong>, en \u00e9volution permanente et port\u00e9s par l\u2019arriv\u00e9e de nouvelles technologies, ont rendu mobile l\u2019acc\u00e8s \u00e0 l\u2019information et ont engendr\u00e9 de nouveaux usages, modifiant en profondeur les modes de fonctionnement, de management et de communication des entreprises et des particuliers. En effet, les applications nomades et le commerce \u00e9lectronique se sont \u00e9tendus sur des plateformes et supports multiples tels que les smartphones, les tablettes et les nouvelles g\u00e9n\u00e9rations d\u2019objets connect\u00e9s.<\/p>\n\n\n\n<p>Face \u00e0 ces changements rapides et aux attentes des consommateurs, les entreprises doivent adapter leur strat\u00e9gie de communication et de distribution pour aller directement \u00e0 leur rencontre. Elles doivent aussi envisager des solutions mobiles souples, intuitives et \u00e9volutives pour \u00eatre incontournables, comp\u00e9titives et agiles dans ce nouvel \u00e9cosyst\u00e8me num\u00e9rique en mouvement permanent. Ces solutions se concr\u00e9tisent par exemple via des projets digitaux B2C, B2B ou B2E (Business to Employee) pour le e-Commerce, ou encore des applications en Webservices.<\/p>\n\n\n\n<p>De plus cette transformation num\u00e9rique complexe n\u00e9cessite la mise en commun d\u2019expertises m\u00e9tiers multiples et pointues. Ces expertises concernent \u00e0 la fois les aspects technologiques et ergonomiques des solutions ainsi que les syst\u00e8mes d\u2019information et les infrastructures IT.<\/p>\n\n\n\n<p>Pour s\u2019adapter \u00e0 la demande de ces entreprises du secteur, l\u2019offre de <strong>TEKJOB<\/strong>&nbsp;se d\u00e9compose selon les axes suivants :<\/p>\n\n\n\n<p>1. Support &amp; production<br>2. Ma\u00eetrise d\u2019\u0153uvre<br>3. Pilotage &amp; gestion de projet<\/p>\n\n\n\n<div class=\"wp-block-buttons is-layout-flex wp-block-buttons-is-layout-flex\">\n<div class=\"wp-block-button\"><a class=\"wp-block-button__link wp-element-button\">Nous rencontrer<\/a><\/div>\n<\/div>\n<\/div>\n<\/div>\n\n\n\n<div style=\"height:calc( 0.25 * var(--wp--style--root--padding-right, var(--wp--custom--gap--horizontal)))\" aria-hidden=\"true\" class=\"wp-block-spacer\"><\/div>\n<\/div><\/div>\n\n\n\n<p><\/p>\n\n\n","protected":false},"excerpt":{"rendered":"<p>Multim\u00e9dia \/ Num\u00e9rique&nbsp; Le Multim\u00e9dia&nbsp;et&nbsp;le Num\u00e9rique, en \u00e9volution permanente et port\u00e9s par l\u2019arriv\u00e9e de nouvelles technologies, ont rendu mobile l\u2019acc\u00e8s [&hellip;]<\/p>\n","protected":false},"author":1,"featured_media":0,"parent":0,"menu_order":0,"comment_status":"closed","ping_status":"closed","template":"","meta":{"saved_in_kubio":true,"_regular_price":[],"currency_symbol":[],"_surecart_dashboard_logo_width":"180px","_surecart_dashboard_show_logo":true,"_surecart_dashboard_navigation_orders":true,"_surecart_dashboard_navigation_invoices":true,"_surecart_dashboard_navigation_subscriptions":true,"_surecart_dashboard_navigation_downloads":true,"_surecart_dashboard_navigation_billing":true,"_surecart_dashboard_navigation_account":true,"_monsterinsights_skip_tracking":false,"_monsterinsights_sitenote_active":false,"_monsterinsights_sitenote_note":"","_monsterinsights_sitenote_category":0,"_uf_show_specific_survey":0,"_uf_disable_surveys":false,"_themeisle_gutenberg_block_has_review":false,"footnotes":""},"class_list":["post-27948","page","type-page","status-publish","hentry"],"post_slider_layout_featured_media_urls":{"thumbnail":"","post_slider_layout_landscape_large":"","post_slider_layout_portrait_large":"","post_slider_layout_square_large":"","post_slider_layout_landscape":"","post_slider_layout_portrait":"","post_slider_layout_square":"","full":""},"kubio_ai_page_context":{"short_desc":"","purpose":"general"},"jetpack_sharing_enabled":true,"_links":{"self":[{"href":"https:\/\/tekjob.fr\/en\/wp-json\/wp\/v2\/pages\/27948","targetHints":{"allow":["GET"]}}],"collection":[{"href":"https:\/\/tekjob.fr\/en\/wp-json\/wp\/v2\/pages"}],"about":[{"href":"https:\/\/tekjob.fr\/en\/wp-json\/wp\/v2\/types\/page"}],"author":[{"embeddable":true,"href":"https:\/\/tekjob.fr\/en\/wp-json\/wp\/v2\/users\/1"}],"replies":[{"embeddable":true,"href":"https:\/\/tekjob.fr\/en\/wp-json\/wp\/v2\/comments?post=27948"}],"version-history":[{"count":4,"href":"https:\/\/tekjob.fr\/en\/wp-json\/wp\/v2\/pages\/27948\/revisions"}],"predecessor-version":[{"id":28683,"href":"https:\/\/tekjob.fr\/en\/wp-json\/wp\/v2\/pages\/27948\/revisions\/28683"}],"wp:attachment":[{"href":"https:\/\/tekjob.fr\/en\/wp-json\/wp\/v2\/media?parent=27948"}],"curies":[{"name":"wp","href":"https:\/\/api.w.org\/{rel}","templated":true}]}}