{"id":27946,"date":"2026-02-15T14:23:36","date_gmt":"2026-02-15T14:23:36","guid":{"rendered":"https:\/\/tekjob.fr\/?page_id=27946"},"modified":"2026-05-12T15:37:01","modified_gmt":"2026-05-12T15:37:01","slug":"tekjob-mobility","status":"publish","type":"page","link":"https:\/\/tekjob.fr\/en\/tekjob-mobility\/","title":{"rendered":"TEKJOB Mobiliy"},"content":{"rendered":"\n\n\n\n\n<div id=\"wp-block-themeisle-blocks-slider-9f0c0664\" class=\"wp-block-themeisle-blocks-slider glide\" data-per-view=\"1\" data-gap=\"0\" data-peek=\"0\" data-autoplay=\"true\" data-height=\"400px\" data-hide-arrows=\"false\"><div class=\"glide__track\" data-glide-el=\"track\"><div class=\"glide__slides\"><div class=\"wp-block-themeisle-blocks-slider-item-wrapper glide__slide\" tabindex=\"0\"><figure><img data-opt-id=489855695  fetchpriority=\"high\" decoding=\"async\" class=\"wp-block-themeisle-blocks-slider-item\" src=\"https:\/\/mlris4gadtgv.i.optimole.com\/cb:wDTm.403\/w:auto\/h:auto\/q:mauto\/f:best\/https:\/\/tekjob.fr\/wp-content\/uploads\/2026\/02\/Vehicule-alpine.jpg\" alt=\"alpine a110r\" title=\"alpine a110r\" data-id=\"28429\"\/><figcaption>Vehicule<\/figcaption><\/figure><\/div><div class=\"wp-block-themeisle-blocks-slider-item-wrapper glide__slide\" tabindex=\"0\"><figure><img data-opt-id=1203594611  fetchpriority=\"high\" decoding=\"async\" class=\"wp-block-themeisle-blocks-slider-item\" src=\"https:\/\/mlris4gadtgv.i.optimole.com\/cb:wDTm.403\/w:auto\/h:auto\/q:mauto\/f:best\/https:\/\/tekjob.fr\/wp-content\/uploads\/2026\/02\/Avion-scaled.jpg\" alt=\"avion\" title=\"avion\" data-id=\"28483\"\/><figcaption>Avion<\/figcaption><\/figure><\/div><div class=\"wp-block-themeisle-blocks-slider-item-wrapper glide__slide\" tabindex=\"0\"><figure><img data-opt-id=185503176  data-opt-src=\"https:\/\/mlris4gadtgv.i.optimole.com\/cb:wDTm.403\/w:auto\/h:auto\/q:mauto\/f:best\/https:\/\/tekjob.fr\/wp-content\/uploads\/2026\/02\/train-05.jpg\"  decoding=\"async\" class=\"wp-block-themeisle-blocks-slider-item\" src=\"data:image/svg+xml,%3Csvg%20viewBox%3D%220%200%20100%%20100%%22%20width%3D%22100%%22%20height%3D%22100%%22%20xmlns%3D%22http%3A%2F%2Fwww.w3.org%2F2000%2Fsvg%22%3E%3Crect%20width%3D%22100%%22%20height%3D%22100%%22%20fill%3D%22transparent%22%2F%3E%3C%2Fsvg%3E\" alt=\"train 05\" title=\"train 05\" data-id=\"28316\"\/><figcaption>Train <\/figcaption><\/figure><\/div><div class=\"wp-block-themeisle-blocks-slider-item-wrapper glide__slide\" tabindex=\"0\"><figure><img data-opt-id=293217923  data-opt-src=\"https:\/\/mlris4gadtgv.i.optimole.com\/cb:wDTm.403\/w:auto\/h:auto\/q:mauto\/f:best\/https:\/\/tekjob.fr\/wp-content\/uploads\/2026\/05\/Alpine-A390.png\"  decoding=\"async\" class=\"wp-block-themeisle-blocks-slider-item\" src=\"data:image/svg+xml,%3Csvg%20viewBox%3D%220%200%20100%%20100%%22%20width%3D%22100%%22%20height%3D%22100%%22%20xmlns%3D%22http%3A%2F%2Fwww.w3.org%2F2000%2Fsvg%22%3E%3Crect%20width%3D%22100%%22%20height%3D%22100%%22%20fill%3D%22transparent%22%2F%3E%3C%2Fsvg%3E\" alt=\"alpine a390\" title=\"alpine a390\" data-id=\"30530\"\/><figcaption>Vehicule<\/figcaption><\/figure><\/div><div class=\"wp-block-themeisle-blocks-slider-item-wrapper glide__slide\" tabindex=\"0\"><figure><img data-opt-id=1783080357  data-opt-src=\"https:\/\/mlris4gadtgv.i.optimole.com\/cb:wDTm.403\/w:auto\/h:auto\/q:mauto\/f:best\/https:\/\/tekjob.fr\/wp-content\/uploads\/2026\/02\/Aero-TEKJOB.png\"  decoding=\"async\" class=\"wp-block-themeisle-blocks-slider-item\" src=\"data:image/svg+xml,%3Csvg%20viewBox%3D%220%200%20100%%20100%%22%20width%3D%22100%%22%20height%3D%22100%%22%20xmlns%3D%22http%3A%2F%2Fwww.w3.org%2F2000%2Fsvg%22%3E%3Crect%20width%3D%22100%%22%20height%3D%22100%%22%20fill%3D%22transparent%22%2F%3E%3C%2Fsvg%3E\" alt=\"aero tekjob\" title=\"aero tekjob\" data-id=\"28717\"\/><figcaption>Aeronautique tekjob<\/figcaption><\/figure><\/div><div class=\"wp-block-themeisle-blocks-slider-item-wrapper glide__slide\" tabindex=\"0\"><figure><img data-opt-id=122098745  data-opt-src=\"https:\/\/mlris4gadtgv.i.optimole.com\/cb:wDTm.403\/w:auto\/h:auto\/q:mauto\/f:best\/https:\/\/tekjob.fr\/wp-content\/uploads\/2026\/02\/manutention_handling_image__029730500_1057_11052015-1.jpg\"  decoding=\"async\" class=\"wp-block-themeisle-blocks-slider-item\" src=\"data:image/svg+xml,%3Csvg%20viewBox%3D%220%200%20100%%20100%%22%20width%3D%22100%%22%20height%3D%22100%%22%20xmlns%3D%22http%3A%2F%2Fwww.w3.org%2F2000%2Fsvg%22%3E%3Crect%20width%3D%22100%%22%20height%3D%22100%%22%20fill%3D%22transparent%22%2F%3E%3C%2Fsvg%3E\" alt=\"manutention handling image 029730500 1057 11052015\" title=\"manutention handling image 029730500 1057 11052015\" data-id=\"28620\"\/><figcaption>manutention handling <\/figcaption><\/figure><\/div><div class=\"wp-block-themeisle-blocks-slider-item-wrapper glide__slide\" tabindex=\"0\"><figure><img data-opt-id=344933868  data-opt-src=\"https:\/\/mlris4gadtgv.i.optimole.com\/cb:wDTm.403\/w:auto\/h:auto\/q:mauto\/f:best\/https:\/\/tekjob.fr\/wp-content\/uploads\/2026\/02\/drone_safety-detection.jpg\"  decoding=\"async\" class=\"wp-block-themeisle-blocks-slider-item\" src=\"data:image/svg+xml,%3Csvg%20viewBox%3D%220%200%20100%%20100%%22%20width%3D%22100%%22%20height%3D%22100%%22%20xmlns%3D%22http%3A%2F%2Fwww.w3.org%2F2000%2Fsvg%22%3E%3Crect%20width%3D%22100%%22%20height%3D%22100%%22%20fill%3D%22transparent%22%2F%3E%3C%2Fsvg%3E\" alt=\"drone safety &amp; detection\" title=\"drone safety &amp; detection\" data-id=\"28643\"\/><figcaption>Drone<\/figcaption><\/figure><\/div><\/div><div class=\"glide__bullets\" data-glide-el=\"controls[nav]\"><button class=\"glide__bullet\" data-glide-dir=\"=0\"><\/button><button class=\"glide__bullet\" data-glide-dir=\"=1\"><\/button><button class=\"glide__bullet\" data-glide-dir=\"=2\"><\/button><button class=\"glide__bullet\" data-glide-dir=\"=3\"><\/button><button class=\"glide__bullet\" data-glide-dir=\"=4\"><\/button><button class=\"glide__bullet\" data-glide-dir=\"=5\"><\/button><button class=\"glide__bullet\" data-glide-dir=\"=6\"><\/button><\/div><\/div><\/div>\n\n\n\n<div class=\"wp-block-group alignfull is-content-justification-center\" style=\"margin-top:0;margin-bottom:0;padding-top:calc( 0.5 * var(--wp--style--root--padding-right, var(--wp--custom--gap--horizontal)));padding-right:var(--wp--style--root--padding-right, var(--wp--custom--gap--horizontal));padding-bottom:calc( 0.5 * var(--wp--style--root--padding-right, var(--wp--custom--gap--horizontal)));padding-left:var(--wp--style--root--padding-left, var(--wp--custom--gap--horizontal))\"><div class=\"wp-block-group__inner-container is-layout-constrained wp-container-core-group-is-layout-df757ecc wp-block-group-is-layout-constrained\">\n<div class=\"wp-block-columns alignwide are-vertically-aligned-center is-layout-flex wp-container-core-columns-is-layout-7fc3d43a wp-block-columns-is-layout-flex\">\n<div class=\"wp-block-column is-vertically-aligned-center is-layout-flow wp-block-column-is-layout-flow\">\n<h2 class=\"wp-block-heading alignwide\"><strong>TEKJOB Mobilit<\/strong>y<\/h2>\n\n\n\n<p>Pour accompagner les acteurs de ce secteur dans leur d\u00e9marche d\u2019innovation et d\u2019optimisation sur leurs projets, en France et \u00e0 l\u2019International, l\u2019offre de <strong>TEKJOB Mobility<\/strong>&nbsp;se d\u00e9compose selon les axes suivants :<\/p>\n\n\n\n<p><strong>La mobilit\u00e9<\/strong> <strong>transport<\/strong>, qu\u2019elle soit <strong>a\u00e9rienne, ferroviaire, routiere ou navale<\/strong> et pour r\u00e9pondre aux besoins croissants de la circulation des hommes et des marchandises, doivent innover et optimiser en permanence. Ils doivent aussi respecter des nouvelles contraintes, en particulier environnementales et sociales.<\/p>\n\n\n\n<p>Cette situation conduit \u00e0 de multiples enjeux: d\u2019une part, l\u2019exigence de s\u00e9curit\u00e9 des passagers, la fiabilit\u00e9 des mat\u00e9riels et des syst\u00e8mes ainsi que leur p\u00e9rennit\u00e9, la ma\u00eetrise des co\u00fbts et la comp\u00e9titivit\u00e9 et d\u2019autre part, la r\u00e9duction de la consommation d\u2019\u00e9nergie et des nuisances sonores, pour un transport durable.<\/p>\n\n\n\n<p>Pour d\u00e9velopper les infrastructures comme pour concevoir les \u00e9quipements, les industriels s\u2019appuient sur un savoir-faire pointu. Il s\u2019applique notamment dans les domaines de la m\u00e9canique, de l\u2019\u00e9lectronique et du logiciel. Les \u00e9tapes d\u2019industrialisation et de production font appel notamment \u00e0 des comp\u00e9tences en m\u00e9thodes ou en support.<\/p>\n\n\n\n<p>Pour accompagner les acteurs de ce secteur dans leur d\u00e9marche d\u2019innovation et d\u2019optimisation sur leurs projets, en France et \u00e0 l\u2019International, l\u2019offre de <strong>TEKJOB Mobility<\/strong>&nbsp;se d\u00e9compose selon les axes suivants :<\/p>\n\n\n\n<ul class=\"wp-block-list\">\n<li>M\u00e9thodes<\/li>\n\n\n\n<li>Etudes &amp; Ing\u00e9nierie<\/li>\n\n\n\n<li>Bureau d\u2019\u00e9tude<\/li>\n\n\n\n<li>Support aux projets<\/li>\n<\/ul>\n\n\n\n<div class=\"wp-block-buttons is-layout-flex wp-block-buttons-is-layout-flex\">\n<div class=\"wp-block-button\"><a class=\"wp-block-button__link wp-element-button\" href=\"https:\/\/form.jotform.com\/220845801227351\">Nous rencontrer<\/a><\/div>\n<\/div>\n<\/div>\n<\/div>\n<\/div><\/div>\n\n\n\n\n\n\n\n\n","protected":false},"excerpt":{"rendered":"<p>TEKJOB Mobility Pour accompagner les acteurs de ce secteur dans leur d\u00e9marche d\u2019innovation et d\u2019optimisation sur leurs projets, en France [&hellip;]<\/p>\n","protected":false},"author":1,"featured_media":0,"parent":0,"menu_order":0,"comment_status":"closed","ping_status":"closed","template":"","meta":{"saved_in_kubio":true,"_regular_price":[],"currency_symbol":[],"_monsterinsights_skip_tracking":false,"_monsterinsights_sitenote_active":false,"_monsterinsights_sitenote_note":"","_monsterinsights_sitenote_category":0,"_uf_show_specific_survey":0,"_uf_disable_surveys":false,"_themeisle_gutenberg_block_has_review":false,"footnotes":""},"class_list":["post-27946","page","type-page","status-publish","hentry"],"post_slider_layout_featured_media_urls":{"thumbnail":"","post_slider_layout_landscape_large":"","post_slider_layout_portrait_large":"","post_slider_layout_square_large":"","post_slider_layout_landscape":"","post_slider_layout_portrait":"","post_slider_layout_square":"","full":""},"kubio_ai_page_context":{"short_desc":"","purpose":"general"},"jetpack_sharing_enabled":true,"_links":{"self":[{"href":"https:\/\/tekjob.fr\/en\/wp-json\/wp\/v2\/pages\/27946","targetHints":{"allow":["GET"]}}],"collection":[{"href":"https:\/\/tekjob.fr\/en\/wp-json\/wp\/v2\/pages"}],"about":[{"href":"https:\/\/tekjob.fr\/en\/wp-json\/wp\/v2\/types\/page"}],"author":[{"embeddable":true,"href":"https:\/\/tekjob.fr\/en\/wp-json\/wp\/v2\/users\/1"}],"replies":[{"embeddable":true,"href":"https:\/\/tekjob.fr\/en\/wp-json\/wp\/v2\/comments?post=27946"}],"version-history":[{"count":46,"href":"https:\/\/tekjob.fr\/en\/wp-json\/wp\/v2\/pages\/27946\/revisions"}],"predecessor-version":[{"id":30545,"href":"https:\/\/tekjob.fr\/en\/wp-json\/wp\/v2\/pages\/27946\/revisions\/30545"}],"wp:attachment":[{"href":"https:\/\/tekjob.fr\/en\/wp-json\/wp\/v2\/media?parent=27946"}],"curies":[{"name":"wp","href":"https:\/\/api.w.org\/{rel}","templated":true}]}}