{"id":27938,"date":"2026-02-15T14:23:47","date_gmt":"2026-02-15T14:23:47","guid":{"rendered":"https:\/\/tekjob.fr\/?page_id=27938"},"modified":"2026-05-08T23:35:17","modified_gmt":"2026-05-08T23:35:17","slug":"tekjob-eng-digital","status":"publish","type":"page","link":"https:\/\/tekjob.fr\/en\/tekjob-eng-digital\/","title":{"rendered":"TEKJOB Eng &#038; Digital"},"content":{"rendered":"\n<p><\/p>\n\n\n\n\n\n\n\n\n\n<div id=\"wp-block-themeisle-blocks-slider-9f0c0664\" class=\"wp-block-themeisle-blocks-slider glide\" data-per-view=\"1\" data-gap=\"0\" data-peek=\"0\" data-autoplay=\"true\" data-height=\"400px\" data-hide-arrows=\"false\"><div class=\"glide__track\" data-glide-el=\"track\"><div class=\"glide__slides\"><div class=\"wp-block-themeisle-blocks-slider-item-wrapper glide__slide\" tabindex=\"0\"><figure><img data-opt-id=884296167  fetchpriority=\"high\" decoding=\"async\" class=\"wp-block-themeisle-blocks-slider-item\" src=\"https:\/\/mlris4gadtgv.i.optimole.com\/cb:wDTm.403\/w:auto\/h:auto\/q:mauto\/f:best\/https:\/\/tekjob.fr\/wp-content\/uploads\/2026\/02\/medical_et_pharmaceutique.png\" alt=\"medical et pharmaceutique\" title=\"medical et pharmaceutique\" data-id=\"28608\"\/><figcaption> pharmaceutique<\/figcaption><\/figure><\/div><div class=\"wp-block-themeisle-blocks-slider-item-wrapper glide__slide\" tabindex=\"0\"><figure><img data-opt-id=786477767  fetchpriority=\"high\" decoding=\"async\" class=\"wp-block-themeisle-blocks-slider-item\" src=\"https:\/\/mlris4gadtgv.i.optimole.com\/cb:wDTm.403\/w:auto\/h:auto\/q:mauto\/f:best\/https:\/\/tekjob.fr\/wp-content\/uploads\/2026\/02\/Medical-device01.jpeg\" alt=\"medical device01\" title=\"medical device01\" data-id=\"28341\"\/><figcaption>Medical Device<\/figcaption><\/figure><\/div><div class=\"wp-block-themeisle-blocks-slider-item-wrapper glide__slide\" tabindex=\"0\"><figure><img data-opt-id=1244484994  data-opt-src=\"https:\/\/mlris4gadtgv.i.optimole.com\/cb:wDTm.403\/w:auto\/h:auto\/q:mauto\/f:best\/https:\/\/tekjob.fr\/wp-content\/uploads\/2026\/02\/Pharma-Healthcare-industry_1024x547.jpg\"  decoding=\"async\" class=\"wp-block-themeisle-blocks-slider-item\" src=\"data:image/svg+xml,%3Csvg%20viewBox%3D%220%200%20100%%20100%%22%20width%3D%22100%%22%20height%3D%22100%%22%20xmlns%3D%22http%3A%2F%2Fwww.w3.org%2F2000%2Fsvg%22%3E%3Crect%20width%3D%22100%%22%20height%3D%22100%%22%20fill%3D%22transparent%22%2F%3E%3C%2Fsvg%3E\" alt=\"pharma healthcare industry 1024x547\" title=\"pharma healthcare industry 1024x547\" data-id=\"28183\"\/><figcaption>Pharmacetique<\/figcaption><\/figure><\/div><div class=\"wp-block-themeisle-blocks-slider-item-wrapper glide__slide\" tabindex=\"0\"><figure><img data-opt-id=1203594611  data-opt-src=\"https:\/\/mlris4gadtgv.i.optimole.com\/cb:wDTm.403\/w:auto\/h:auto\/q:mauto\/f:best\/https:\/\/tekjob.fr\/wp-content\/uploads\/2026\/02\/Avion-scaled.jpg\"  decoding=\"async\" class=\"wp-block-themeisle-blocks-slider-item\" src=\"data:image/svg+xml,%3Csvg%20viewBox%3D%220%200%20100%%20100%%22%20width%3D%22100%%22%20height%3D%22100%%22%20xmlns%3D%22http%3A%2F%2Fwww.w3.org%2F2000%2Fsvg%22%3E%3Crect%20width%3D%22100%%22%20height%3D%22100%%22%20fill%3D%22transparent%22%2F%3E%3C%2Fsvg%3E\" alt=\"avion\" title=\"avion\" data-id=\"28483\"\/><figcaption>Avion<\/figcaption><\/figure><\/div><div class=\"wp-block-themeisle-blocks-slider-item-wrapper glide__slide\" tabindex=\"0\"><figure><img data-opt-id=489855695  data-opt-src=\"https:\/\/mlris4gadtgv.i.optimole.com\/cb:wDTm.403\/w:auto\/h:auto\/q:mauto\/f:best\/https:\/\/tekjob.fr\/wp-content\/uploads\/2026\/02\/Vehicule-alpine.jpg\"  decoding=\"async\" class=\"wp-block-themeisle-blocks-slider-item\" src=\"data:image/svg+xml,%3Csvg%20viewBox%3D%220%200%20100%%20100%%22%20width%3D%22100%%22%20height%3D%22100%%22%20xmlns%3D%22http%3A%2F%2Fwww.w3.org%2F2000%2Fsvg%22%3E%3Crect%20width%3D%22100%%22%20height%3D%22100%%22%20fill%3D%22transparent%22%2F%3E%3C%2Fsvg%3E\" alt=\"alpine a110r\" title=\"alpine a110r\" data-id=\"28429\"\/><figcaption>Vehicule<\/figcaption><\/figure><\/div><div class=\"wp-block-themeisle-blocks-slider-item-wrapper glide__slide\" tabindex=\"0\"><figure><img data-opt-id=185503176  data-opt-src=\"https:\/\/mlris4gadtgv.i.optimole.com\/cb:wDTm.403\/w:auto\/h:auto\/q:mauto\/f:best\/https:\/\/tekjob.fr\/wp-content\/uploads\/2026\/02\/train-05.jpg\"  decoding=\"async\" class=\"wp-block-themeisle-blocks-slider-item\" src=\"data:image/svg+xml,%3Csvg%20viewBox%3D%220%200%20100%%20100%%22%20width%3D%22100%%22%20height%3D%22100%%22%20xmlns%3D%22http%3A%2F%2Fwww.w3.org%2F2000%2Fsvg%22%3E%3Crect%20width%3D%22100%%22%20height%3D%22100%%22%20fill%3D%22transparent%22%2F%3E%3C%2Fsvg%3E\" alt=\"train 05\" title=\"train 05\" data-id=\"28316\"\/><figcaption>Train <\/figcaption><\/figure><\/div><div class=\"wp-block-themeisle-blocks-slider-item-wrapper glide__slide\" tabindex=\"0\"><figure><img data-opt-id=904432978  data-opt-src=\"https:\/\/mlris4gadtgv.i.optimole.com\/cb:wDTm.403\/w:auto\/h:auto\/q:mauto\/f:best\/https:\/\/tekjob.fr\/wp-content\/uploads\/2026\/02\/energie_renouvelable_2-1.png\"  decoding=\"async\" class=\"wp-block-themeisle-blocks-slider-item\" src=\"data:image/svg+xml,%3Csvg%20viewBox%3D%220%200%20100%%20100%%22%20width%3D%22100%%22%20height%3D%22100%%22%20xmlns%3D%22http%3A%2F%2Fwww.w3.org%2F2000%2Fsvg%22%3E%3Crect%20width%3D%22100%%22%20height%3D%22100%%22%20fill%3D%22transparent%22%2F%3E%3C%2Fsvg%3E\" alt=\"energie renouvelable 2\" title=\"energie renouvelable 2\" data-id=\"28619\"\/><figcaption>energie renouvelable<\/figcaption><\/figure><\/div><\/div><div class=\"glide__bullets\" data-glide-el=\"controls[nav]\"><button class=\"glide__bullet\" data-glide-dir=\"=0\"><\/button><button class=\"glide__bullet\" data-glide-dir=\"=1\"><\/button><button class=\"glide__bullet\" data-glide-dir=\"=2\"><\/button><button class=\"glide__bullet\" data-glide-dir=\"=3\"><\/button><button class=\"glide__bullet\" data-glide-dir=\"=4\"><\/button><button class=\"glide__bullet\" data-glide-dir=\"=5\"><\/button><button class=\"glide__bullet\" data-glide-dir=\"=6\"><\/button><\/div><\/div><\/div>\n\n\n\n<div class=\"wp-block-group alignfull is-content-justification-center\" style=\"margin-top:0;margin-bottom:0;padding-top:calc( 0.5 * var(--wp--style--root--padding-right, var(--wp--custom--gap--horizontal)));padding-right:var(--wp--style--root--padding-right, var(--wp--custom--gap--horizontal));padding-bottom:calc( 0.5 * var(--wp--style--root--padding-right, var(--wp--custom--gap--horizontal)));padding-left:var(--wp--style--root--padding-left, var(--wp--custom--gap--horizontal))\"><div class=\"wp-block-group__inner-container is-layout-constrained wp-container-core-group-is-layout-df757ecc wp-block-group-is-layout-constrained\">\n<div class=\"wp-block-columns alignwide are-vertically-aligned-center is-layout-flex wp-container-core-columns-is-layout-7fc3d43a wp-block-columns-is-layout-flex\">\n<div class=\"wp-block-column is-vertically-aligned-center is-layout-flow wp-block-column-is-layout-flow\">\n<h2 class=\"wp-block-heading alignwide\"><strong>TEKJOB Eng &amp; Digital<\/strong><\/h2>\n\n\n\n<p><strong><strong><strong>La Smart Industrie <\/strong><\/strong><\/strong>&nbsp;recouvre la transformation physique ou bien chimique de mat\u00e9riaux, de substances ou de composants en nouveaux produits. Dans ce secteur changeant et tr\u00e8s concurrentiel, les fabricants doivent faire face \u00e0 de multiples contraintes : <strong>l\u2019acc\u00e9l\u00e9ration du progr\u00e8s technique avec des conceptions plus complexes<\/strong> et des <strong>cycles de vie de produits plus courts<\/strong>, <strong>la fragmentation des processus de production<\/strong>, le prix des mati\u00e8res premi\u00e8res, l\u2019internationalisation de la production et des march\u00e9s, <strong>une d\u00e9gradation de la rentabilit\u00e9 et une contraction des march\u00e9s du cr\u00e9dit.<\/strong><\/p>\n\n\n\n<p><strong><strong>TEKJOB Eng &amp; Digital<\/strong> accompagne la Smart Industrie au del\u00e0 de &#8220;l\u2019 Ing\u00e9nierie et du Digital&#8221;<\/strong>. Nous acc\u00e9l\u00e9rons cette transformation vers plus de connectivit\u00e9, d\u2019efficacit\u00e9 et de sobri\u00e9t\u00e9 ! <strong>Nous mobilisons nos expertises au service de la s\u00fbret\u00e9, de la qualit\u00e9, de la performance et du respect des co\u00fbts et des d\u00e9lais.<\/strong><\/p>\n\n\n\n<ul class=\"wp-block-list\">\n<li><strong>Conception de syst\u00e8me complet ou sous syst\u00e8me m\u00e9canique.<\/strong><\/li>\n<\/ul>\n\n\n\n<ul class=\"wp-block-list\">\n<li><strong>Des syst\u00e8mes connect\u00e9s au service de l&#8217;innovation et de la performance<\/strong><\/li>\n<\/ul>\n\n\n\n<p>Ce sont des outils puissants qui permettent aux entreprises de relever des d\u00e9fis toujours plus complexes, tout en garantissant des performances optimales.<\/p>\n\n\n\n<p><strong>Notre expertise<\/strong><\/p>\n\n\n\n<ol class=\"wp-block-list\">\n<li>Dans ce contexte, les solutions connect\u00e9es sont devenues indispensables dans une multitude de situations op\u00e9rationnelles. Elles permettent, entre autres :<\/li>\n\n\n\n<li>La surveillance en temps r\u00e9el des syst\u00e8mes critiques, garantissant ainsi un pilotage proactif et r\u00e9actif des risques.<\/li>\n\n\n\n<li>La supervision et le pilotage \u00e0 distance des \u00e9quipements, offrant une flexibilit\u00e9 accrue tout en r\u00e9duisant les co\u00fbts et les risques associ\u00e9s aux interventions physiques.<\/li>\n\n\n\n<li>L\u2019interop\u00e9rabilit\u00e9 entre objets connect\u00e9s, applications et le cloud permettant une gestion fluide et coh\u00e9rente de l\u2019ensemble des donn\u00e9es et processus, quel que soit le nombre ou la diversit\u00e9 des composants impliqu\u00e9s.<\/li>\n\n\n\n<li>La d\u00e9tection d\u2019anomalies et la remont\u00e9e d\u2019alertes intelligentes, pour anticiper les d\u00e9faillances et optimiser les prises de d\u00e9cision en temps r\u00e9el.<\/li>\n\n\n\n<li>Le traitement local des datas sensibles via l&#8217;Edge Computing, afin de renforcer la s\u00e9curit\u00e9 et de r\u00e9duire la d\u00e9pendance aux centres de donn\u00e9es centralis\u00e9s.<\/li>\n<\/ol>\n\n\n\n<p>Pour accompagner les acteurs de ce secteur dans leur d\u00e9marche d\u2019innovation et d\u2019optimisation de leurs process, l\u2019offre de <strong><strong>TEKJOB Eng &amp; Digital<\/strong><\/strong>&nbsp;se d\u00e9compose selon les axes suivants :<\/p>\n\n\n\n<ul class=\"wp-block-list\">\n<li>Etudes &amp; Ing\u00e9nierie<\/li>\n\n\n\n<li>Support aux projets<\/li>\n\n\n\n<li>Bureau d\u2019\u00e9tudes<\/li>\n<\/ul>\n\n\n\n<div class=\"wp-block-buttons is-layout-flex wp-block-buttons-is-layout-flex\">\n<div class=\"wp-block-button\"><a class=\"wp-block-button__link wp-element-button\" href=\"https:\/\/form.jotform.com\/220845801227351\">Nous rencontrer<\/a><\/div>\n<\/div>\n<\/div>\n<\/div>\n<\/div><\/div>\n\n\n\n\n\n\n\n\n","protected":false},"excerpt":{"rendered":"<p>TEKJOB Eng &amp; Digital La Smart Industrie &nbsp;recouvre la transformation physique ou bien chimique de mat\u00e9riaux, de substances ou de [&hellip;]<\/p>\n","protected":false},"author":1,"featured_media":0,"parent":0,"menu_order":0,"comment_status":"closed","ping_status":"closed","template":"","meta":{"saved_in_kubio":true,"_regular_price":[],"currency_symbol":[],"_monsterinsights_skip_tracking":false,"_monsterinsights_sitenote_active":false,"_monsterinsights_sitenote_note":"","_monsterinsights_sitenote_category":0,"_uf_show_specific_survey":0,"_uf_disable_surveys":false,"_themeisle_gutenberg_block_has_review":false,"footnotes":""},"class_list":["post-27938","page","type-page","status-publish","hentry"],"post_slider_layout_featured_media_urls":{"thumbnail":"","post_slider_layout_landscape_large":"","post_slider_layout_portrait_large":"","post_slider_layout_square_large":"","post_slider_layout_landscape":"","post_slider_layout_portrait":"","post_slider_layout_square":"","full":""},"kubio_ai_page_context":{"short_desc":"","purpose":"general"},"jetpack_sharing_enabled":true,"_links":{"self":[{"href":"https:\/\/tekjob.fr\/en\/wp-json\/wp\/v2\/pages\/27938","targetHints":{"allow":["GET"]}}],"collection":[{"href":"https:\/\/tekjob.fr\/en\/wp-json\/wp\/v2\/pages"}],"about":[{"href":"https:\/\/tekjob.fr\/en\/wp-json\/wp\/v2\/types\/page"}],"author":[{"embeddable":true,"href":"https:\/\/tekjob.fr\/en\/wp-json\/wp\/v2\/users\/1"}],"replies":[{"embeddable":true,"href":"https:\/\/tekjob.fr\/en\/wp-json\/wp\/v2\/comments?post=27938"}],"version-history":[{"count":77,"href":"https:\/\/tekjob.fr\/en\/wp-json\/wp\/v2\/pages\/27938\/revisions"}],"predecessor-version":[{"id":30523,"href":"https:\/\/tekjob.fr\/en\/wp-json\/wp\/v2\/pages\/27938\/revisions\/30523"}],"wp:attachment":[{"href":"https:\/\/tekjob.fr\/en\/wp-json\/wp\/v2\/media?parent=27938"}],"curies":[{"name":"wp","href":"https:\/\/api.w.org\/{rel}","templated":true}]}}