{"id":27935,"date":"2026-02-19T22:30:02","date_gmt":"2026-02-19T22:30:02","guid":{"rendered":"https:\/\/tekjob.fr\/?page_id=27935"},"modified":"2026-02-22T16:37:39","modified_gmt":"2026-02-22T16:37:39","slug":"finance","status":"publish","type":"page","link":"https:\/\/tekjob.fr\/en\/finance\/","title":{"rendered":"Finance"},"content":{"rendered":"<p><\/p>\n\n\n\n<div class=\"wp-block-group alignfull is-content-justification-center\" style=\"margin-top:0;margin-bottom:0;padding-top:calc( 0.5 * var(--wp--style--root--padding-right, var(--wp--custom--gap--horizontal)));padding-right:var(--wp--style--root--padding-right, var(--wp--custom--gap--horizontal));padding-bottom:calc( 0.5 * var(--wp--style--root--padding-right, var(--wp--custom--gap--horizontal)));padding-left:var(--wp--style--root--padding-left, var(--wp--custom--gap--horizontal))\"><div class=\"wp-block-group__inner-container is-layout-constrained wp-container-core-group-is-layout-df757ecc wp-block-group-is-layout-constrained\">\n<div style=\"height:calc( 0.25 * var(--wp--style--root--padding-right, var(--wp--custom--gap--horizontal)))\" aria-hidden=\"true\" class=\"wp-block-spacer\"><\/div>\n\n\n\n<div class=\"wp-block-columns alignwide are-vertically-aligned-center is-layout-flex wp-container-core-columns-is-layout-7fc3d43a wp-block-columns-is-layout-flex\">\n<div class=\"wp-block-column is-vertically-aligned-center is-layout-flow wp-block-column-is-layout-flow\">\n<figure class=\"wp-block-image size-full\"><img data-opt-id=1053487210  fetchpriority=\"high\" decoding=\"async\" width=\"700\" height=\"427\" src=\"https:\/\/mlris4gadtgv.i.optimole.com\/w:auto\/h:auto\/q:mauto\/f:best\/https:\/\/tekjob.fr\/wp-content\/uploads\/2026\/01\/Digital-Banking.jpg\" alt=\"digital banking\" class=\"wp-image-27847\" style=\"aspect-ratio:1;object-fit:cover\" title=\"Finance\" srcset=\"https:\/\/mlris4gadtgv.i.optimole.com\/w:700\/h:427\/q:mauto\/f:best\/https:\/\/tekjob.fr\/wp-content\/uploads\/2026\/01\/Digital-Banking.jpg 700w, https:\/\/mlris4gadtgv.i.optimole.com\/w:300\/h:183\/q:mauto\/f:best\/https:\/\/tekjob.fr\/wp-content\/uploads\/2026\/01\/Digital-Banking.jpg 300w, https:\/\/mlris4gadtgv.i.optimole.com\/w:18\/h:12\/q:mauto\/f:best\/dpr:2\/https:\/\/tekjob.fr\/wp-content\/uploads\/2026\/01\/Digital-Banking.jpg 18w, https:\/\/mlris4gadtgv.i.optimole.com\/w:600\/h:366\/q:mauto\/f:best\/https:\/\/tekjob.fr\/wp-content\/uploads\/2026\/01\/Digital-Banking.jpg 600w\" sizes=\"(max-width: 700px) 100vw, 700px\" \/><\/figure>\n<\/div>\n\n\n\n<div class=\"wp-block-column is-vertically-aligned-center is-layout-flow wp-block-column-is-layout-flow\">\n<h2 class=\"wp-block-heading alignwide\"><strong>Finance \/ Tertiary<\/strong><\/h2>\n\n\n\n<p><strong>Les Banques<\/strong>&nbsp;and&nbsp;<strong>les Services financiers<\/strong>&nbsp;sont des acteurs majeurs des \u00e9conomies contemporaines. Partenaires habituels des entreprises et des particuliers, intervenants quotidiens sur le march\u00e9 des capitaux, ils sont constamment confront\u00e9s \u00e0 la prise de d\u00e9cision en avenir risqu\u00e9, face \u00e0 des enjeux strat\u00e9giques. Ils doivent en parall\u00e8le faire face \u00e0 diff\u00e9rentes crises majeures dans un environnement \u00e9conomique mondial extr\u00eamement incertain.<\/p>\n\n\n\n<p>Cela n\u00e9cessite la mise en place d\u2019outils sp\u00e9cifiques d\u2019analyse et de gestion, de ma\u00eetrise des risques mais \u00e9galement la d\u00e9finition d\u2019indicateurs fiables et op\u00e9rationnels.<\/p>\n\n\n\n<p>Ils doivent enfin, dans un contexte de mondialisation exigeant, mettre en \u0153uvre de nouvelles r\u00e9glementations nationales, europ\u00e9ennes et internationales, et rationaliser leurs back-office.<\/p>\n\n\n\n<p>Pour accompagner ces mutations technologiques, <strong>TEKJOB<\/strong>&nbsp;intervient plus pr\u00e9cis\u00e9ment sur les domaines de la Banque de d\u00e9tail, de la Banque d\u2019affaires, des directions financi\u00e8res de groupe mais aussi de l\u2019assurance.<\/p>\n\n\n\n<p>Nos comp\u00e9tences sont autant techniques que fonctionnelles et adapt\u00e9es \u00e0 chaque contexte au travers de solutions sur mesure.<br>Notre offre se d\u00e9compose selon les axes suivants :<\/p>\n\n\n\n<p>1. Organisation et optimisation de processus<br>2. Conseil en Strat\u00e9gie<br>3. PMO et pilotage de projet<br>4. Assistance \u00e0 maitrise d\u2019ouvrage AMOA Syst\u00e8mes<br>5. D\u00e9veloppement de logiciels<\/p>\n\n\n\n<div class=\"wp-block-buttons is-layout-flex wp-block-buttons-is-layout-flex\">\n<div class=\"wp-block-button\"><a class=\"wp-block-button__link wp-element-button\">Meet us<\/a><\/div>\n<\/div>\n<\/div>\n<\/div>\n\n\n\n<div style=\"height:calc( 0.25 * var(--wp--style--root--padding-right, var(--wp--custom--gap--horizontal)))\" aria-hidden=\"true\" class=\"wp-block-spacer\"><\/div>\n<\/div><\/div>\n\n\n\n<div class=\"wp-block-group alignfull is-content-justification-center\" style=\"margin-top:0;margin-bottom:0;padding-top:calc( 0.5 * var(--wp--style--root--padding-right, var(--wp--custom--gap--horizontal)));padding-right:var(--wp--style--root--padding-right, var(--wp--custom--gap--horizontal));padding-bottom:calc( 0.5 * var(--wp--style--root--padding-right, var(--wp--custom--gap--horizontal)));padding-left:var(--wp--style--root--padding-left, var(--wp--custom--gap--horizontal))\"><div class=\"wp-block-group__inner-container is-layout-constrained wp-container-core-group-is-layout-df757ecc wp-block-group-is-layout-constrained\">\n<div style=\"height:calc( 0.25 * var(--wp--style--root--padding-right, var(--wp--custom--gap--horizontal)))\" aria-hidden=\"true\" class=\"wp-block-spacer\"><\/div>\n\n\n\n<div class=\"wp-block-columns alignwide is-layout-flex wp-container-core-columns-is-layout-7fc3d43a wp-block-columns-is-layout-flex\">\n<div class=\"wp-block-column is-layout-flow wp-block-column-is-layout-flow\"><\/div>\n\n\n\n<div class=\"wp-block-column is-layout-flow wp-block-column-is-layout-flow\"><\/div>\n<\/div>\n\n\n\n<div style=\"height:calc( 0.25 * var(--wp--style--root--padding-right, var(--wp--custom--gap--horizontal)))\" aria-hidden=\"true\" class=\"wp-block-spacer\"><\/div>\n<\/div><\/div>","protected":false},"excerpt":{"rendered":"<p>Finance \/ Tertiaire Les Banques&nbsp;et&nbsp;les Services financiers&nbsp;sont des acteurs majeurs des \u00e9conomies contemporaines. Partenaires habituels des entreprises et des particuliers, [&hellip;]<\/p>\n","protected":false},"author":1,"featured_media":0,"parent":0,"menu_order":0,"comment_status":"closed","ping_status":"closed","template":"","meta":{"saved_in_kubio":false,"_regular_price":[],"currency_symbol":[],"_surecart_dashboard_logo_width":"180px","_surecart_dashboard_show_logo":true,"_surecart_dashboard_navigation_orders":true,"_surecart_dashboard_navigation_invoices":true,"_surecart_dashboard_navigation_subscriptions":true,"_surecart_dashboard_navigation_downloads":true,"_surecart_dashboard_navigation_billing":true,"_surecart_dashboard_navigation_account":true,"_monsterinsights_skip_tracking":false,"_monsterinsights_sitenote_active":false,"_monsterinsights_sitenote_note":"","_monsterinsights_sitenote_category":0,"_uf_show_specific_survey":0,"_uf_disable_surveys":false,"_themeisle_gutenberg_block_has_review":false,"footnotes":""},"class_list":["post-27935","page","type-page","status-publish","hentry"],"post_slider_layout_featured_media_urls":{"thumbnail":"","post_slider_layout_landscape_large":"","post_slider_layout_portrait_large":"","post_slider_layout_square_large":"","post_slider_layout_landscape":"","post_slider_layout_portrait":"","post_slider_layout_square":"","full":""},"kubio_ai_page_context":{"short_desc":"","purpose":"general"},"jetpack_sharing_enabled":true,"_links":{"self":[{"href":"https:\/\/tekjob.fr\/en\/wp-json\/wp\/v2\/pages\/27935","targetHints":{"allow":["GET"]}}],"collection":[{"href":"https:\/\/tekjob.fr\/en\/wp-json\/wp\/v2\/pages"}],"about":[{"href":"https:\/\/tekjob.fr\/en\/wp-json\/wp\/v2\/types\/page"}],"author":[{"embeddable":true,"href":"https:\/\/tekjob.fr\/en\/wp-json\/wp\/v2\/users\/1"}],"replies":[{"embeddable":true,"href":"https:\/\/tekjob.fr\/en\/wp-json\/wp\/v2\/comments?post=27935"}],"version-history":[{"count":5,"href":"https:\/\/tekjob.fr\/en\/wp-json\/wp\/v2\/pages\/27935\/revisions"}],"predecessor-version":[{"id":27945,"href":"https:\/\/tekjob.fr\/en\/wp-json\/wp\/v2\/pages\/27935\/revisions\/27945"}],"wp:attachment":[{"href":"https:\/\/tekjob.fr\/en\/wp-json\/wp\/v2\/media?parent=27935"}],"curies":[{"name":"wp","href":"https:\/\/api.w.org\/{rel}","templated":true}]}}