{"id":27911,"date":"2026-02-01T12:34:21","date_gmt":"2026-02-01T12:34:21","guid":{"rendered":"https:\/\/tekjob.fr\/?page_id=27911"},"modified":"2026-02-24T21:52:11","modified_gmt":"2026-02-24T21:52:11","slug":"tekjob-energy","status":"publish","type":"page","link":"https:\/\/tekjob.fr\/en\/tekjob-energy\/","title":{"rendered":"TEKJOB Energy"},"content":{"rendered":"\n\n\n\n\n<div class=\"wp-block-cover alignfull is-light\" style=\"min-height:100vh;aspect-ratio:unset;\"><span aria-hidden=\"true\" class=\"wp-block-cover__background has-background-dim-100 has-background-dim\" style=\"background-color:#ffffff\"><\/span><div class=\"wp-block-cover__inner-container is-layout-flow wp-block-cover-is-layout-flow\">\n<div id=\"wp-block-themeisle-blocks-slider-4edf66dd\" class=\"wp-block-themeisle-blocks-slider glide\" data-per-view=\"1\" data-gap=\"0\" data-peek=\"0\" data-autoplay=\"true\" data-height=\"400px\" data-hide-arrows=\"false\"><div class=\"glide__track\" data-glide-el=\"track\"><div class=\"glide__slides\"><div class=\"wp-block-themeisle-blocks-slider-item-wrapper glide__slide\" tabindex=\"0\"><figure><img data-opt-id=1715403584  fetchpriority=\"high\" decoding=\"async\" class=\"wp-block-themeisle-blocks-slider-item\" src=\"https:\/\/mlris4gadtgv.i.optimole.com\/w:auto\/h:auto\/q:mauto\/f:best\/https:\/\/tekjob.fr\/wp-content\/uploads\/2026\/02\/energie_renouvelable.png\" alt=\"Energie renouvelable\" title=\"Energie renouvelable\" data-id=\"28545\"\/><figcaption>Energie renouvelable<\/figcaption><\/figure><\/div><div class=\"wp-block-themeisle-blocks-slider-item-wrapper glide__slide\" tabindex=\"0\"><figure><img data-opt-id=1801350022  fetchpriority=\"high\" decoding=\"async\" class=\"wp-block-themeisle-blocks-slider-item\" src=\"https:\/\/mlris4gadtgv.i.optimole.com\/w:auto\/h:auto\/q:mauto\/f:best\/https:\/\/tekjob.fr\/wp-content\/uploads\/2026\/02\/energie_renouvelable_2.png\" alt=\"energie renouvelable 2\" title=\"energie renouvelable 2\" data-id=\"28543\"\/><figcaption>Energie renouvelable<\/figcaption><\/figure><\/div><div class=\"wp-block-themeisle-blocks-slider-item-wrapper glide__slide\" tabindex=\"0\"><figure><img data-opt-id=1898778013  data-opt-src=\"https:\/\/mlris4gadtgv.i.optimole.com\/w:auto\/h:auto\/q:mauto\/f:best\/https:\/\/tekjob.fr\/wp-content\/uploads\/2026\/02\/energie_renouvelable_3-1.png\"  decoding=\"async\" class=\"wp-block-themeisle-blocks-slider-item\" src=\"data:image/svg+xml,%3Csvg%20viewBox%3D%220%200%20100%%20100%%22%20width%3D%22100%%22%20height%3D%22100%%22%20xmlns%3D%22http%3A%2F%2Fwww.w3.org%2F2000%2Fsvg%22%3E%3Crect%20width%3D%22100%%22%20height%3D%22100%%22%20fill%3D%22transparent%22%2F%3E%3C%2Fsvg%3E\" alt=\"energie renouvelable 3 (1)\" title=\"energie renouvelable 3 (1)\" data-id=\"28542\"\/><figcaption>Energie renouvelable<\/figcaption><\/figure><\/div><div class=\"wp-block-themeisle-blocks-slider-item-wrapper glide__slide\" tabindex=\"0\"><figure><img data-opt-id=286863687  data-opt-src=\"https:\/\/mlris4gadtgv.i.optimole.com\/w:auto\/h:auto\/q:mauto\/f:best\/https:\/\/tekjob.fr\/wp-content\/uploads\/2026\/02\/nuclaire.jpg\"  decoding=\"async\" class=\"wp-block-themeisle-blocks-slider-item\" src=\"data:image/svg+xml,%3Csvg%20viewBox%3D%220%200%20100%%20100%%22%20width%3D%22100%%22%20height%3D%22100%%22%20xmlns%3D%22http%3A%2F%2Fwww.w3.org%2F2000%2Fsvg%22%3E%3Crect%20width%3D%22100%%22%20height%3D%22100%%22%20fill%3D%22transparent%22%2F%3E%3C%2Fsvg%3E\" alt=\"nuclaire\" title=\"nuclaire\" data-id=\"28544\"\/><figcaption>nuclaire<\/figcaption><\/figure><\/div><div class=\"wp-block-themeisle-blocks-slider-item-wrapper glide__slide\" tabindex=\"0\"><figure><img data-opt-id=116559779  data-opt-src=\"https:\/\/mlris4gadtgv.i.optimole.com\/w:auto\/h:auto\/q:mauto\/f:best\/https:\/\/tekjob.fr\/wp-content\/uploads\/2026\/02\/Energie-solaire-1.jpg\"  decoding=\"async\" class=\"wp-block-themeisle-blocks-slider-item\" src=\"data:image/svg+xml,%3Csvg%20viewBox%3D%220%200%20100%%20100%%22%20width%3D%22100%%22%20height%3D%22100%%22%20xmlns%3D%22http%3A%2F%2Fwww.w3.org%2F2000%2Fsvg%22%3E%3Crect%20width%3D%22100%%22%20height%3D%22100%%22%20fill%3D%22transparent%22%2F%3E%3C%2Fsvg%3E\" alt=\"Energie solaire\" title=\"Energie solaire\" data-id=\"28728\"\/><figcaption>Energie solaire<\/figcaption><\/figure><\/div><div class=\"wp-block-themeisle-blocks-slider-item-wrapper glide__slide\" tabindex=\"0\"><figure><img data-opt-id=63703138  data-opt-src=\"https:\/\/mlris4gadtgv.i.optimole.com\/w:auto\/h:auto\/q:mauto\/f:best\/https:\/\/tekjob.fr\/wp-content\/uploads\/2026\/02\/Oil-Gaz.jpg\"  decoding=\"async\" class=\"wp-block-themeisle-blocks-slider-item\" src=\"data:image/svg+xml,%3Csvg%20viewBox%3D%220%200%20100%%20100%%22%20width%3D%22100%%22%20height%3D%22100%%22%20xmlns%3D%22http%3A%2F%2Fwww.w3.org%2F2000%2Fsvg%22%3E%3Crect%20width%3D%22100%%22%20height%3D%22100%%22%20fill%3D%22transparent%22%2F%3E%3C%2Fsvg%3E\" alt=\"oil gaz\" title=\"oil gaz\" data-id=\"28960\"\/><\/figure><\/div><div class=\"wp-block-themeisle-blocks-slider-item-wrapper glide__slide\" tabindex=\"0\"><figure><img data-opt-id=2110832116  data-opt-src=\"https:\/\/mlris4gadtgv.i.optimole.com\/w:auto\/h:auto\/q:mauto\/f:best\/https:\/\/tekjob.fr\/wp-content\/uploads\/2026\/02\/Installation-generale_Tekjob.jpg\"  decoding=\"async\" class=\"wp-block-themeisle-blocks-slider-item\" src=\"data:image/svg+xml,%3Csvg%20viewBox%3D%220%200%20100%%20100%%22%20width%3D%22100%%22%20height%3D%22100%%22%20xmlns%3D%22http%3A%2F%2Fwww.w3.org%2F2000%2Fsvg%22%3E%3Crect%20width%3D%22100%%22%20height%3D%22100%%22%20fill%3D%22transparent%22%2F%3E%3C%2Fsvg%3E\" alt=\"installation generale tekjob\" title=\"installation generale tekjob\" data-id=\"28715\"\/><figcaption>Installation generale tekjob<\/figcaption><\/figure><\/div><div class=\"wp-block-themeisle-blocks-slider-item-wrapper glide__slide\" tabindex=\"0\"><figure><img data-opt-id=1318616610  data-opt-src=\"https:\/\/mlris4gadtgv.i.optimole.com\/w:auto\/h:auto\/q:mauto\/f:best\/https:\/\/tekjob.fr\/wp-content\/uploads\/2026\/02\/Turbocompresseur_Tekjob.jpg\"  decoding=\"async\" class=\"wp-block-themeisle-blocks-slider-item\" src=\"data:image/svg+xml,%3Csvg%20viewBox%3D%220%200%20100%%20100%%22%20width%3D%22100%%22%20height%3D%22100%%22%20xmlns%3D%22http%3A%2F%2Fwww.w3.org%2F2000%2Fsvg%22%3E%3Crect%20width%3D%22100%%22%20height%3D%22100%%22%20fill%3D%22transparent%22%2F%3E%3C%2Fsvg%3E\" alt=\"turbocompresseur tekjob\" title=\"turbocompresseur tekjob\" data-id=\"28706\"\/><figcaption>Turbocompresseur tekjob<\/figcaption><\/figure><\/div><div class=\"wp-block-themeisle-blocks-slider-item-wrapper glide__slide\" tabindex=\"0\"><figure><img data-opt-id=547010702  data-opt-src=\"https:\/\/mlris4gadtgv.i.optimole.com\/w:auto\/h:auto\/q:mauto\/f:best\/https:\/\/tekjob.fr\/wp-content\/uploads\/2026\/02\/Systeme-de-refroidissement-moteur_Tekjob.jpg\"  decoding=\"async\" class=\"wp-block-themeisle-blocks-slider-item\" src=\"data:image/svg+xml,%3Csvg%20viewBox%3D%220%200%20100%%20100%%22%20width%3D%22100%%22%20height%3D%22100%%22%20xmlns%3D%22http%3A%2F%2Fwww.w3.org%2F2000%2Fsvg%22%3E%3Crect%20width%3D%22100%%22%20height%3D%22100%%22%20fill%3D%22transparent%22%2F%3E%3C%2Fsvg%3E\" alt=\"systeme de refroidissement moteur tekjob\" title=\"systeme de refroidissement moteur tekjob\" data-id=\"28705\"\/><figcaption>Armoire electrique tekjob<\/figcaption><\/figure><\/div><div class=\"wp-block-themeisle-blocks-slider-item-wrapper glide__slide\" tabindex=\"0\"><figure><img data-opt-id=1090520618  data-opt-src=\"https:\/\/mlris4gadtgv.i.optimole.com\/w:auto\/h:auto\/q:mauto\/f:best\/https:\/\/tekjob.fr\/wp-content\/uploads\/2026\/02\/Systeme-d-Admission-Air_Tekjob.jpg\"  decoding=\"async\" class=\"wp-block-themeisle-blocks-slider-item\" src=\"data:image/svg+xml,%3Csvg%20viewBox%3D%220%200%20100%%20100%%22%20width%3D%22100%%22%20height%3D%22100%%22%20xmlns%3D%22http%3A%2F%2Fwww.w3.org%2F2000%2Fsvg%22%3E%3Crect%20width%3D%22100%%22%20height%3D%22100%%22%20fill%3D%22transparent%22%2F%3E%3C%2Fsvg%3E\" alt=\"systeme d admission air tekjob\" title=\"systeme d admission air tekjob\" data-id=\"28703\"\/><figcaption>Systeme d admission air tekjob<\/figcaption><\/figure><\/div><div class=\"wp-block-themeisle-blocks-slider-item-wrapper glide__slide\" tabindex=\"0\"><figure><img data-opt-id=942697741  data-opt-src=\"https:\/\/mlris4gadtgv.i.optimole.com\/w:auto\/h:auto\/q:mauto\/f:best\/https:\/\/tekjob.fr\/wp-content\/uploads\/2026\/02\/Turbomachine_Turbines_Tekjob.jpg\"  decoding=\"async\" class=\"wp-block-themeisle-blocks-slider-item\" src=\"data:image/svg+xml,%3Csvg%20viewBox%3D%220%200%20100%%20100%%22%20width%3D%22100%%22%20height%3D%22100%%22%20xmlns%3D%22http%3A%2F%2Fwww.w3.org%2F2000%2Fsvg%22%3E%3Crect%20width%3D%22100%%22%20height%3D%22100%%22%20fill%3D%22transparent%22%2F%3E%3C%2Fsvg%3E\" alt=\"turbomachine turbines tekjob\" title=\"turbomachine turbines tekjob\" data-id=\"28698\"\/><figcaption>Turbomachine turbines tekjob<\/figcaption><\/figure><\/div><div class=\"wp-block-themeisle-blocks-slider-item-wrapper glide__slide\" tabindex=\"0\"><figure><img data-opt-id=1663538633  data-opt-src=\"https:\/\/mlris4gadtgv.i.optimole.com\/w:auto\/h:auto\/q:mauto\/f:best\/https:\/\/tekjob.fr\/wp-content\/uploads\/2026\/02\/hydraulique_hydraulics_v1__078207700_1808_28052015.jpg\"  decoding=\"async\" class=\"wp-block-themeisle-blocks-slider-item\" src=\"data:image/svg+xml,%3Csvg%20viewBox%3D%220%200%20100%%20100%%22%20width%3D%22100%%22%20height%3D%22100%%22%20xmlns%3D%22http%3A%2F%2Fwww.w3.org%2F2000%2Fsvg%22%3E%3Crect%20width%3D%22100%%22%20height%3D%22100%%22%20fill%3D%22transparent%22%2F%3E%3C%2Fsvg%3E\" alt=\"hydraulique hydraulics v1 078207700 1808 28052015\" title=\"hydraulique hydraulics v1 078207700 1808 28052015\" data-id=\"28632\"\/><figcaption>Hydraulique <\/figcaption><\/figure><\/div><div class=\"wp-block-themeisle-blocks-slider-item-wrapper glide__slide\" tabindex=\"0\"><figure><img data-opt-id=1320287176  data-opt-src=\"https:\/\/mlris4gadtgv.i.optimole.com\/w:auto\/h:auto\/q:mauto\/f:best\/https:\/\/tekjob.fr\/wp-content\/uploads\/2026\/02\/e-mobilite.jpg\"  decoding=\"async\" class=\"wp-block-themeisle-blocks-slider-item\" src=\"data:image/svg+xml,%3Csvg%20viewBox%3D%220%200%20100%%20100%%22%20width%3D%22100%%22%20height%3D%22100%%22%20xmlns%3D%22http%3A%2F%2Fwww.w3.org%2F2000%2Fsvg%22%3E%3Crect%20width%3D%22100%%22%20height%3D%22100%%22%20fill%3D%22transparent%22%2F%3E%3C%2Fsvg%3E\" alt=\"e mobilite\" title=\"e mobilite\" data-id=\"28607\"\/><figcaption>e mobilite<\/figcaption><\/figure><\/div><div class=\"wp-block-themeisle-blocks-slider-item-wrapper glide__slide\" tabindex=\"0\"><figure><img data-opt-id=1663156854  data-opt-src=\"https:\/\/mlris4gadtgv.i.optimole.com\/w:auto\/h:auto\/q:mauto\/f:best\/https:\/\/tekjob.fr\/wp-content\/uploads\/2026\/02\/robinetterie-industrielle-industrial-valves.png\"  decoding=\"async\" class=\"wp-block-themeisle-blocks-slider-item\" src=\"data:image/svg+xml,%3Csvg%20viewBox%3D%220%200%20100%%20100%%22%20width%3D%22100%%22%20height%3D%22100%%22%20xmlns%3D%22http%3A%2F%2Fwww.w3.org%2F2000%2Fsvg%22%3E%3Crect%20width%3D%22100%%22%20height%3D%22100%%22%20fill%3D%22transparent%22%2F%3E%3C%2Fsvg%3E\" alt=\"robinetterie industrielle industrial valves\" title=\"robinetterie industrielle industrial valves\" data-id=\"28605\"\/><figcaption>robinetterie <\/figcaption><\/figure><\/div><\/div><div class=\"glide__bullets\" data-glide-el=\"controls[nav]\"><button class=\"glide__bullet\" data-glide-dir=\"=0\"><\/button><button class=\"glide__bullet\" data-glide-dir=\"=1\"><\/button><button class=\"glide__bullet\" data-glide-dir=\"=2\"><\/button><button class=\"glide__bullet\" data-glide-dir=\"=3\"><\/button><button class=\"glide__bullet\" data-glide-dir=\"=4\"><\/button><button class=\"glide__bullet\" data-glide-dir=\"=5\"><\/button><button class=\"glide__bullet\" data-glide-dir=\"=6\"><\/button><button class=\"glide__bullet\" data-glide-dir=\"=7\"><\/button><button class=\"glide__bullet\" data-glide-dir=\"=8\"><\/button><button class=\"glide__bullet\" data-glide-dir=\"=9\"><\/button><button class=\"glide__bullet\" data-glide-dir=\"=10\"><\/button><button class=\"glide__bullet\" data-glide-dir=\"=11\"><\/button><button class=\"glide__bullet\" data-glide-dir=\"=12\"><\/button><button class=\"glide__bullet\" data-glide-dir=\"=13\"><\/button><\/div><\/div><\/div>\n<\/div><\/div>\n\n\n\n<h2 class=\"wp-block-heading\"><strong>TEKJOB Energy<\/strong><\/h2>\n\n\n\n<p><strong>TEKJOB Energy<\/strong> intervient sur l\u2019ensemble des phases d\u2019un projet  Performance Energetique depuis la phase de conception jusqu\u2019\u00e0 la r\u00e9alisation.. Organis\u00e9 en&nbsp;<strong>4 grands domaines de comp\u00e9tences<\/strong>, <strong><strong>TEKJOB Energy<\/strong> <\/strong> intervient sur toutes les phases d\u2019un projet ENR. Nous accompagnons <strong>les donneurs d\u2019ordres, exploitants, MOA, EPCistes, ing\u00e9nierie, MOE, bureaux d\u2019\u00e9tudes et sous-traitants \u00e0 mener \u00e0 bien leurs projets<\/strong>.<\/p>\n\n\n\n<p><strong>Etudes et Ing\u00e9nierie<\/strong><\/p>\n\n\n\n<ol class=\"wp-block-list\">\n<li>Basic Engineering \/ Etudes de d\u00e9tail : process, \u00e9lectricit\u00e9, m\u00e9canique, g\u00e9nie civil, instrumentation, tuyauterie\u2026<\/li>\n\n\n\n<li>Etudes R&amp;D et mod\u00e9lisation : conception, CFD, calcul\u2026<\/li>\n\n\n\n<li>R\u00e9daction de sp\u00e9cifications et de data sheets<\/li>\n\n\n\n<li>Etudes de risques : QRA, rapport de risques, mod\u00e9lisation de sc\u00e9narios accidents, \u00e9tudes d\u2019impacts, \u2026&nbsp;<\/li>\n\n\n\n<li>Inspection technique des mat\u00e9riaux et \u00e9quipements<\/li>\n<\/ol>\n\n\n\n<p><strong>Gestion de projet<\/strong><\/p>\n\n\n\n<ol class=\"wp-block-list\">\n<li>Gestion de Projet<\/li>\n\n\n\n<li>Cost Control Estimation<\/li>\n\n\n\n<li>Planning (Macro, Micro, outils P6 MSP\u2026)<\/li>\n\n\n\n<li>Contract Management\/Gestion de Claims<\/li>\n\n\n\n<li>Management QHSE (Certifications MASE, OHSAS, ISO\u2026)<\/li>\n<\/ol>\n\n\n\n<p><strong>Supply Chain Management<\/strong><\/p>\n\n\n\n<ol class=\"wp-block-list\">\n<li>Achats<\/li>\n\n\n\n<li>Sourcing de fournisseurs et gestion des Appels d\u2019Offres<\/li>\n\n\n\n<li>Gestion et n\u00e9gociation de contrats (r\u00e9daction, sp\u00e9cificit\u00e9s contractuelles \u00e9trang\u00e8res, couverture des risques\u2026)<\/li>\n\n\n\n<li>Validation technique des propositions Expediting<\/li>\n\n\n\n<li>Relance fournisseurs<\/li>\n\n\n\n<li>Inspection technique des \u00e9quipements chez les fournisseurs<\/li>\n\n\n\n<li>Gestion de la cha\u00eene logistique \/ transport industriel<\/li>\n<\/ol>\n\n\n\n<p><strong>Travaux et Mise en service<\/strong><\/p>\n\n\n\n<ol class=\"wp-block-list\">\n<li>Gestion de march\u00e9s de travaux<\/li>\n\n\n\n<li>Conduite \/ Supervision \/ Installation sur site Pre-commissioning (R\u00e9daction et d\u00e9veloppement de m\u00e9thodologies, pr\u00e9paration des proc\u00e9dures\u2026)<\/li>\n\n\n\n<li>Commissioning (Ex\u00e9cution, Raccordement r\u00e9seaux, D\u00e9veloppement \/ Gestion \/ Administration des syst\u00e8mes de management associ\u00e9s, R\u00e9daction de manuels op\u00e9ratoires\u2026)<\/li>\n\n\n\n<li>Test et validation des \u00e9quipements<\/li>\n\n\n\n<li>Supervision QHSE chantier\/site (audit terrain, actions correctives, fiches d\u2019inspection\u2026)<\/li>\n<\/ol>\n\n\n\n<p><\/p>\n\n\n\n<p><\/p>\n\n\n\n<div class=\"wp-block-buttons is-layout-flex wp-block-buttons-is-layout-flex\">\n<div class=\"wp-block-button\"><a class=\"wp-block-button__link wp-element-button\">Nous rencontrer<\/a><\/div>\n<\/div>\n\n\n\n<p><\/p>\n\n\n\n\n\n\n\n\n","protected":false},"excerpt":{"rendered":"<p>TEKJOB Energy TEKJOB Energy intervient sur l\u2019ensemble des phases d\u2019un projet Performance Energetique depuis la phase de conception jusqu\u2019\u00e0 la [&hellip;]<\/p>\n","protected":false},"author":1,"featured_media":0,"parent":0,"menu_order":0,"comment_status":"closed","ping_status":"closed","template":"","meta":{"saved_in_kubio":true,"_regular_price":[],"currency_symbol":[],"_surecart_dashboard_logo_width":"180px","_surecart_dashboard_show_logo":true,"_surecart_dashboard_navigation_orders":true,"_surecart_dashboard_navigation_invoices":true,"_surecart_dashboard_navigation_subscriptions":true,"_surecart_dashboard_navigation_downloads":true,"_surecart_dashboard_navigation_billing":true,"_surecart_dashboard_navigation_account":true,"_monsterinsights_skip_tracking":false,"_monsterinsights_sitenote_active":false,"_monsterinsights_sitenote_note":"","_monsterinsights_sitenote_category":0,"_uf_show_specific_survey":0,"_uf_disable_surveys":false,"_themeisle_gutenberg_block_has_review":false,"footnotes":""},"class_list":["post-27911","page","type-page","status-publish","hentry"],"post_slider_layout_featured_media_urls":{"thumbnail":"","post_slider_layout_landscape_large":"","post_slider_layout_portrait_large":"","post_slider_layout_square_large":"","post_slider_layout_landscape":"","post_slider_layout_portrait":"","post_slider_layout_square":"","full":""},"kubio_ai_page_context":{"short_desc":"","purpose":"general"},"jetpack_sharing_enabled":true,"_links":{"self":[{"href":"https:\/\/tekjob.fr\/en\/wp-json\/wp\/v2\/pages\/27911","targetHints":{"allow":["GET"]}}],"collection":[{"href":"https:\/\/tekjob.fr\/en\/wp-json\/wp\/v2\/pages"}],"about":[{"href":"https:\/\/tekjob.fr\/en\/wp-json\/wp\/v2\/types\/page"}],"author":[{"embeddable":true,"href":"https:\/\/tekjob.fr\/en\/wp-json\/wp\/v2\/users\/1"}],"replies":[{"embeddable":true,"href":"https:\/\/tekjob.fr\/en\/wp-json\/wp\/v2\/comments?post=27911"}],"version-history":[{"count":33,"href":"https:\/\/tekjob.fr\/en\/wp-json\/wp\/v2\/pages\/27911\/revisions"}],"predecessor-version":[{"id":29137,"href":"https:\/\/tekjob.fr\/en\/wp-json\/wp\/v2\/pages\/27911\/revisions\/29137"}],"wp:attachment":[{"href":"https:\/\/tekjob.fr\/en\/wp-json\/wp\/v2\/media?parent=27911"}],"curies":[{"name":"wp","href":"https:\/\/api.w.org\/{rel}","templated":true}]}}