{"id":27520,"date":"2026-01-19T16:18:26","date_gmt":"2026-01-19T16:18:26","guid":{"rendered":"https:\/\/tekjob.fr\/?page_id=27520"},"modified":"2026-02-22T16:37:53","modified_gmt":"2026-02-22T16:37:53","slug":"distribution","status":"publish","type":"page","link":"https:\/\/tekjob.fr\/en\/distribution\/","title":{"rendered":"Distribution"},"content":{"rendered":"<p><\/p>\n\n\n\n<div class=\"wp-block-group alignfull is-content-justification-center\" style=\"margin-top:0;margin-bottom:0;padding-top:calc( 0.5 * var(--wp--style--root--padding-right, var(--wp--custom--gap--horizontal)));padding-right:var(--wp--style--root--padding-right, var(--wp--custom--gap--horizontal));padding-bottom:calc( 0.5 * var(--wp--style--root--padding-right, var(--wp--custom--gap--horizontal)));padding-left:var(--wp--style--root--padding-left, var(--wp--custom--gap--horizontal))\"><div class=\"wp-block-group__inner-container is-layout-constrained wp-container-core-group-is-layout-df757ecc wp-block-group-is-layout-constrained\">\n<div style=\"height:calc( 0.25 * var(--wp--style--root--padding-right, var(--wp--custom--gap--horizontal)))\" aria-hidden=\"true\" class=\"wp-block-spacer\"><\/div>\n\n\n\n<div class=\"wp-block-columns alignwide are-vertically-aligned-center is-layout-flex wp-container-core-columns-is-layout-7fc3d43a wp-block-columns-is-layout-flex\">\n<div class=\"wp-block-column is-vertically-aligned-center is-layout-flow wp-block-column-is-layout-flow\">\n<figure class=\"wp-block-image size-full\"><img data-opt-id=365102168  fetchpriority=\"high\" decoding=\"async\" width=\"564\" height=\"350\" src=\"https:\/\/mlris4gadtgv.i.optimole.com\/w:auto\/h:auto\/q:mauto\/f:best\/https:\/\/tekjob.fr\/wp-content\/uploads\/2026\/01\/suply-chian1.jpg\" alt=\"suply chian1\" class=\"wp-image-27874\" style=\"aspect-ratio:1;object-fit:cover\" title=\"Distribution\" srcset=\"https:\/\/mlris4gadtgv.i.optimole.com\/w:564\/h:350\/q:mauto\/f:best\/https:\/\/tekjob.fr\/wp-content\/uploads\/2026\/01\/suply-chian1.jpg 564w, https:\/\/mlris4gadtgv.i.optimole.com\/w:300\/h:186\/q:mauto\/f:best\/https:\/\/tekjob.fr\/wp-content\/uploads\/2026\/01\/suply-chian1.jpg 300w, https:\/\/mlris4gadtgv.i.optimole.com\/w:18\/h:12\/q:mauto\/f:best\/dpr:2\/https:\/\/tekjob.fr\/wp-content\/uploads\/2026\/01\/suply-chian1.jpg 18w\" sizes=\"(max-width: 564px) 100vw, 564px\" \/><\/figure>\n\n\n\n<figure class=\"wp-block-image size-full\"><img data-opt-id=993238198  fetchpriority=\"high\" decoding=\"async\" width=\"2560\" height=\"1440\" src=\"https:\/\/mlris4gadtgv.i.optimole.com\/w:auto\/h:auto\/q:mauto\/f:best\/https:\/\/tekjob.fr\/wp-content\/uploads\/2026\/01\/Supply-chain-4.0.jpeg\" alt=\"supply chain 4.0\" class=\"wp-image-27829\" style=\"aspect-ratio:1;object-fit:cover\" title=\"Distribution\" srcset=\"https:\/\/mlris4gadtgv.i.optimole.com\/w:1920\/h:1080\/q:mauto\/f:best\/https:\/\/tekjob.fr\/wp-content\/uploads\/2026\/01\/Supply-chain-4.0.jpeg 2560w, https:\/\/mlris4gadtgv.i.optimole.com\/w:300\/h:169\/q:mauto\/f:best\/https:\/\/tekjob.fr\/wp-content\/uploads\/2026\/01\/Supply-chain-4.0.jpeg 300w, https:\/\/mlris4gadtgv.i.optimole.com\/w:1024\/h:576\/q:mauto\/f:best\/https:\/\/tekjob.fr\/wp-content\/uploads\/2026\/01\/Supply-chain-4.0.jpeg 1024w, https:\/\/mlris4gadtgv.i.optimole.com\/w:768\/h:432\/q:mauto\/f:best\/https:\/\/tekjob.fr\/wp-content\/uploads\/2026\/01\/Supply-chain-4.0.jpeg 768w, https:\/\/mlris4gadtgv.i.optimole.com\/w:1536\/h:864\/q:mauto\/f:best\/https:\/\/tekjob.fr\/wp-content\/uploads\/2026\/01\/Supply-chain-4.0.jpeg 1536w, https:\/\/mlris4gadtgv.i.optimole.com\/w:1920\/h:1080\/q:mauto\/f:best\/https:\/\/tekjob.fr\/wp-content\/uploads\/2026\/01\/Supply-chain-4.0.jpeg 2048w, https:\/\/mlris4gadtgv.i.optimole.com\/w:18\/h:10\/q:mauto\/f:best\/dpr:2\/https:\/\/tekjob.fr\/wp-content\/uploads\/2026\/01\/Supply-chain-4.0.jpeg 18w, https:\/\/mlris4gadtgv.i.optimole.com\/w:1920\/h:1080\/q:mauto\/f:best\/https:\/\/tekjob.fr\/wp-content\/uploads\/2026\/01\/Supply-chain-4.0.jpeg 1920w, https:\/\/mlris4gadtgv.i.optimole.com\/w:600\/h:338\/q:mauto\/f:best\/https:\/\/tekjob.fr\/wp-content\/uploads\/2026\/01\/Supply-chain-4.0.jpeg 600w\" sizes=\"(max-width: 1000px) 100vw, 1000px\" \/><\/figure>\n<\/div>\n\n\n\n<div class=\"wp-block-column is-vertically-aligned-center is-layout-flow wp-block-column-is-layout-flow\">\n<h2 class=\"wp-block-heading alignwide\"><strong>Distribution \/ Retail<\/strong><\/h2>\n\n\n\n<p><strong>Le Commerce<\/strong>&nbsp;and&nbsp;<strong>la Grande Distribution&nbsp;<\/strong>ont \u00e9t\u00e9 fondamentalement et irr\u00e9versiblement boulevers\u00e9s par l\u2019arriv\u00e9e du num\u00e9rique ainsi que les apports des nouvelles technologies qui ont modifi\u00e9 en profondeur le comportement et les modes d\u2019achat des consommateurs. En parall\u00e8le des canaux de vente classiques, le e-Commerce s\u2019est ainsi d\u00e9velopp\u00e9, engendrant de nouvelles pratiques de vente multicanales pour r\u00e9pondre aux attentes de clients de plus en plus exigeants et avertis.<\/p>\n\n\n\n<p>Face \u00e0 ces changements et pour aller directement \u00e0 leur rencontre, les entreprises de ce secteur tr\u00e8s concurrentiel doivent s\u2019adapter en permanence et appr\u00e9hender de multiples enjeux&nbsp;:<\/p>\n\n\n\n<ul class=\"wp-block-list\">\n<li>D\u00e9finir une offre adapt\u00e9e, comp\u00e9titive et diff\u00e9renciante,<\/li>\n\n\n\n<li>Proposer des solutions e-Commerce multicanales et des passerelles (cross-canal) r\u00e9pondant aux besoins de mobilit\u00e9 et d\u2019interactivit\u00e9 du consommateur,<\/li>\n\n\n\n<li>Mettre en \u0153uvre une strat\u00e9gie de proximit\u00e9 et de relation individualis\u00e9e pour capter et retenir son attention (ex&nbsp;: g\u00e9olocalisation pour la disponibilit\u00e9 d\u2019un produit, donn\u00e9es sur le profil client pour l\u2019orienter vers les produits)<\/li>\n\n\n\n<li>Assurer la satisfaction et la fid\u00e9lisation (CRM, livraison, paiement s\u00e9curis\u00e9),<\/li>\n\n\n\n<li>Proposer des services diff\u00e9rentiateurs et une continuit\u00e9 de service,<\/li>\n\n\n\n<li>G\u00e9rer et optimiser la Supply Chain (stocks, transports, \u2026), mise au service du client,<\/li>\n\n\n\n<li>Assurer la tra\u00e7abilit\u00e9 des produits.<\/li>\n<\/ul>\n\n\n\n<p>Cette mutation num\u00e9rique complexe, associ\u00e9e \u00e0 des parts de march\u00e9 croissantes \u00e0 l\u2019international, n\u00e9cessite des synergies globales entre les diff\u00e9rents m\u00e9tiers de l\u2019entreprise et donc des projets transverses englobant les fonctions produit, marketing, commerce, support et IT. Pour accompagner les acteurs de ce secteur dans leurs d\u00e9marches de transformation, l\u2019offre de <strong>TEKJOB<\/strong>&nbsp;can be broken down as follows:<\/p>\n\n\n\n<ul class=\"wp-block-list\">\n<li>Support &amp; production<\/li>\n\n\n\n<li>Ma\u00eetrise d\u2019\u0153uvre<\/li>\n\n\n\n<li>Pilotage &amp;gestion de projet<\/li>\n<\/ul>\n\n\n\n<div class=\"wp-block-buttons is-layout-flex wp-block-buttons-is-layout-flex\">\n<div class=\"wp-block-button\"><a class=\"wp-block-button__link wp-element-button\">Meet us<\/a><\/div>\n<\/div>\n<\/div>\n<\/div>\n\n\n\n<div style=\"height:calc( 0.25 * var(--wp--style--root--padding-right, var(--wp--custom--gap--horizontal)))\" aria-hidden=\"true\" class=\"wp-block-spacer\"><\/div>\n<\/div><\/div>","protected":false},"excerpt":{"rendered":"<p>Distribution \/ Retail Le Commerce&nbsp;et&nbsp;la Grande Distribution&nbsp;ont \u00e9t\u00e9 fondamentalement et irr\u00e9versiblement boulevers\u00e9s par l\u2019arriv\u00e9e du num\u00e9rique ainsi que les apports [&hellip;]<\/p>\n","protected":false},"author":1,"featured_media":0,"parent":0,"menu_order":0,"comment_status":"closed","ping_status":"closed","template":"","meta":{"saved_in_kubio":true,"_regular_price":[],"currency_symbol":[],"_surecart_dashboard_logo_width":"180px","_surecart_dashboard_show_logo":true,"_surecart_dashboard_navigation_orders":true,"_surecart_dashboard_navigation_invoices":true,"_surecart_dashboard_navigation_subscriptions":true,"_surecart_dashboard_navigation_downloads":true,"_surecart_dashboard_navigation_billing":true,"_surecart_dashboard_navigation_account":true,"_monsterinsights_skip_tracking":false,"_monsterinsights_sitenote_active":false,"_monsterinsights_sitenote_note":"","_monsterinsights_sitenote_category":0,"_uf_show_specific_survey":0,"_uf_disable_surveys":false,"_themeisle_gutenberg_block_has_review":false,"footnotes":""},"class_list":["post-27520","page","type-page","status-publish","hentry"],"post_slider_layout_featured_media_urls":{"thumbnail":"","post_slider_layout_landscape_large":"","post_slider_layout_portrait_large":"","post_slider_layout_square_large":"","post_slider_layout_landscape":"","post_slider_layout_portrait":"","post_slider_layout_square":"","full":""},"kubio_ai_page_context":{"short_desc":"","purpose":"general"},"jetpack_sharing_enabled":true,"_links":{"self":[{"href":"https:\/\/tekjob.fr\/en\/wp-json\/wp\/v2\/pages\/27520","targetHints":{"allow":["GET"]}}],"collection":[{"href":"https:\/\/tekjob.fr\/en\/wp-json\/wp\/v2\/pages"}],"about":[{"href":"https:\/\/tekjob.fr\/en\/wp-json\/wp\/v2\/types\/page"}],"author":[{"embeddable":true,"href":"https:\/\/tekjob.fr\/en\/wp-json\/wp\/v2\/users\/1"}],"replies":[{"embeddable":true,"href":"https:\/\/tekjob.fr\/en\/wp-json\/wp\/v2\/comments?post=27520"}],"version-history":[{"count":17,"href":"https:\/\/tekjob.fr\/en\/wp-json\/wp\/v2\/pages\/27520\/revisions"}],"predecessor-version":[{"id":27981,"href":"https:\/\/tekjob.fr\/en\/wp-json\/wp\/v2\/pages\/27520\/revisions\/27981"}],"wp:attachment":[{"href":"https:\/\/tekjob.fr\/en\/wp-json\/wp\/v2\/media?parent=27520"}],"curies":[{"name":"wp","href":"https:\/\/api.w.org\/{rel}","templated":true}]}}